{"id":101,"date":"2020-11-07T10:25:40","date_gmt":"2020-11-07T09:25:40","guid":{"rendered":"https:\/\/pierrekueny.fr\/p\/?page_id=101"},"modified":"2026-03-07T19:43:52","modified_gmt":"2026-03-07T18:43:52","slug":"accueil","status":"publish","type":"page","link":"https:\/\/pierrekueny.fr\/p\/","title":{"rendered":"Accueil"},"content":{"rendered":"\t\t<div data-elementor-type=\"wp-page\" data-elementor-id=\"101\" class=\"elementor elementor-101\" data-elementor-settings=\"{&quot;ha_cmc_init_switcher&quot;:&quot;no&quot;}\">\n\t\t\t\t\t\t<section class=\"elementor-section elementor-top-section elementor-element elementor-element-8666646 elementor-section-boxed elementor-section-height-default elementor-section-height-default\" data-id=\"8666646\" data-element_type=\"section\" data-settings=\"{&quot;_ha_eqh_enable&quot;:false}\">\n\t\t\t\t\t\t<div class=\"elementor-container elementor-column-gap-default\">\n\t\t\t\t\t<div data-ha-element-link=\"{&quot;url&quot;:&quot;https:\\\/\\\/pierrekueny.fr\\\/p\\\/carnet-numerique\\\/&quot;,&quot;is_external&quot;:&quot;&quot;,&quot;nofollow&quot;:&quot;&quot;}\" style=\"cursor: pointer\" class=\"elementor-column elementor-col-25 elementor-top-column elementor-element elementor-element-b1e980a\" data-id=\"b1e980a\" data-element_type=\"column\">\n\t\t\t<div class=\"elementor-widget-wrap elementor-element-populated\">\n\t\t\t\t\t\t<div class=\"elementor-element elementor-element-6f45041 elementor-widget elementor-widget-heading\" data-id=\"6f45041\" data-element_type=\"widget\" data-widget_type=\"heading.default\">\n\t\t\t\t<div class=\"elementor-widget-container\">\n\t\t\t<h2 class=\"elementor-heading-title elementor-size-medium\"><a href=\"https:\/\/pierrekueny.fr\/p\/carnet-numerique\/\">Carnet num\u00e9rique<\/a><\/h2>\t\t<\/div>\n\t\t\t\t<\/div>\n\t\t\t\t<div data-ha-element-link=\"{&quot;url&quot;:&quot;https:\\\/\\\/pierrekueny.fr\\\/p\\\/carnet-numerique\\\/&quot;,&quot;is_external&quot;:&quot;&quot;,&quot;nofollow&quot;:&quot;&quot;}\" style=\"cursor: pointer\" class=\"elementor-element elementor-element-8be7fe8 elementor-widget elementor-widget-image\" data-id=\"8be7fe8\" data-element_type=\"widget\" data-widget_type=\"image.default\">\n\t\t\t\t<div class=\"elementor-widget-container\">\n\t\t\t\t\t\t\t\t\t\t\t\t\t\t<a href=\"https:\/\/pierrekueny.fr\/p\/carnet-numerique\/\">\n\t\t\t\t\t\t\t<img fetchpriority=\"high\" decoding=\"async\" width=\"300\" height=\"182\" src=\"https:\/\/pierrekueny.fr\/p\/wp-content\/uploads\/2020\/11\/B10-1-300x182.jpg\" class=\"attachment-medium size-medium wp-image-187\" alt=\"Palette graphique\" srcset=\"https:\/\/pierrekueny.fr\/p\/wp-content\/uploads\/2020\/11\/B10-1-300x182.jpg 300w, https:\/\/pierrekueny.fr\/p\/wp-content\/uploads\/2020\/11\/B10-1-768x465.jpg 768w, https:\/\/pierrekueny.fr\/p\/wp-content\/uploads\/2020\/11\/B10-1.jpg 1024w\" sizes=\"(max-width: 300px) 100vw, 300px\" \/>\t\t\t\t\t\t\t\t<\/a>\n\t\t\t\t\t\t\t\t\t\t\t\t\t<\/div>\n\t\t\t\t<\/div>\n\t\t\t\t<div class=\"elementor-element elementor-element-b70a020 elementor-widget-divider--view-line elementor-widget elementor-widget-divider\" data-id=\"b70a020\" data-element_type=\"widget\" data-widget_type=\"divider.default\">\n\t\t\t\t<div class=\"elementor-widget-container\">\n\t\t\t\t\t<div class=\"elementor-divider\">\n\t\t\t<span class=\"elementor-divider-separator\">\n\t\t\t\t\t\t<\/span>\n\t\t<\/div>\n\t\t\t\t<\/div>\n\t\t\t\t<\/div>\n\t\t\t\t<div class=\"elementor-element elementor-element-1e81000 elementor-widget elementor-widget-text-editor\" data-id=\"1e81000\" data-element_type=\"widget\" data-widget_type=\"text-editor.default\">\n\t\t\t\t<div class=\"elementor-widget-container\">\n\t\t\t\t\t\t\t<p>Travaux infographiques realis\u00e9s par l&rsquo;utilisation de divers logiciels et de techniques mixtes : dessins sur papier ou peintures scann\u00e9es puis trait\u00e9s avec une palette graphique.<\/p>\t\t\t\t\t\t<\/div>\n\t\t\t\t<\/div>\n\t\t\t\t\t<\/div>\n\t\t<\/div>\n\t\t\t\t<div data-ha-element-link=\"{&quot;url&quot;:&quot;https:\\\/\\\/pierrekueny.fr\\\/p\\\/dessins-et-gravures\\\/&quot;,&quot;is_external&quot;:&quot;&quot;,&quot;nofollow&quot;:&quot;&quot;}\" style=\"cursor: pointer\" class=\"elementor-column elementor-col-25 elementor-top-column elementor-element elementor-element-570f86d\" data-id=\"570f86d\" data-element_type=\"column\">\n\t\t\t<div class=\"elementor-widget-wrap elementor-element-populated\">\n\t\t\t\t\t\t<div class=\"elementor-element elementor-element-b7d4af0 elementor-widget elementor-widget-heading\" data-id=\"b7d4af0\" data-element_type=\"widget\" data-widget_type=\"heading.default\">\n\t\t\t\t<div class=\"elementor-widget-container\">\n\t\t\t<h2 class=\"elementor-heading-title elementor-size-medium\"><a href=\"https:\/\/pierrekueny.fr\/p\/dessins-et-gravures\/\">Dessins et gravures<\/a><\/h2>\t\t<\/div>\n\t\t\t\t<\/div>\n\t\t\t\t<div class=\"elementor-element elementor-element-9a6317e elementor-widget elementor-widget-image\" data-id=\"9a6317e\" data-element_type=\"widget\" data-widget_type=\"image.default\">\n\t\t\t\t<div class=\"elementor-widget-container\">\n\t\t\t\t\t\t\t\t\t\t\t\t\t\t<a href=\"https:\/\/pierrekueny.fr\/p\/dessins-et-gravures\/\">\n\t\t\t\t\t\t\t<img decoding=\"async\" width=\"250\" height=\"300\" src=\"https:\/\/pierrekueny.fr\/p\/wp-content\/uploads\/2020\/11\/sousbois2018-250x300.jpg\" class=\"attachment-medium size-medium wp-image-230\" alt=\"Gravure sur bois, 2018\" srcset=\"https:\/\/pierrekueny.fr\/p\/wp-content\/uploads\/2020\/11\/sousbois2018-250x300.jpg 250w, https:\/\/pierrekueny.fr\/p\/wp-content\/uploads\/2020\/11\/sousbois2018-768x920.jpg 768w, https:\/\/pierrekueny.fr\/p\/wp-content\/uploads\/2020\/11\/sousbois2018.jpg 855w\" sizes=\"(max-width: 250px) 100vw, 250px\" \/>\t\t\t\t\t\t\t\t<\/a>\n\t\t\t\t\t\t\t\t\t\t\t\t\t<\/div>\n\t\t\t\t<\/div>\n\t\t\t\t<div class=\"elementor-element elementor-element-32087ef elementor-widget elementor-widget-text-editor\" data-id=\"32087ef\" data-element_type=\"widget\" data-widget_type=\"text-editor.default\">\n\t\t\t\t<div class=\"elementor-widget-container\">\n\t\t\t\t\t\t\t<p>Dessins, monotypes et gravures.<\/p>\t\t\t\t\t\t<\/div>\n\t\t\t\t<\/div>\n\t\t\t\t\t<\/div>\n\t\t<\/div>\n\t\t\t\t<div data-ha-element-link=\"{&quot;url&quot;:&quot;https:\\\/\\\/pierrekueny.fr\\\/p\\\/3d-et-animations\\\/&quot;,&quot;is_external&quot;:&quot;&quot;,&quot;nofollow&quot;:&quot;&quot;}\" style=\"cursor: pointer\" class=\"elementor-column elementor-col-25 elementor-top-column elementor-element elementor-element-150ddc8\" data-id=\"150ddc8\" data-element_type=\"column\">\n\t\t\t<div class=\"elementor-widget-wrap elementor-element-populated\">\n\t\t\t\t\t\t<div class=\"elementor-element elementor-element-2dc7162 elementor-widget elementor-widget-heading\" data-id=\"2dc7162\" data-element_type=\"widget\" data-widget_type=\"heading.default\">\n\t\t\t\t<div class=\"elementor-widget-container\">\n\t\t\t<h2 class=\"elementor-heading-title elementor-size-medium\"><a href=\"https:\/\/pierrekueny.fr\/p\/peintures\/\">Peintures<\/a><\/h2>\t\t<\/div>\n\t\t\t\t<\/div>\n\t\t\t\t<div class=\"elementor-element elementor-element-4f00405 elementor-widget elementor-widget-image\" data-id=\"4f00405\" data-element_type=\"widget\" data-widget_type=\"image.default\">\n\t\t\t\t<div class=\"elementor-widget-container\">\n\t\t\t\t\t\t\t\t\t\t\t\t\t\t<a href=\"https:\/\/pierrekueny.fr\/p\/peintures\/\">\n\t\t\t\t\t\t\t<img decoding=\"async\" width=\"232\" height=\"300\" src=\"https:\/\/pierrekueny.fr\/p\/wp-content\/uploads\/2022\/09\/BB-VF-3-232x300.jpg\" class=\"attachment-medium size-medium wp-image-2090\" alt=\"\" srcset=\"https:\/\/pierrekueny.fr\/p\/wp-content\/uploads\/2022\/09\/BB-VF-3-232x300.jpg 232w, https:\/\/pierrekueny.fr\/p\/wp-content\/uploads\/2022\/09\/BB-VF-3-768x994.jpg 768w, https:\/\/pierrekueny.fr\/p\/wp-content\/uploads\/2022\/09\/BB-VF-3.jpg 791w\" sizes=\"(max-width: 232px) 100vw, 232px\" \/>\t\t\t\t\t\t\t\t<\/a>\n\t\t\t\t\t\t\t\t\t\t\t\t\t<\/div>\n\t\t\t\t<\/div>\n\t\t\t\t<div class=\"elementor-element elementor-element-ae52322 elementor-widget elementor-widget-text-editor\" data-id=\"ae52322\" data-element_type=\"widget\" data-widget_type=\"text-editor.default\">\n\t\t\t\t<div class=\"elementor-widget-container\">\n\t\t\t\t\t\t\t<p>Quelques travaux !<\/p>\t\t\t\t\t\t<\/div>\n\t\t\t\t<\/div>\n\t\t\t\t\t<\/div>\n\t\t<\/div>\n\t\t\t\t<div data-ha-element-link=\"{&quot;url&quot;:&quot;https:\\\/\\\/pierrekueny.fr\\\/p\\\/3d-et-animations\\\/&quot;,&quot;is_external&quot;:&quot;&quot;,&quot;nofollow&quot;:&quot;&quot;}\" style=\"cursor: pointer\" class=\"elementor-column elementor-col-25 elementor-top-column elementor-element elementor-element-8b5fca3\" data-id=\"8b5fca3\" data-element_type=\"column\">\n\t\t\t<div class=\"elementor-widget-wrap elementor-element-populated\">\n\t\t\t\t\t\t<div class=\"elementor-element elementor-element-c2e6d92 elementor-widget elementor-widget-heading\" data-id=\"c2e6d92\" data-element_type=\"widget\" data-widget_type=\"heading.default\">\n\t\t\t\t<div class=\"elementor-widget-container\">\n\t\t\t<h2 class=\"elementor-heading-title elementor-size-medium\"><a href=\"https:\/\/pierrekueny.fr\/p\/3d-et-animations\/\">3D et animation<\/a><\/h2>\t\t<\/div>\n\t\t\t\t<\/div>\n\t\t\t\t<div class=\"elementor-element elementor-element-9db17fe elementor-widget elementor-widget-image\" data-id=\"9db17fe\" data-element_type=\"widget\" data-widget_type=\"image.default\">\n\t\t\t\t<div class=\"elementor-widget-container\">\n\t\t\t\t\t\t\t\t\t\t\t\t\t\t<a href=\"https:\/\/pierrekueny.fr\/p\/3d-et-animations\/\">\n\t\t\t\t\t\t\t<img loading=\"lazy\" decoding=\"async\" width=\"300\" height=\"240\" src=\"https:\/\/pierrekueny.fr\/p\/wp-content\/uploads\/2020\/11\/1292-300x240.jpg\" class=\"attachment-medium size-medium wp-image-264\" alt=\"\" srcset=\"https:\/\/pierrekueny.fr\/p\/wp-content\/uploads\/2020\/11\/1292-300x240.jpg 300w, https:\/\/pierrekueny.fr\/p\/wp-content\/uploads\/2020\/11\/1292-1024x819.jpg 1024w, https:\/\/pierrekueny.fr\/p\/wp-content\/uploads\/2020\/11\/1292-768x614.jpg 768w, https:\/\/pierrekueny.fr\/p\/wp-content\/uploads\/2020\/11\/1292.jpg 1280w\" sizes=\"(max-width: 300px) 100vw, 300px\" \/>\t\t\t\t\t\t\t\t<\/a>\n\t\t\t\t\t\t\t\t\t\t\t\t\t<\/div>\n\t\t\t\t<\/div>\n\t\t\t\t<div class=\"elementor-element elementor-element-4bfd702 elementor-widget elementor-widget-spacer\" data-id=\"4bfd702\" data-element_type=\"widget\" data-widget_type=\"spacer.default\">\n\t\t\t\t<div class=\"elementor-widget-container\">\n\t\t\t\t\t<div class=\"elementor-spacer\">\n\t\t\t<div class=\"elementor-spacer-inner\"><\/div>\n\t\t<\/div>\n\t\t\t\t<\/div>\n\t\t\t\t<\/div>\n\t\t\t\t<div class=\"elementor-element elementor-element-a30f7c9 elementor-widget elementor-widget-text-editor\" data-id=\"a30f7c9\" data-element_type=\"widget\" data-widget_type=\"text-editor.default\">\n\t\t\t\t<div class=\"elementor-widget-container\">\n\t\t\t\t\t\t\t<p>Traitement d&rsquo;images et animations 3D.<\/p>\t\t\t\t\t\t<\/div>\n\t\t\t\t<\/div>\n\t\t\t\t\t<\/div>\n\t\t<\/div>\n\t\t\t\t\t<\/div>\n\t\t<\/section>\n\t\t\t\t<section class=\"elementor-section elementor-top-section elementor-element elementor-element-019d4cd elementor-section-boxed elementor-section-height-default elementor-section-height-default\" data-id=\"019d4cd\" data-element_type=\"section\" data-settings=\"{&quot;_ha_eqh_enable&quot;:false}\">\n\t\t\t\t\t\t<div class=\"elementor-container elementor-column-gap-default\">\n\t\t\t\t\t<div class=\"elementor-column elementor-col-50 elementor-top-column elementor-element elementor-element-f6c1054\" data-id=\"f6c1054\" data-element_type=\"column\">\n\t\t\t<div class=\"elementor-widget-wrap elementor-element-populated\">\n\t\t\t\t\t\t<div class=\"elementor-element elementor-element-6b7bc32 elementor-shape-rounded elementor-grid-0 e-grid-align-center elementor-widget elementor-widget-social-icons\" data-id=\"6b7bc32\" data-element_type=\"widget\" data-widget_type=\"social-icons.default\">\n\t\t\t\t<div class=\"elementor-widget-container\">\n\t\t\t\t\t<div class=\"elementor-social-icons-wrapper elementor-grid\">\n\t\t\t\t\t\t\t<span class=\"elementor-grid-item\">\n\t\t\t\t\t<a class=\"elementor-icon elementor-social-icon elementor-social-icon-facebook elementor-repeater-item-4a2ad1d\" href=\"https:\/\/www.facebook.com\/pierre.kueny.7\/\" target=\"_blank\">\n\t\t\t\t\t\t<span class=\"elementor-screen-only\">Facebook<\/span>\n\t\t\t\t\t\t<i class=\"fab fa-facebook\"><\/i>\t\t\t\t\t<\/a>\n\t\t\t\t<\/span>\n\t\t\t\t\t\t\t<span class=\"elementor-grid-item\">\n\t\t\t\t\t<a class=\"elementor-icon elementor-social-icon elementor-social-icon-instagram elementor-repeater-item-f5bab5e\" href=\"https:\/\/www.instagram.com\/pierre.kueny\/\" target=\"_blank\">\n\t\t\t\t\t\t<span class=\"elementor-screen-only\">Instagram<\/span>\n\t\t\t\t\t\t<i class=\"fab fa-instagram\"><\/i>\t\t\t\t\t<\/a>\n\t\t\t\t<\/span>\n\t\t\t\t\t<\/div>\n\t\t\t\t<\/div>\n\t\t\t\t<\/div>\n\t\t\t\t\t<\/div>\n\t\t<\/div>\n\t\t\t\t<div class=\"elementor-column elementor-col-50 elementor-top-column elementor-element elementor-element-b81588a\" data-id=\"b81588a\" data-element_type=\"column\">\n\t\t\t<div class=\"elementor-widget-wrap elementor-element-populated\">\n\t\t\t\t\t\t<div class=\"elementor-element elementor-element-6872196 elementor-widget elementor-widget-text-editor\" data-id=\"6872196\" data-element_type=\"widget\" data-widget_type=\"text-editor.default\">\n\t\t\t\t<div class=\"elementor-widget-container\">\n\t\t\t\t\t\t\t<h6 style=\"text-align: right;\"><i>Derni\u00e8re mise \u00e0 jour<\/i><\/h6><h6 style=\"text-align: right;\"><i>07\/03<\/i><i>\/<\/i><i>2026<\/i><\/h6>\t\t\t\t\t\t<\/div>\n\t\t\t\t<\/div>\n\t\t\t\t\t<\/div>\n\t\t<\/div>\n\t\t\t\t\t<\/div>\n\t\t<\/section>\n\t\t\t\t<\/div>\n\t\t","protected":false},"excerpt":{"rendered":"<p>Carnet num\u00e9rique Travaux infographiques realis\u00e9s par l&rsquo;utilisation de divers logiciels et de techniques mixtes :&#8230;<\/p>\n<div class=\"more-link-wrapper\"><a class=\"more-link\" href=\"https:\/\/pierrekueny.fr\/p\/\">Read the post<span class=\"screen-reader-text\">Accueil<\/span><\/a><\/div>\n","protected":false},"author":1,"featured_media":0,"parent":0,"menu_order":0,"comment_status":"closed","ping_status":"closed","template":"elementor_header_footer","meta":[],"_links":{"self":[{"href":"https:\/\/pierrekueny.fr\/p\/wp-json\/wp\/v2\/pages\/101"}],"collection":[{"href":"https:\/\/pierrekueny.fr\/p\/wp-json\/wp\/v2\/pages"}],"about":[{"href":"https:\/\/pierrekueny.fr\/p\/wp-json\/wp\/v2\/types\/page"}],"author":[{"embeddable":true,"href":"https:\/\/pierrekueny.fr\/p\/wp-json\/wp\/v2\/users\/1"}],"replies":[{"embeddable":true,"href":"https:\/\/pierrekueny.fr\/p\/wp-json\/wp\/v2\/comments?post=101"}],"version-history":[{"count":266,"href":"https:\/\/pierrekueny.fr\/p\/wp-json\/wp\/v2\/pages\/101\/revisions"}],"predecessor-version":[{"id":3949,"href":"https:\/\/pierrekueny.fr\/p\/wp-json\/wp\/v2\/pages\/101\/revisions\/3949"}],"wp:attachment":[{"href":"https:\/\/pierrekueny.fr\/p\/wp-json\/wp\/v2\/media?parent=101"}],"curies":[{"name":"wp","href":"https:\/\/api.w.org\/{rel}","templated":true}]}}