{"id":1621,"date":"2022-01-07T16:48:30","date_gmt":"2022-01-07T15:48:30","guid":{"rendered":"https:\/\/pierrekueny.fr\/p\/?page_id=1621"},"modified":"2025-11-25T18:45:44","modified_gmt":"2025-11-25T17:45:44","slug":"publication","status":"publish","type":"page","link":"https:\/\/pierrekueny.fr\/p\/publication\/","title":{"rendered":"PUBLICATION"},"content":{"rendered":"\t\t<div data-elementor-type=\"wp-page\" data-elementor-id=\"1621\" class=\"elementor elementor-1621\" data-elementor-settings=\"{&quot;ha_cmc_init_switcher&quot;:&quot;no&quot;}\">\n\t\t\t\t\t\t<section class=\"elementor-section elementor-top-section elementor-element elementor-element-da1c29f elementor-section-boxed elementor-section-height-default elementor-section-height-default\" data-id=\"da1c29f\" data-element_type=\"section\" data-settings=\"{&quot;_ha_eqh_enable&quot;:false}\">\n\t\t\t\t\t\t<div class=\"elementor-container elementor-column-gap-default\">\n\t\t\t\t\t<div class=\"elementor-column elementor-col-100 elementor-top-column elementor-element elementor-element-1213fbc\" data-id=\"1213fbc\" data-element_type=\"column\">\n\t\t\t<div class=\"elementor-widget-wrap elementor-element-populated\">\n\t\t\t\t\t\t<div class=\"elementor-element elementor-element-e9dd376 elementor-widget elementor-widget-text-editor\" data-id=\"e9dd376\" data-element_type=\"widget\" data-widget_type=\"text-editor.default\">\n\t\t\t\t<div class=\"elementor-widget-container\">\n\t\t\t\t\t\t\t<p>Cliquez sur une des publication qui sera charg\u00e9e dans le r\u00e9pertoire des t\u00e9l\u00e9chargements !<\/p><p>Click on a post that will be uploader to the download directory !<\/p>\t\t\t\t\t\t<\/div>\n\t\t\t\t<\/div>\n\t\t\t\t\t<\/div>\n\t\t<\/div>\n\t\t\t\t\t<\/div>\n\t\t<\/section>\n\t\t\t\t<section class=\"elementor-section elementor-top-section elementor-element elementor-element-8bc2a71 elementor-section-boxed elementor-section-height-default elementor-section-height-default\" data-id=\"8bc2a71\" data-element_type=\"section\" data-settings=\"{&quot;_ha_eqh_enable&quot;:false}\">\n\t\t\t\t\t\t<div class=\"elementor-container elementor-column-gap-default\">\n\t\t\t\t\t<div class=\"elementor-column elementor-col-33 elementor-top-column elementor-element elementor-element-4d61bcd\" data-id=\"4d61bcd\" data-element_type=\"column\">\n\t\t\t<div class=\"elementor-widget-wrap elementor-element-populated\">\n\t\t\t\t\t\t<div class=\"elementor-element elementor-element-b81bc0a elementor-widget elementor-widget-image\" data-id=\"b81bc0a\" data-element_type=\"widget\" data-widget_type=\"image.default\">\n\t\t\t\t<div class=\"elementor-widget-container\">\n\t\t\t\t\t\t\t\t\t\t\t\t\t\t<a href=\"https:\/\/pierrekueny.fr\/publi\/CarnetNum.pdf\" target=\"_blank\">\n\t\t\t\t\t\t\t<img fetchpriority=\"high\" decoding=\"async\" width=\"768\" height=\"768\" src=\"https:\/\/pierrekueny.fr\/p\/wp-content\/uploads\/2022\/01\/CarnetNumcouv-768x768.jpg\" class=\"attachment-medium_large size-medium_large wp-image-1622\" alt=\"\" srcset=\"https:\/\/pierrekueny.fr\/p\/wp-content\/uploads\/2022\/01\/CarnetNumcouv-768x768.jpg 768w, https:\/\/pierrekueny.fr\/p\/wp-content\/uploads\/2022\/01\/CarnetNumcouv-300x300.jpg 300w, https:\/\/pierrekueny.fr\/p\/wp-content\/uploads\/2022\/01\/CarnetNumcouv-1024x1024.jpg 1024w, https:\/\/pierrekueny.fr\/p\/wp-content\/uploads\/2022\/01\/CarnetNumcouv-150x150.jpg 150w, https:\/\/pierrekueny.fr\/p\/wp-content\/uploads\/2022\/01\/CarnetNumcouv.jpg 1191w\" sizes=\"(max-width: 768px) 100vw, 768px\" \/>\t\t\t\t\t\t\t\t<\/a>\n\t\t\t\t\t\t\t\t\t\t\t\t\t<\/div>\n\t\t\t\t<\/div>\n\t\t\t\t\t<\/div>\n\t\t<\/div>\n\t\t\t\t<div class=\"elementor-column elementor-col-33 elementor-top-column elementor-element elementor-element-34a11bc\" data-id=\"34a11bc\" data-element_type=\"column\">\n\t\t\t<div class=\"elementor-widget-wrap elementor-element-populated\">\n\t\t\t\t\t\t<div class=\"elementor-element elementor-element-71dc299 elementor-widget elementor-widget-image\" data-id=\"71dc299\" data-element_type=\"widget\" data-widget_type=\"image.default\">\n\t\t\t\t<div class=\"elementor-widget-container\">\n\t\t\t\t\t\t\t\t\t\t\t\t\t\t<a href=\"https:\/\/pierrekueny.fr\/publi\/donc21.pdf\">\n\t\t\t\t\t\t\t<img decoding=\"async\" width=\"768\" height=\"1089\" src=\"https:\/\/pierrekueny.fr\/p\/wp-content\/uploads\/2022\/01\/donc21couv-768x1089.jpg\" class=\"attachment-medium_large size-medium_large wp-image-1623\" alt=\"\" srcset=\"https:\/\/pierrekueny.fr\/p\/wp-content\/uploads\/2022\/01\/donc21couv-768x1089.jpg 768w, https:\/\/pierrekueny.fr\/p\/wp-content\/uploads\/2022\/01\/donc21couv-212x300.jpg 212w, https:\/\/pierrekueny.fr\/p\/wp-content\/uploads\/2022\/01\/donc21couv-722x1024.jpg 722w, https:\/\/pierrekueny.fr\/p\/wp-content\/uploads\/2022\/01\/donc21couv.jpg 840w\" sizes=\"(max-width: 768px) 100vw, 768px\" \/>\t\t\t\t\t\t\t\t<\/a>\n\t\t\t\t\t\t\t\t\t\t\t\t\t<\/div>\n\t\t\t\t<\/div>\n\t\t\t\t\t<\/div>\n\t\t<\/div>\n\t\t\t\t<div class=\"elementor-column elementor-col-33 elementor-top-column elementor-element elementor-element-a92ac33\" data-id=\"a92ac33\" data-element_type=\"column\">\n\t\t\t<div class=\"elementor-widget-wrap elementor-element-populated\">\n\t\t\t\t\t\t<div class=\"elementor-element elementor-element-7228976 elementor-widget elementor-widget-image\" data-id=\"7228976\" data-element_type=\"widget\" data-widget_type=\"image.default\">\n\t\t\t\t<div class=\"elementor-widget-container\">\n\t\t\t\t\t\t\t\t\t\t\t\t\t\t<a href=\"https:\/\/pierrekueny.fr\/publi\/JardinForet.pdf\">\n\t\t\t\t\t\t\t<img decoding=\"async\" width=\"768\" height=\"1086\" src=\"https:\/\/pierrekueny.fr\/p\/wp-content\/uploads\/2022\/10\/JardinForet-PG_2-768x1086.jpg\" class=\"attachment-medium_large size-medium_large wp-image-2164\" alt=\"\" srcset=\"https:\/\/pierrekueny.fr\/p\/wp-content\/uploads\/2022\/10\/JardinForet-PG_2-768x1086.jpg 768w, https:\/\/pierrekueny.fr\/p\/wp-content\/uploads\/2022\/10\/JardinForet-PG_2-212x300.jpg 212w, https:\/\/pierrekueny.fr\/p\/wp-content\/uploads\/2022\/10\/JardinForet-PG_2-724x1024.jpg 724w, https:\/\/pierrekueny.fr\/p\/wp-content\/uploads\/2022\/10\/JardinForet-PG_2-1086x1536.jpg 1086w, https:\/\/pierrekueny.fr\/p\/wp-content\/uploads\/2022\/10\/JardinForet-PG_2-1448x2048.jpg 1448w, https:\/\/pierrekueny.fr\/p\/wp-content\/uploads\/2022\/10\/JardinForet-PG_2-scaled.jpg 1811w\" sizes=\"(max-width: 768px) 100vw, 768px\" \/>\t\t\t\t\t\t\t\t<\/a>\n\t\t\t\t\t\t\t\t\t\t\t\t\t<\/div>\n\t\t\t\t<\/div>\n\t\t\t\t\t<\/div>\n\t\t<\/div>\n\t\t\t\t\t<\/div>\n\t\t<\/section>\n\t\t\t\t<section class=\"elementor-section elementor-top-section elementor-element elementor-element-f47a269 elementor-section-boxed elementor-section-height-default elementor-section-height-default\" data-id=\"f47a269\" data-element_type=\"section\" data-settings=\"{&quot;_ha_eqh_enable&quot;:false}\">\n\t\t\t\t\t\t<div class=\"elementor-container elementor-column-gap-default\">\n\t\t\t\t\t<div class=\"elementor-column elementor-col-33 elementor-top-column elementor-element elementor-element-d0389f7\" data-id=\"d0389f7\" data-element_type=\"column\">\n\t\t\t<div class=\"elementor-widget-wrap elementor-element-populated\">\n\t\t\t\t\t\t<div class=\"elementor-element elementor-element-48c4bea elementor-widget elementor-widget-image\" data-id=\"48c4bea\" data-element_type=\"widget\" data-widget_type=\"image.default\">\n\t\t\t\t<div class=\"elementor-widget-container\">\n\t\t\t\t\t\t\t\t\t\t\t\t\t\t<a href=\"https:\/\/pierrekueny.fr\/publi\/personne.pdf\">\n\t\t\t\t\t\t\t<img loading=\"lazy\" decoding=\"async\" width=\"1024\" height=\"724\" src=\"https:\/\/pierrekueny.fr\/p\/wp-content\/uploads\/2023\/11\/couv-Publi-personne-1024x724.jpg\" class=\"attachment-large size-large wp-image-3180\" alt=\"\" srcset=\"https:\/\/pierrekueny.fr\/p\/wp-content\/uploads\/2023\/11\/couv-Publi-personne-1024x724.jpg 1024w, https:\/\/pierrekueny.fr\/p\/wp-content\/uploads\/2023\/11\/couv-Publi-personne-300x212.jpg 300w, https:\/\/pierrekueny.fr\/p\/wp-content\/uploads\/2023\/11\/couv-Publi-personne-768x543.jpg 768w, https:\/\/pierrekueny.fr\/p\/wp-content\/uploads\/2023\/11\/couv-Publi-personne-1536x1086.jpg 1536w, https:\/\/pierrekueny.fr\/p\/wp-content\/uploads\/2023\/11\/couv-Publi-personne-2048x1448.jpg 2048w\" sizes=\"(max-width: 1024px) 100vw, 1024px\" \/>\t\t\t\t\t\t\t\t<\/a>\n\t\t\t\t\t\t\t\t\t\t\t\t\t<\/div>\n\t\t\t\t<\/div>\n\t\t\t\t\t<\/div>\n\t\t<\/div>\n\t\t\t\t<div class=\"elementor-column elementor-col-33 elementor-top-column elementor-element elementor-element-07613ab\" data-id=\"07613ab\" data-element_type=\"column\">\n\t\t\t<div class=\"elementor-widget-wrap elementor-element-populated\">\n\t\t\t\t\t\t<div class=\"elementor-element elementor-element-80e3b27 elementor-widget elementor-widget-image\" data-id=\"80e3b27\" data-element_type=\"widget\" data-widget_type=\"image.default\">\n\t\t\t\t<div class=\"elementor-widget-container\">\n\t\t\t\t\t\t\t\t\t\t\t\t\t\t<a href=\"https:\/\/pierrekueny.fr\/p\/une-pointe-de-melancolie\/\" target=\"_blank\">\n\t\t\t\t\t\t\t<img decoding=\"async\" src=\"https:\/\/pierrekueny.fr\/p\/wp-content\/uploads\/elementor\/thumbs\/PremCouv268-qrtte3rxbtkykyddx8i601hxl7ucmblrsie3pjl6pw.jpg\" title=\"Couverture268\" alt=\"Edition Harmattan, collection Orizzonte Aout 2024\" loading=\"lazy\" \/>\t\t\t\t\t\t\t\t<\/a>\n\t\t\t\t\t\t\t\t\t\t\t\t\t<\/div>\n\t\t\t\t<\/div>\n\t\t\t\t\t<\/div>\n\t\t<\/div>\n\t\t\t\t<div class=\"elementor-column elementor-col-33 elementor-top-column elementor-element elementor-element-ad9a0a2\" data-id=\"ad9a0a2\" data-element_type=\"column\">\n\t\t\t<div class=\"elementor-widget-wrap elementor-element-populated\">\n\t\t\t\t\t\t<div class=\"elementor-element elementor-element-6d36856 elementor-widget elementor-widget-image\" data-id=\"6d36856\" data-element_type=\"widget\" data-widget_type=\"image.default\">\n\t\t\t\t<div class=\"elementor-widget-container\">\n\t\t\t\t\t\t\t\t\t\t\t\t\t\t<a href=\"https:\/\/pierrekueny.fr\/publi\/Polemos-0525.pdf\">\n\t\t\t\t\t\t\t<img loading=\"lazy\" decoding=\"async\" width=\"1024\" height=\"724\" src=\"https:\/\/pierrekueny.fr\/p\/wp-content\/uploads\/2025\/05\/Polemos0525-Prem.jpg\" class=\"attachment-large size-large wp-image-3642\" alt=\"\" srcset=\"https:\/\/pierrekueny.fr\/p\/wp-content\/uploads\/2025\/05\/Polemos0525-Prem.jpg 1024w, https:\/\/pierrekueny.fr\/p\/wp-content\/uploads\/2025\/05\/Polemos0525-Prem-300x212.jpg 300w, https:\/\/pierrekueny.fr\/p\/wp-content\/uploads\/2025\/05\/Polemos0525-Prem-768x543.jpg 768w\" sizes=\"(max-width: 1024px) 100vw, 1024px\" \/>\t\t\t\t\t\t\t\t<\/a>\n\t\t\t\t\t\t\t\t\t\t\t\t\t<\/div>\n\t\t\t\t<\/div>\n\t\t\t\t\t<\/div>\n\t\t<\/div>\n\t\t\t\t\t<\/div>\n\t\t<\/section>\n\t\t\t\t<section class=\"elementor-section elementor-top-section elementor-element elementor-element-47ec4ba elementor-section-boxed elementor-section-height-default elementor-section-height-default\" data-id=\"47ec4ba\" data-element_type=\"section\" data-settings=\"{&quot;_ha_eqh_enable&quot;:false}\">\n\t\t\t\t\t\t<div class=\"elementor-container elementor-column-gap-default\">\n\t\t\t\t\t<div class=\"elementor-column elementor-col-33 elementor-top-column elementor-element elementor-element-9aa0855\" data-id=\"9aa0855\" data-element_type=\"column\">\n\t\t\t<div class=\"elementor-widget-wrap\">\n\t\t\t\t\t\t\t<\/div>\n\t\t<\/div>\n\t\t\t\t<div class=\"elementor-column elementor-col-33 elementor-top-column elementor-element elementor-element-7b14d6d\" data-id=\"7b14d6d\" data-element_type=\"column\">\n\t\t\t<div class=\"elementor-widget-wrap elementor-element-populated\">\n\t\t\t\t\t\t<div class=\"elementor-element elementor-element-3b91a47 elementor-widget elementor-widget-image\" data-id=\"3b91a47\" data-element_type=\"widget\" data-widget_type=\"image.default\">\n\t\t\t\t<div class=\"elementor-widget-container\">\n\t\t\t\t\t\t\t\t\t\t<figure class=\"wp-caption\">\n\t\t\t\t\t\t\t\t\t\t\t<a href=\"https:\/\/pierrekueny.fr\/publi\/portfolio25.pdf\">\n\t\t\t\t\t\t\t<img decoding=\"async\" src=\"https:\/\/pierrekueny.fr\/p\/wp-content\/uploads\/elementor\/thumbs\/portfolio25_1-rf4ylers8xyauqh0xmjleaz0vkgq4li3gpdaee2xj8.jpg\" title=\"portfolio-12-cmykVect\" alt=\"portfolio-12-cmykVect\" loading=\"lazy\" \/>\t\t\t\t\t\t\t\t<\/a>\n\t\t\t\t\t\t\t\t\t\t\t<figcaption class=\"widget-image-caption wp-caption-text\">VERSION Ordi et Tablette<\/figcaption>\n\t\t\t\t\t\t\t\t\t\t<\/figure>\n\t\t\t\t\t\t\t<\/div>\n\t\t\t\t<\/div>\n\t\t\t\t\t<\/div>\n\t\t<\/div>\n\t\t\t\t<div class=\"elementor-column elementor-col-33 elementor-top-column elementor-element elementor-element-e63515c\" data-id=\"e63515c\" data-element_type=\"column\">\n\t\t\t<div class=\"elementor-widget-wrap elementor-element-populated\">\n\t\t\t\t\t\t<div class=\"elementor-element elementor-element-56be755 elementor-widget elementor-widget-image\" data-id=\"56be755\" data-element_type=\"widget\" data-widget_type=\"image.default\">\n\t\t\t\t<div class=\"elementor-widget-container\">\n\t\t\t\t\t\t\t\t\t\t<figure class=\"wp-caption\">\n\t\t\t\t\t\t\t\t\t\t\t<a href=\"https:\/\/pierrekueny.fr\/publi\/portfolio-WEB96.pdf\">\n\t\t\t\t\t\t\t<img decoding=\"async\" src=\"https:\/\/pierrekueny.fr\/p\/wp-content\/uploads\/elementor\/thumbs\/portfolio25_1-rf4ylers8xyauqh0xmjleaz0vkgq4li3gpdaee2xj8.jpg\" title=\"portfolio-12-cmykVect\" alt=\"portfolio-12-cmykVect\" loading=\"lazy\" \/>\t\t\t\t\t\t\t\t<\/a>\n\t\t\t\t\t\t\t\t\t\t\t<figcaption class=\"widget-image-caption wp-caption-text\">VERSION IPHONE<\/figcaption>\n\t\t\t\t\t\t\t\t\t\t<\/figure>\n\t\t\t\t\t\t\t<\/div>\n\t\t\t\t<\/div>\n\t\t\t\t\t<\/div>\n\t\t<\/div>\n\t\t\t\t\t<\/div>\n\t\t<\/section>\n\t\t\t\t<section class=\"elementor-section elementor-top-section elementor-element elementor-element-f003374 elementor-section-boxed elementor-section-height-default elementor-section-height-default\" data-id=\"f003374\" data-element_type=\"section\" data-settings=\"{&quot;_ha_eqh_enable&quot;:false}\">\n\t\t\t\t\t\t<div class=\"elementor-container elementor-column-gap-default\">\n\t\t\t\t\t<div class=\"elementor-column elementor-col-100 elementor-top-column elementor-element elementor-element-1d4a257\" data-id=\"1d4a257\" data-element_type=\"column\">\n\t\t\t<div class=\"elementor-widget-wrap\">\n\t\t\t\t\t\t\t<\/div>\n\t\t<\/div>\n\t\t\t\t\t<\/div>\n\t\t<\/section>\n\t\t\t\t<section class=\"elementor-section elementor-top-section elementor-element elementor-element-aced652 elementor-section-boxed elementor-section-height-default elementor-section-height-default\" data-id=\"aced652\" data-element_type=\"section\" data-settings=\"{&quot;_ha_eqh_enable&quot;:false}\">\n\t\t\t\t\t\t<div class=\"elementor-container elementor-column-gap-default\">\n\t\t\t\t\t<div class=\"elementor-column elementor-col-50 elementor-top-column elementor-element elementor-element-e68b550\" data-id=\"e68b550\" data-element_type=\"column\">\n\t\t\t<div class=\"elementor-widget-wrap elementor-element-populated\">\n\t\t\t\t\t\t<div class=\"elementor-element elementor-element-d3cd7b9 elementor-align-right elementor-widget elementor-widget-button\" data-id=\"d3cd7b9\" data-element_type=\"widget\" data-widget_type=\"button.default\">\n\t\t\t\t<div class=\"elementor-widget-container\">\n\t\t\t\t\t<div class=\"elementor-button-wrapper\">\n\t\t\t<a class=\"elementor-button elementor-button-link elementor-size-sm\" href=\"https:\/\/pierrekueny.fr\/p\/ipecoutez\/\">\n\t\t\t\t\t\t<span class=\"elementor-button-content-wrapper\">\n\t\t\t\t\t\t\t\t\t<span class=\"elementor-button-text\">Ecoutez ma ville ( captation de conf\u00e9rences)<\/span>\n\t\t\t\t\t<\/span>\n\t\t\t\t\t<\/a>\n\t\t<\/div>\n\t\t\t\t<\/div>\n\t\t\t\t<\/div>\n\t\t\t\t\t<\/div>\n\t\t<\/div>\n\t\t\t\t<div class=\"elementor-column elementor-col-50 elementor-top-column elementor-element elementor-element-94a3f1d\" data-id=\"94a3f1d\" data-element_type=\"column\">\n\t\t\t<div class=\"elementor-widget-wrap elementor-element-populated\">\n\t\t\t\t\t\t<div class=\"elementor-element elementor-element-e42efd6 elementor-widget elementor-widget-button\" data-id=\"e42efd6\" data-element_type=\"widget\" data-widget_type=\"button.default\">\n\t\t\t\t<div class=\"elementor-widget-container\">\n\t\t\t\t\t<div class=\"elementor-button-wrapper\">\n\t\t\t<a class=\"elementor-button elementor-button-link elementor-size-sm\" href=\"https:\/\/pierrekueny.fr\/p\/avg\/\">\n\t\t\t\t\t\t<span class=\"elementor-button-content-wrapper\">\n\t\t\t\t\t\t\t\t\t<span class=\"elementor-button-text\">Audio Video guide de la collegiale de Mantes<\/span>\n\t\t\t\t\t<\/span>\n\t\t\t\t\t<\/a>\n\t\t<\/div>\n\t\t\t\t<\/div>\n\t\t\t\t<\/div>\n\t\t\t\t\t<\/div>\n\t\t<\/div>\n\t\t\t\t\t<\/div>\n\t\t<\/section>\n\t\t\t\t<section class=\"elementor-section elementor-top-section elementor-element elementor-element-7968a5f elementor-section-boxed elementor-section-height-default elementor-section-height-default\" data-id=\"7968a5f\" data-element_type=\"section\" data-settings=\"{&quot;_ha_eqh_enable&quot;:false}\">\n\t\t\t\t\t\t<div class=\"elementor-container elementor-column-gap-default\">\n\t\t\t\t\t<div class=\"elementor-column elementor-col-100 elementor-top-column elementor-element elementor-element-c29d6ea\" data-id=\"c29d6ea\" data-element_type=\"column\">\n\t\t\t<div class=\"elementor-widget-wrap\">\n\t\t\t\t\t\t\t<\/div>\n\t\t<\/div>\n\t\t\t\t\t<\/div>\n\t\t<\/section>\n\t\t\t\t<section class=\"elementor-section elementor-top-section elementor-element elementor-element-746114a elementor-section-boxed elementor-section-height-default elementor-section-height-default\" data-id=\"746114a\" data-element_type=\"section\" data-settings=\"{&quot;_ha_eqh_enable&quot;:false}\">\n\t\t\t\t\t\t<div class=\"elementor-container elementor-column-gap-default\">\n\t\t\t\t\t<div class=\"elementor-column elementor-col-50 elementor-top-column elementor-element elementor-element-aae3b17\" data-id=\"aae3b17\" data-element_type=\"column\">\n\t\t\t<div class=\"elementor-widget-wrap elementor-element-populated\">\n\t\t\t\t\t\t<div class=\"elementor-element elementor-element-8a38adc elementor-align-right e-transform elementor-widget elementor-widget-button\" data-id=\"8a38adc\" data-element_type=\"widget\" data-settings=\"{&quot;_transform_scale_effect&quot;:{&quot;unit&quot;:&quot;px&quot;,&quot;size&quot;:1,&quot;sizes&quot;:[]},&quot;_transform_scale_effect_tablet&quot;:{&quot;unit&quot;:&quot;px&quot;,&quot;size&quot;:&quot;&quot;,&quot;sizes&quot;:[]},&quot;_transform_scale_effect_mobile&quot;:{&quot;unit&quot;:&quot;px&quot;,&quot;size&quot;:&quot;&quot;,&quot;sizes&quot;:[]}}\" data-widget_type=\"button.default\">\n\t\t\t\t<div class=\"elementor-widget-container\">\n\t\t\t\t\t<div class=\"elementor-button-wrapper\">\n\t\t\t<a class=\"elementor-button elementor-button-link elementor-size-sm\" href=\"https:\/\/pierrekueny.fr\/p\/expo\/\">\n\t\t\t\t\t\t<span class=\"elementor-button-content-wrapper\">\n\t\t\t\t\t\t\t\t\t<span class=\"elementor-button-text\">Exposition au FJT en 2023<\/span>\n\t\t\t\t\t<\/span>\n\t\t\t\t\t<\/a>\n\t\t<\/div>\n\t\t\t\t<\/div>\n\t\t\t\t<\/div>\n\t\t\t\t\t<\/div>\n\t\t<\/div>\n\t\t\t\t<div class=\"elementor-column elementor-col-50 elementor-top-column elementor-element elementor-element-1371cc1\" data-id=\"1371cc1\" data-element_type=\"column\">\n\t\t\t<div class=\"elementor-widget-wrap\">\n\t\t\t\t\t\t\t<\/div>\n\t\t<\/div>\n\t\t\t\t\t<\/div>\n\t\t<\/section>\n\t\t\t\t<\/div>\n\t\t","protected":false},"excerpt":{"rendered":"<p>Cliquez sur une des publication qui sera charg\u00e9e dans le r\u00e9pertoire des t\u00e9l\u00e9chargements ! Click&#8230;<\/p>\n<div class=\"more-link-wrapper\"><a class=\"more-link\" href=\"https:\/\/pierrekueny.fr\/p\/publication\/\">Read the post<span class=\"screen-reader-text\">PUBLICATION<\/span><\/a><\/div>\n","protected":false},"author":1,"featured_media":0,"parent":0,"menu_order":0,"comment_status":"closed","ping_status":"closed","template":"elementor_header_footer","meta":[],"_links":{"self":[{"href":"https:\/\/pierrekueny.fr\/p\/wp-json\/wp\/v2\/pages\/1621"}],"collection":[{"href":"https:\/\/pierrekueny.fr\/p\/wp-json\/wp\/v2\/pages"}],"about":[{"href":"https:\/\/pierrekueny.fr\/p\/wp-json\/wp\/v2\/types\/page"}],"author":[{"embeddable":true,"href":"https:\/\/pierrekueny.fr\/p\/wp-json\/wp\/v2\/users\/1"}],"replies":[{"embeddable":true,"href":"https:\/\/pierrekueny.fr\/p\/wp-json\/wp\/v2\/comments?post=1621"}],"version-history":[{"count":100,"href":"https:\/\/pierrekueny.fr\/p\/wp-json\/wp\/v2\/pages\/1621\/revisions"}],"predecessor-version":[{"id":3896,"href":"https:\/\/pierrekueny.fr\/p\/wp-json\/wp\/v2\/pages\/1621\/revisions\/3896"}],"wp:attachment":[{"href":"https:\/\/pierrekueny.fr\/p\/wp-json\/wp\/v2\/media?parent=1621"}],"curies":[{"name":"wp","href":"https:\/\/api.w.org\/{rel}","templated":true}]}}