{"id":2260,"date":"2023-01-30T17:01:59","date_gmt":"2023-01-30T16:01:59","guid":{"rendered":"https:\/\/pierrekueny.fr\/p\/?page_id=2260"},"modified":"2025-10-23T20:13:16","modified_gmt":"2025-10-23T18:13:16","slug":"essais","status":"publish","type":"page","link":"https:\/\/pierrekueny.fr\/p\/essais\/","title":{"rendered":"ESSAIS"},"content":{"rendered":"\n<p class=\"has-regular-font-size\">Quelques essais de kitchen Litho particuli\u00e9rement rat\u00e9s. <\/p>\n\n\n\n<p class=\"has-regular-font-size\">Les traits : seuls les pastels \u00e0 l&rsquo;huile et le feutre permanent (edditing) permettent d&rsquo;accrocher l&rsquo;encre, L&rsquo;encre de dessin typographie, n&rsquo;a pas tenue et le savon un peu huileux n&rsquo;a pas supporter le nettoyage \u00e0 l&rsquo;huile. <\/p>\n\n\n\n<p class=\"has-regular-font-size\">L&rsquo;encrage a souvent \u00e9t\u00e9 \u00ab\u00a0tr\u00e9s noir\u00a0\u00bb , J&rsquo;ai utilis\u00e9 une encre typographique Geastecker, l&rsquo;encre taille douce de Charbonnel aquawash semble un peu trop visqueuse&#8230;<\/p>\n\n\n\n<p class=\"has-regular-font-size\">Le tirage est r\u00e9alis\u00e9 \u00e0 la presse taille douce.<\/p>\n\n\n\n<figure class=\"wp-block-image size-large\"><img fetchpriority=\"high\" decoding=\"async\" width=\"1024\" height=\"714\" src=\"https:\/\/pierrekueny.fr\/p\/wp-content\/uploads\/2023\/01\/P1030309-2048-80-1024x714.jpg\" alt=\"\" class=\"wp-image-2262\" srcset=\"https:\/\/pierrekueny.fr\/p\/wp-content\/uploads\/2023\/01\/P1030309-2048-80-1024x714.jpg 1024w, https:\/\/pierrekueny.fr\/p\/wp-content\/uploads\/2023\/01\/P1030309-2048-80-300x209.jpg 300w, https:\/\/pierrekueny.fr\/p\/wp-content\/uploads\/2023\/01\/P1030309-2048-80-768x535.jpg 768w, https:\/\/pierrekueny.fr\/p\/wp-content\/uploads\/2023\/01\/P1030309-2048-80-1536x1070.jpg 1536w, https:\/\/pierrekueny.fr\/p\/wp-content\/uploads\/2023\/01\/P1030309-2048-80.jpg 2048w\" sizes=\"(max-width: 1024px) 100vw, 1024px\" \/><\/figure>\n\n\n\n<figure class=\"wp-block-image size-large\"><img decoding=\"async\" width=\"1024\" height=\"594\" src=\"https:\/\/pierrekueny.fr\/p\/wp-content\/uploads\/2023\/01\/P1030310-2048-80-1024x594.jpg\" alt=\"\" class=\"wp-image-2263\" srcset=\"https:\/\/pierrekueny.fr\/p\/wp-content\/uploads\/2023\/01\/P1030310-2048-80-1024x594.jpg 1024w, https:\/\/pierrekueny.fr\/p\/wp-content\/uploads\/2023\/01\/P1030310-2048-80-300x174.jpg 300w, https:\/\/pierrekueny.fr\/p\/wp-content\/uploads\/2023\/01\/P1030310-2048-80-768x446.jpg 768w, https:\/\/pierrekueny.fr\/p\/wp-content\/uploads\/2023\/01\/P1030310-2048-80-1536x891.jpg 1536w, https:\/\/pierrekueny.fr\/p\/wp-content\/uploads\/2023\/01\/P1030310-2048-80.jpg 2048w\" sizes=\"(max-width: 1024px) 100vw, 1024px\" \/><\/figure>\n\n\n\n<figure class=\"wp-block-image size-large\"><img decoding=\"async\" width=\"744\" height=\"1024\" src=\"https:\/\/pierrekueny.fr\/p\/wp-content\/uploads\/2023\/01\/P1030311.2048-80-744x1024.jpg\" alt=\"\" class=\"wp-image-2264\" srcset=\"https:\/\/pierrekueny.fr\/p\/wp-content\/uploads\/2023\/01\/P1030311.2048-80-744x1024.jpg 744w, https:\/\/pierrekueny.fr\/p\/wp-content\/uploads\/2023\/01\/P1030311.2048-80-218x300.jpg 218w, https:\/\/pierrekueny.fr\/p\/wp-content\/uploads\/2023\/01\/P1030311.2048-80-768x1057.jpg 768w, https:\/\/pierrekueny.fr\/p\/wp-content\/uploads\/2023\/01\/P1030311.2048-80-1116x1536.jpg 1116w, https:\/\/pierrekueny.fr\/p\/wp-content\/uploads\/2023\/01\/P1030311.2048-80.jpg 1488w\" sizes=\"(max-width: 744px) 100vw, 744px\" \/><\/figure>\n\n\n\n<figure class=\"wp-block-image size-large\"><img loading=\"lazy\" decoding=\"async\" width=\"659\" height=\"1024\" src=\"https:\/\/pierrekueny.fr\/p\/wp-content\/uploads\/2023\/01\/P1030313-2048-80-659x1024.jpg\" alt=\"\" class=\"wp-image-2265\" srcset=\"https:\/\/pierrekueny.fr\/p\/wp-content\/uploads\/2023\/01\/P1030313-2048-80-659x1024.jpg 659w, https:\/\/pierrekueny.fr\/p\/wp-content\/uploads\/2023\/01\/P1030313-2048-80-193x300.jpg 193w, https:\/\/pierrekueny.fr\/p\/wp-content\/uploads\/2023\/01\/P1030313-2048-80-768x1194.jpg 768w, https:\/\/pierrekueny.fr\/p\/wp-content\/uploads\/2023\/01\/P1030313-2048-80-988x1536.jpg 988w, https:\/\/pierrekueny.fr\/p\/wp-content\/uploads\/2023\/01\/P1030313-2048-80.jpg 1317w\" sizes=\"(max-width: 659px) 100vw, 659px\" \/><\/figure>\n\n\n\n<figure class=\"wp-block-image size-large\"><img loading=\"lazy\" decoding=\"async\" width=\"685\" height=\"1024\" src=\"https:\/\/pierrekueny.fr\/p\/wp-content\/uploads\/2023\/01\/P1030314-2048-80-685x1024.jpg\" alt=\"\" class=\"wp-image-2266\" srcset=\"https:\/\/pierrekueny.fr\/p\/wp-content\/uploads\/2023\/01\/P1030314-2048-80-685x1024.jpg 685w, https:\/\/pierrekueny.fr\/p\/wp-content\/uploads\/2023\/01\/P1030314-2048-80-201x300.jpg 201w, https:\/\/pierrekueny.fr\/p\/wp-content\/uploads\/2023\/01\/P1030314-2048-80-768x1148.jpg 768w, https:\/\/pierrekueny.fr\/p\/wp-content\/uploads\/2023\/01\/P1030314-2048-80-1028x1536.jpg 1028w, https:\/\/pierrekueny.fr\/p\/wp-content\/uploads\/2023\/01\/P1030314-2048-80.jpg 1370w\" sizes=\"(max-width: 685px) 100vw, 685px\" \/><\/figure>\n\n\n\n<figure class=\"wp-block-image size-large\"><img loading=\"lazy\" decoding=\"async\" width=\"671\" height=\"1024\" src=\"https:\/\/pierrekueny.fr\/p\/wp-content\/uploads\/2023\/01\/P1030315-2048-80-671x1024.jpg\" alt=\"\" class=\"wp-image-2267\" srcset=\"https:\/\/pierrekueny.fr\/p\/wp-content\/uploads\/2023\/01\/P1030315-2048-80-671x1024.jpg 671w, https:\/\/pierrekueny.fr\/p\/wp-content\/uploads\/2023\/01\/P1030315-2048-80-196x300.jpg 196w, https:\/\/pierrekueny.fr\/p\/wp-content\/uploads\/2023\/01\/P1030315-2048-80-768x1173.jpg 768w, https:\/\/pierrekueny.fr\/p\/wp-content\/uploads\/2023\/01\/P1030315-2048-80-1006x1536.jpg 1006w, https:\/\/pierrekueny.fr\/p\/wp-content\/uploads\/2023\/01\/P1030315-2048-80.jpg 1341w\" sizes=\"(max-width: 671px) 100vw, 671px\" \/><\/figure>\n\n\n\n<p><\/p>\n\n\n\n<p>Les questions.<\/p>\n\n\n\n<ul>\n<li>Apr\u00e8s l&rsquo;acidulation au cola, le nettoyage  a l&rsquo;huile semble avoir graiss\u00e9 certaines zones qui rendent la surface hydrophobe<\/li>\n\n\n\n<li>L&rsquo;encrage est au rouleau dur, peut \u00eatre faut il utilis\u00e9 un rouleau pour laque ( comme pour le mokulitho)<\/li>\n\n\n\n<li>L&rsquo;encre Lithographique semble  adapt\u00e9e<\/li>\n<\/ul>\n","protected":false},"excerpt":{"rendered":"<p>Quelques essais de kitchen Litho particuli\u00e9rement rat\u00e9s. Les traits : seuls les pastels \u00e0 l&rsquo;huile&#8230;<\/p>\n<div class=\"more-link-wrapper\"><a class=\"more-link\" href=\"https:\/\/pierrekueny.fr\/p\/essais\/\">Read the post<span class=\"screen-reader-text\">ESSAIS<\/span><\/a><\/div>\n","protected":false},"author":1,"featured_media":0,"parent":0,"menu_order":0,"comment_status":"closed","ping_status":"closed","template":"","meta":[],"_links":{"self":[{"href":"https:\/\/pierrekueny.fr\/p\/wp-json\/wp\/v2\/pages\/2260"}],"collection":[{"href":"https:\/\/pierrekueny.fr\/p\/wp-json\/wp\/v2\/pages"}],"about":[{"href":"https:\/\/pierrekueny.fr\/p\/wp-json\/wp\/v2\/types\/page"}],"author":[{"embeddable":true,"href":"https:\/\/pierrekueny.fr\/p\/wp-json\/wp\/v2\/users\/1"}],"replies":[{"embeddable":true,"href":"https:\/\/pierrekueny.fr\/p\/wp-json\/wp\/v2\/comments?post=2260"}],"version-history":[{"count":6,"href":"https:\/\/pierrekueny.fr\/p\/wp-json\/wp\/v2\/pages\/2260\/revisions"}],"predecessor-version":[{"id":3864,"href":"https:\/\/pierrekueny.fr\/p\/wp-json\/wp\/v2\/pages\/2260\/revisions\/3864"}],"wp:attachment":[{"href":"https:\/\/pierrekueny.fr\/p\/wp-json\/wp\/v2\/media?parent=2260"}],"curies":[{"name":"wp","href":"https:\/\/api.w.org\/{rel}","templated":true}]}}