{"id":3147,"date":"2023-11-16T16:21:18","date_gmt":"2023-11-16T15:21:18","guid":{"rendered":"https:\/\/pierrekueny.fr\/p\/?page_id=3147"},"modified":"2023-11-16T16:28:47","modified_gmt":"2023-11-16T15:28:47","slug":"expo-fjt","status":"publish","type":"page","link":"https:\/\/pierrekueny.fr\/p\/expo-fjt\/","title":{"rendered":"Expo FJT"},"content":{"rendered":"\t\t<div data-elementor-type=\"wp-page\" data-elementor-id=\"3147\" class=\"elementor elementor-3147\" data-elementor-settings=\"{&quot;ha_cmc_init_switcher&quot;:&quot;no&quot;}\">\n\t\t\t\t\t\t<section class=\"elementor-section elementor-top-section elementor-element elementor-element-55cc2a8 elementor-section-boxed elementor-section-height-default elementor-section-height-default\" data-id=\"55cc2a8\" data-element_type=\"section\" data-settings=\"{&quot;_ha_eqh_enable&quot;:false}\">\n\t\t\t\t\t\t<div class=\"elementor-container elementor-column-gap-default\">\n\t\t\t\t\t<div class=\"elementor-column elementor-col-100 elementor-top-column elementor-element elementor-element-b5ebce7\" data-id=\"b5ebce7\" data-element_type=\"column\">\n\t\t\t<div class=\"elementor-widget-wrap elementor-element-populated\">\n\t\t\t\t\t\t<div class=\"elementor-element elementor-element-f0b844c elementor-widget elementor-widget-image-gallery\" data-id=\"f0b844c\" data-element_type=\"widget\" data-widget_type=\"image-gallery.default\">\n\t\t\t\t<div class=\"elementor-widget-container\">\n\t\t\t\t\t<div class=\"elementor-image-gallery\">\n\t\t\t<div id='gallery-1' class='gallery galleryid-3147 gallery-columns-4 gallery-size-thumbnail'><figure class='gallery-item'>\n\t\t\t<div class='gallery-icon portrait'>\n\t\t\t\t<a data-elementor-open-lightbox=\"yes\" data-elementor-lightbox-slideshow=\"f0b844c\" data-elementor-lightbox-title=\"JFT-aff-cmyk-A3-Vect\" data-e-action-hash=\"#elementor-action%3Aaction%3Dlightbox%26settings%3DeyJpZCI6MjkyMSwidXJsIjoiaHR0cHM6XC9cL3BpZXJyZWt1ZW55LmZyXC9wXC93cC1jb250ZW50XC91cGxvYWRzXC8yMDIzXC8xMFwvSkZULWFmZi1jbXlrLUEzLVZlY3QuanBnIiwic2xpZGVzaG93IjoiZjBiODQ0YyJ9\" href='https:\/\/pierrekueny.fr\/p\/wp-content\/uploads\/2023\/10\/JFT-aff-cmyk-A3-Vect.jpg'><img width=\"150\" height=\"150\" src=\"https:\/\/pierrekueny.fr\/p\/wp-content\/uploads\/2023\/10\/JFT-aff-cmyk-A3-Vect-150x150.jpg\" class=\"attachment-thumbnail size-thumbnail\" alt=\"\" decoding=\"async\" \/><\/a>\n\t\t\t<\/div><\/figure><figure class='gallery-item'>\n\t\t\t<div class='gallery-icon landscape'>\n\t\t\t\t<a data-elementor-open-lightbox=\"yes\" data-elementor-lightbox-slideshow=\"f0b844c\" data-elementor-lightbox-title=\"Kertoupien\" data-e-action-hash=\"#elementor-action%3Aaction%3Dlightbox%26settings%3DeyJpZCI6Mjc1MiwidXJsIjoiaHR0cHM6XC9cL3BpZXJyZWt1ZW55LmZyXC9wXC93cC1jb250ZW50XC91cGxvYWRzXC8yMDIzXC8wN1wvZGV2LTEtV2ViLmpwZyIsInNsaWRlc2hvdyI6ImYwYjg0NGMifQ%3D%3D\" data-elementor-lightbox-description=\"lavis,fusain,cont\u00e9 blanc sur papier, 92x73 cm.  16\/07\/23\" href='https:\/\/pierrekueny.fr\/p\/wp-content\/uploads\/2023\/07\/dev-1-Web.jpg'><img width=\"150\" height=\"150\" src=\"https:\/\/pierrekueny.fr\/p\/wp-content\/uploads\/2023\/07\/dev-1-Web-150x150.jpg\" class=\"attachment-thumbnail size-thumbnail\" alt=\"lavis,fusain,cont\u00e9 blanc sur papier, 92x73 cm\" decoding=\"async\" aria-describedby=\"gallery-1-2752\" \/><\/a>\n\t\t\t<\/div>\n\t\t\t\t<figcaption class='wp-caption-text gallery-caption' id='gallery-1-2752'>\n\t\t\t\tlavis,fusain,cont\u00e9 blanc sur papier, 92&#215;73 cm\n\t\t\t\t<\/figcaption><\/figure><figure class='gallery-item'>\n\t\t\t<div class='gallery-icon portrait'>\n\t\t\t\t<a data-elementor-open-lightbox=\"yes\" data-elementor-lightbox-slideshow=\"f0b844c\" data-elementor-lightbox-title=\"Il reste des arbres\" data-e-action-hash=\"#elementor-action%3Aaction%3Dlightbox%26settings%3DeyJpZCI6MTg0MCwidXJsIjoiaHR0cHM6XC9cL3BpZXJyZWt1ZW55LmZyXC9wXC93cC1jb250ZW50XC91cGxvYWRzXC8yMDIyXC8wNVwvSWxSZXN0ZURlc0FyYnJlc1dlYi5qcGciLCJzbGlkZXNob3ciOiJmMGI4NDRjIn0%3D\" data-elementor-lightbox-description=\"lavis,fusain,cont\u00e9 blanc sur papier, 92x73 cm.  16\/07\/23\" href='https:\/\/pierrekueny.fr\/p\/wp-content\/uploads\/2022\/05\/IlResteDesArbresWeb.jpg'><img width=\"150\" height=\"150\" src=\"https:\/\/pierrekueny.fr\/p\/wp-content\/uploads\/2022\/05\/IlResteDesArbresWeb-150x150.jpg\" class=\"attachment-thumbnail size-thumbnail\" alt=\"Crayon, 23 x 32 cm, mai 2022\" decoding=\"async\" aria-describedby=\"gallery-1-1840\" \/><\/a>\n\t\t\t<\/div>\n\t\t\t\t<figcaption class='wp-caption-text gallery-caption' id='gallery-1-1840'>\n\t\t\t\tCrayon, 23 x 32 cm, mai 2022\n\t\t\t\t<\/figcaption><\/figure><figure class='gallery-item'>\n\t\t\t<div class='gallery-icon portrait'>\n\t\t\t\t<a data-elementor-open-lightbox=\"yes\" data-elementor-lightbox-slideshow=\"f0b844c\" data-elementor-lightbox-title=\"JardinAout-650x1024\" data-e-action-hash=\"#elementor-action%3Aaction%3Dlightbox%26settings%3DeyJpZCI6MzE1OCwidXJsIjoiaHR0cHM6XC9cL3BpZXJyZWt1ZW55LmZyXC9wXC93cC1jb250ZW50XC91cGxvYWRzXC8yMDIzXC8xMVwvSmFyZGluQW91dC02NTB4MTAyNC0xLmpwZyIsInNsaWRlc2hvdyI6ImYwYjg0NGMifQ%3D%3D\" data-elementor-lightbox-description=\"lavis,fusain,cont\u00e9 blanc sur papier, 92x73 cm.  16\/07\/23\" href='https:\/\/pierrekueny.fr\/p\/wp-content\/uploads\/2023\/11\/JardinAout-650x1024-1.jpg'><img loading=\"lazy\" width=\"150\" height=\"150\" src=\"https:\/\/pierrekueny.fr\/p\/wp-content\/uploads\/2023\/11\/JardinAout-650x1024-1-150x150.jpg\" class=\"attachment-thumbnail size-thumbnail\" alt=\"\" decoding=\"async\" \/><\/a>\n\t\t\t<\/div><\/figure><figure class='gallery-item'>\n\t\t\t<div class='gallery-icon landscape'>\n\t\t\t\t<a data-elementor-open-lightbox=\"yes\" data-elementor-lightbox-slideshow=\"f0b844c\" data-elementor-lightbox-title=\"dessin31-100-1024x1014\" data-e-action-hash=\"#elementor-action%3Aaction%3Dlightbox%26settings%3DeyJpZCI6MzE1MywidXJsIjoiaHR0cHM6XC9cL3BpZXJyZWt1ZW55LmZyXC9wXC93cC1jb250ZW50XC91cGxvYWRzXC8yMDIzXC8xMVwvZGVzc2luMzEtMTAwLTEwMjR4MTAxNC0xLndlYnAiLCJzbGlkZXNob3ciOiJmMGI4NDRjIn0%3D\" data-elementor-lightbox-description=\"lavis,fusain,cont\u00e9 blanc sur papier, 92x73 cm.  16\/07\/23\" href='https:\/\/pierrekueny.fr\/p\/wp-content\/uploads\/2023\/11\/dessin31-100-1024x1014-1.webp'><img loading=\"lazy\" width=\"150\" height=\"150\" src=\"https:\/\/pierrekueny.fr\/p\/wp-content\/uploads\/2023\/11\/dessin31-100-1024x1014-1-150x150.webp\" class=\"attachment-thumbnail size-thumbnail\" alt=\"\" decoding=\"async\" srcset=\"https:\/\/pierrekueny.fr\/p\/wp-content\/uploads\/2023\/11\/dessin31-100-1024x1014-1-150x150.webp 150w, https:\/\/pierrekueny.fr\/p\/wp-content\/uploads\/2023\/11\/dessin31-100-1024x1014-1-300x297.webp 300w, https:\/\/pierrekueny.fr\/p\/wp-content\/uploads\/2023\/11\/dessin31-100-1024x1014-1-768x761.webp 768w, https:\/\/pierrekueny.fr\/p\/wp-content\/uploads\/2023\/11\/dessin31-100-1024x1014-1.webp 1024w\" sizes=\"(max-width: 150px) 100vw, 150px\" \/><\/a>\n\t\t\t<\/div><\/figure><figure class='gallery-item'>\n\t\t\t<div class='gallery-icon portrait'>\n\t\t\t\t<a data-elementor-open-lightbox=\"yes\" data-elementor-lightbox-slideshow=\"f0b844c\" data-elementor-lightbox-title=\"Essaiencreacrylique\" data-e-action-hash=\"#elementor-action%3Aaction%3Dlightbox%26settings%3DeyJpZCI6MzE1NCwidXJsIjoiaHR0cHM6XC9cL3BpZXJyZWt1ZW55LmZyXC9wXC93cC1jb250ZW50XC91cGxvYWRzXC8yMDIzXC8xMVwvRXNzYWllbmNyZWFjcnlsaXF1ZS5qcGciLCJzbGlkZXNob3ciOiJmMGI4NDRjIn0%3D\" data-elementor-lightbox-description=\"lavis,fusain,cont\u00e9 blanc sur papier, 92x73 cm.  16\/07\/23\" href='https:\/\/pierrekueny.fr\/p\/wp-content\/uploads\/2023\/11\/Essaiencreacrylique.jpg'><img loading=\"lazy\" width=\"150\" height=\"150\" src=\"https:\/\/pierrekueny.fr\/p\/wp-content\/uploads\/2023\/11\/Essaiencreacrylique-150x150.jpg\" class=\"attachment-thumbnail size-thumbnail\" alt=\"\" decoding=\"async\" \/><\/a>\n\t\t\t<\/div><\/figure><figure class='gallery-item'>\n\t\t\t<div class='gallery-icon portrait'>\n\t\t\t\t<a data-elementor-open-lightbox=\"yes\" data-elementor-lightbox-slideshow=\"f0b844c\" data-elementor-lightbox-title=\"Encre de chine sur papier. 17 x 30\" data-e-action-hash=\"#elementor-action%3Aaction%3Dlightbox%26settings%3DeyJpZCI6MjUxNiwidXJsIjoiaHR0cHM6XC9cL3BpZXJyZWt1ZW55LmZyXC9wXC93cC1jb250ZW50XC91cGxvYWRzXC8yMDIzXC8wNFwvY3JvcXVpczIyMDQyMy1zY2FsZWQuanBnIiwic2xpZGVzaG93IjoiZjBiODQ0YyJ9\" data-elementor-lightbox-description=\"Encre de chine sur papier. 17 x 30\" href='https:\/\/pierrekueny.fr\/p\/wp-content\/uploads\/2023\/04\/croquis220423-scaled.jpg'><img loading=\"lazy\" width=\"150\" height=\"150\" src=\"https:\/\/pierrekueny.fr\/p\/wp-content\/uploads\/2023\/04\/croquis220423-150x150.jpg\" class=\"attachment-thumbnail size-thumbnail\" alt=\"Encre de chine sur papier. 17 x 30\" decoding=\"async\" aria-describedby=\"gallery-1-2516\" \/><\/a>\n\t\t\t<\/div>\n\t\t\t\t<figcaption class='wp-caption-text gallery-caption' id='gallery-1-2516'>\n\t\t\t\tEncre de chine sur papier. 17 x 30\n\t\t\t\t<\/figcaption><\/figure><figure class='gallery-item'>\n\t\t\t<div class='gallery-icon portrait'>\n\t\t\t\t<a data-elementor-open-lightbox=\"yes\" data-elementor-lightbox-slideshow=\"f0b844c\" data-elementor-lightbox-title=\"Se souvenir des arbres\" data-e-action-hash=\"#elementor-action%3Aaction%3Dlightbox%26settings%3DeyJpZCI6Mjg2MywidXJsIjoiaHR0cHM6XC9cL3BpZXJyZWt1ZW55LmZyXC9wXC93cC1jb250ZW50XC91cGxvYWRzXC8yMDIzXC8wOFwvMTAzMDU5MGNvbnYtc2NhbGVkLndlYnAiLCJzbGlkZXNob3ciOiJmMGI4NDRjIn0%3D\" data-elementor-lightbox-description=\"acrylique sur papier. 2023, 55x46 cm\" href='https:\/\/pierrekueny.fr\/p\/wp-content\/uploads\/2023\/08\/1030590conv-scaled.webp'><img loading=\"lazy\" width=\"150\" height=\"150\" src=\"https:\/\/pierrekueny.fr\/p\/wp-content\/uploads\/2023\/08\/1030590conv-150x150.webp\" class=\"attachment-thumbnail size-thumbnail\" alt=\"_1030590conv\" decoding=\"async\" aria-describedby=\"gallery-1-2863\" \/><\/a>\n\t\t\t<\/div>\n\t\t\t\t<figcaption class='wp-caption-text gallery-caption' id='gallery-1-2863'>\n\t\t\t\tacrylique sur papier. 2023, 55&#215;46 cm\n\t\t\t\t<\/figcaption><\/figure><figure class='gallery-item'>\n\t\t\t<div class='gallery-icon portrait'>\n\t\t\t\t<a data-elementor-open-lightbox=\"yes\" data-elementor-lightbox-slideshow=\"f0b844c\" data-elementor-lightbox-title=\"Acrylique sur papier, 50x65\" data-e-action-hash=\"#elementor-action%3Aaction%3Dlightbox%26settings%3DeyJpZCI6NzUxLCJ1cmwiOiJodHRwczpcL1wvcGllcnJla3VlbnkuZnJcL3BcL3dwLWNvbnRlbnRcL3VwbG9hZHNcLzIwMjFcLzAxXC9tYWkyMC0zLmpwZyIsInNsaWRlc2hvdyI6ImYwYjg0NGMifQ%3D%3D\" data-elementor-lightbox-description=\"mai20-3\" href='https:\/\/pierrekueny.fr\/p\/wp-content\/uploads\/2021\/01\/mai20-3.jpg'><img loading=\"lazy\" width=\"150\" height=\"150\" src=\"https:\/\/pierrekueny.fr\/p\/wp-content\/uploads\/2021\/01\/mai20-3-150x150.jpg\" class=\"attachment-thumbnail size-thumbnail\" alt=\"\" decoding=\"async\" aria-describedby=\"gallery-1-751\" \/><\/a>\n\t\t\t<\/div>\n\t\t\t\t<figcaption class='wp-caption-text gallery-caption' id='gallery-1-751'>\n\t\t\t\tAcrylique sur papier, 50&#215;65\n\t\t\t\t<\/figcaption><\/figure><figure class='gallery-item'>\n\t\t\t<div class='gallery-icon landscape'>\n\t\t\t\t<a data-elementor-open-lightbox=\"yes\" data-elementor-lightbox-slideshow=\"f0b844c\" data-elementor-lightbox-title=\"Sousbois oct 21\" data-e-action-hash=\"#elementor-action%3Aaction%3Dlightbox%26settings%3DeyJpZCI6MjA0NSwidXJsIjoiaHR0cHM6XC9cL3BpZXJyZWt1ZW55LmZyXC9wXC93cC1jb250ZW50XC91cGxvYWRzXC8yMDIyXC8wOFwvU291c2JvaXMuanBnIiwic2xpZGVzaG93IjoiZjBiODQ0YyJ9\" data-elementor-lightbox-description=\"mai20-3\" href='https:\/\/pierrekueny.fr\/p\/wp-content\/uploads\/2022\/08\/Sousbois.jpg'><img loading=\"lazy\" width=\"150\" height=\"150\" src=\"https:\/\/pierrekueny.fr\/p\/wp-content\/uploads\/2022\/08\/Sousbois-150x150.jpg\" class=\"attachment-thumbnail size-thumbnail\" alt=\"\" decoding=\"async\" aria-describedby=\"gallery-1-2045\" \/><\/a>\n\t\t\t<\/div>\n\t\t\t\t<figcaption class='wp-caption-text gallery-caption' id='gallery-1-2045'>\n\t\t\t\tAcrylique sur papier, 50&#215;65 cm\n\t\t\t\t<\/figcaption><\/figure><figure class='gallery-item'>\n\t\t\t<div class='gallery-icon portrait'>\n\t\t\t\t<a data-elementor-open-lightbox=\"yes\" data-elementor-lightbox-slideshow=\"f0b844c\" data-elementor-lightbox-title=\"Arbres de mars\" data-e-action-hash=\"#elementor-action%3Aaction%3Dlightbox%26settings%3DeyJpZCI6MjQ5MiwidXJsIjoiaHR0cHM6XC9cL3BpZXJyZWt1ZW55LmZyXC9wXC93cC1jb250ZW50XC91cGxvYWRzXC8yMDIzXC8wM1wvUDEwMzAzNjMtTS1RNzAuanBnIiwic2xpZGVzaG93IjoiZjBiODQ0YyJ9\" data-elementor-lightbox-description=\"Acrylique sur papier, 50x65, Mars 2023\" href='https:\/\/pierrekueny.fr\/p\/wp-content\/uploads\/2023\/03\/P1030363-M-Q70.jpg'><img loading=\"lazy\" width=\"150\" height=\"150\" src=\"https:\/\/pierrekueny.fr\/p\/wp-content\/uploads\/2023\/03\/P1030363-M-Q70-150x150.jpg\" class=\"attachment-thumbnail size-thumbnail\" alt=\"Acrylique sur papier, 50x65, Mars 2023\" decoding=\"async\" aria-describedby=\"gallery-1-2492\" \/><\/a>\n\t\t\t<\/div>\n\t\t\t\t<figcaption class='wp-caption-text gallery-caption' id='gallery-1-2492'>\n\t\t\t\tAcrylique sur papier, 50&#215;65, Mars 2023\n\t\t\t\t<\/figcaption><\/figure><figure class='gallery-item'>\n\t\t\t<div class='gallery-icon landscape'>\n\t\t\t\t<a data-elementor-open-lightbox=\"yes\" data-elementor-lightbox-slideshow=\"f0b844c\" data-elementor-lightbox-title=\"For\u00eat_l\u00e9g\u00e9re-20x25_2022\" data-e-action-hash=\"#elementor-action%3Aaction%3Dlightbox%26settings%3DeyJpZCI6MjI5NCwidXJsIjoiaHR0cHM6XC9cL3BpZXJyZWt1ZW55LmZyXC9wXC93cC1jb250ZW50XC91cGxvYWRzXC8yMDIzXC8wMVwvRm9yZXRfbGVnZXJlLTIweDI1XzIwMjIuanBnIiwic2xpZGVzaG93IjoiZjBiODQ0YyJ9\" data-elementor-lightbox-description=\"For\u00eat_l\u00e9g\u00e9re-20x25_2022\" href='https:\/\/pierrekueny.fr\/p\/wp-content\/uploads\/2023\/01\/Foret_legere-20x25_2022.jpg'><img loading=\"lazy\" width=\"150\" height=\"150\" src=\"https:\/\/pierrekueny.fr\/p\/wp-content\/uploads\/2023\/01\/Foret_legere-20x25_2022-150x150.jpg\" class=\"attachment-thumbnail size-thumbnail\" alt=\"For\u00eat_l\u00e9g\u00e9re-20x25_2022\" decoding=\"async\" aria-describedby=\"gallery-1-2294\" \/><\/a>\n\t\t\t<\/div>\n\t\t\t\t<figcaption class='wp-caption-text gallery-caption' id='gallery-1-2294'>\n\t\t\t\tFor\u00eat_l\u00e9g\u00e9re-20x25_2022\n\t\t\t\t<\/figcaption><\/figure><figure class='gallery-item'>\n\t\t\t<div class='gallery-icon portrait'>\n\t\t\t\t<a data-elementor-open-lightbox=\"yes\" data-elementor-lightbox-slideshow=\"f0b844c\" data-elementor-lightbox-title=\"jardin3-23X31-2022\" data-e-action-hash=\"#elementor-action%3Aaction%3Dlightbox%26settings%3DeyJpZCI6MjI5OSwidXJsIjoiaHR0cHM6XC9cL3BpZXJyZWt1ZW55LmZyXC9wXC93cC1jb250ZW50XC91cGxvYWRzXC8yMDIzXC8wMVwvamFyZGluMy0yM1gzMS0yMDIyLmpwZyIsInNsaWRlc2hvdyI6ImYwYjg0NGMifQ%3D%3D\" data-elementor-lightbox-description=\"jardin3-23X31-2022\" href='https:\/\/pierrekueny.fr\/p\/wp-content\/uploads\/2023\/01\/jardin3-23X31-2022.jpg'><img loading=\"lazy\" width=\"150\" height=\"150\" src=\"https:\/\/pierrekueny.fr\/p\/wp-content\/uploads\/2023\/01\/jardin3-23X31-2022-150x150.jpg\" class=\"attachment-thumbnail size-thumbnail\" alt=\"jardin3-23X31-2022\" decoding=\"async\" aria-describedby=\"gallery-1-2299\" \/><\/a>\n\t\t\t<\/div>\n\t\t\t\t<figcaption class='wp-caption-text gallery-caption' id='gallery-1-2299'>\n\t\t\t\tjardin3-23X31-2022\n\t\t\t\t<\/figcaption><\/figure><figure class='gallery-item'>\n\t\t\t<div class='gallery-icon portrait'>\n\t\t\t\t<a data-elementor-open-lightbox=\"yes\" data-elementor-lightbox-slideshow=\"f0b844c\" data-elementor-lightbox-title=\"sousbois2018\" data-e-action-hash=\"#elementor-action%3Aaction%3Dlightbox%26settings%3DeyJpZCI6MzE1OSwidXJsIjoiaHR0cHM6XC9cL3BpZXJyZWt1ZW55LmZyXC9wXC93cC1jb250ZW50XC91cGxvYWRzXC8yMDIzXC8xMVwvc291c2JvaXMyMDE4LndlYnAiLCJzbGlkZXNob3ciOiJmMGI4NDRjIn0%3D\" data-elementor-lightbox-description=\"jardin3-23X31-2022\" href='https:\/\/pierrekueny.fr\/p\/wp-content\/uploads\/2023\/11\/sousbois2018.webp'><img loading=\"lazy\" width=\"150\" height=\"150\" src=\"https:\/\/pierrekueny.fr\/p\/wp-content\/uploads\/2023\/11\/sousbois2018-150x150.webp\" class=\"attachment-thumbnail size-thumbnail\" alt=\"\" decoding=\"async\" \/><\/a>\n\t\t\t<\/div><\/figure><figure class='gallery-item'>\n\t\t\t<div class='gallery-icon landscape'>\n\t\t\t\t<a data-elementor-open-lightbox=\"yes\" data-elementor-lightbox-slideshow=\"f0b844c\" data-elementor-lightbox-title=\"lino\" data-e-action-hash=\"#elementor-action%3Aaction%3Dlightbox%26settings%3DeyJpZCI6Mjk1NSwidXJsIjoiaHR0cHM6XC9cL3BpZXJyZWt1ZW55LmZyXC9wXC93cC1jb250ZW50XC91cGxvYWRzXC8yMDIzXC8xMFwvbGluby53ZWJwIiwic2xpZGVzaG93IjoiZjBiODQ0YyJ9\" data-elementor-lightbox-description=\"Lino gravure, 20x 9 cm, 2022\" href='https:\/\/pierrekueny.fr\/p\/wp-content\/uploads\/2023\/10\/lino.webp'><img loading=\"lazy\" width=\"150\" height=\"150\" src=\"https:\/\/pierrekueny.fr\/p\/wp-content\/uploads\/2023\/10\/lino-150x150.webp\" class=\"attachment-thumbnail size-thumbnail\" alt=\"Lino gravure, 20x 9 cm, 2022\" decoding=\"async\" aria-describedby=\"gallery-1-2955\" \/><\/a>\n\t\t\t<\/div>\n\t\t\t\t<figcaption class='wp-caption-text gallery-caption' id='gallery-1-2955'>\n\t\t\t\tLino gravure, 20x 9 cm, 2022\n\t\t\t\t<\/figcaption><\/figure><figure class='gallery-item'>\n\t\t\t<div class='gallery-icon landscape'>\n\t\t\t\t<a data-elementor-open-lightbox=\"yes\" data-elementor-lightbox-slideshow=\"f0b844c\" data-elementor-lightbox-title=\"monopjardin\" data-e-action-hash=\"#elementor-action%3Aaction%3Dlightbox%26settings%3DeyJpZCI6MzE2MCwidXJsIjoiaHR0cHM6XC9cL3BpZXJyZWt1ZW55LmZyXC9wXC93cC1jb250ZW50XC91cGxvYWRzXC8yMDIzXC8xMVwvbW9ub3BqYXJkaW4uanBnIiwic2xpZGVzaG93IjoiZjBiODQ0YyJ9\" data-elementor-lightbox-description=\"Lino gravure, 20x 9 cm, 2022\" href='https:\/\/pierrekueny.fr\/p\/wp-content\/uploads\/2023\/11\/monopjardin.jpg'><img loading=\"lazy\" width=\"150\" height=\"150\" src=\"https:\/\/pierrekueny.fr\/p\/wp-content\/uploads\/2023\/11\/monopjardin-150x150.jpg\" class=\"attachment-thumbnail size-thumbnail\" alt=\"\" decoding=\"async\" \/><\/a>\n\t\t\t<\/div><\/figure><figure class='gallery-item'>\n\t\t\t<div class='gallery-icon portrait'>\n\t\t\t\t<a data-elementor-open-lightbox=\"yes\" data-elementor-lightbox-slideshow=\"f0b844c\" data-elementor-lightbox-title=\"EncoreUneForet\" data-e-action-hash=\"#elementor-action%3Aaction%3Dlightbox%26settings%3DeyJpZCI6MjUyMywidXJsIjoiaHR0cHM6XC9cL3BpZXJyZWt1ZW55LmZyXC9wXC93cC1jb250ZW50XC91cGxvYWRzXC8yMDIzXC8wNVwvRW5jb3JlVW5lRm9yZXQuanBnIiwic2xpZGVzaG93IjoiZjBiODQ0YyJ9\" data-elementor-lightbox-description=\"Encore une for\u00eat. Monotype 50 x 80 cm. 04 2023\" href='https:\/\/pierrekueny.fr\/p\/wp-content\/uploads\/2023\/05\/EncoreUneForet.jpg'><img loading=\"lazy\" width=\"150\" height=\"150\" src=\"https:\/\/pierrekueny.fr\/p\/wp-content\/uploads\/2023\/05\/EncoreUneForet-150x150.jpg\" class=\"attachment-thumbnail size-thumbnail\" alt=\"Encore une for\u00eat. Monotype 50 x 80 cm. 04 2023\" decoding=\"async\" aria-describedby=\"gallery-1-2523\" \/><\/a>\n\t\t\t<\/div>\n\t\t\t\t<figcaption class='wp-caption-text gallery-caption' id='gallery-1-2523'>\n\t\t\t\tEncore une for\u00eat. Monotype 50 x 80 cm. 04 2023\n\t\t\t\t<\/figcaption><\/figure><figure class='gallery-item'>\n\t\t\t<div class='gallery-icon portrait'>\n\t\t\t\t<a data-elementor-open-lightbox=\"yes\" data-elementor-lightbox-slideshow=\"f0b844c\" data-elementor-lightbox-title=\"foret-Z\" data-e-action-hash=\"#elementor-action%3Aaction%3Dlightbox%26settings%3DeyJpZCI6MTA3NCwidXJsIjoiaHR0cHM6XC9cL3BpZXJyZWt1ZW55LmZyXC9wXC93cC1jb250ZW50XC91cGxvYWRzXC8yMDIxXC8wNFwvZm9yZXQtWi5qcGciLCJzbGlkZXNob3ciOiJmMGI4NDRjIn0%3D\" data-elementor-lightbox-description=\"Encore une for\u00eat. Monotype 50 x 80 cm. 04 2023\" href='https:\/\/pierrekueny.fr\/p\/wp-content\/uploads\/2021\/04\/foret-Z.jpg'><img loading=\"lazy\" width=\"150\" height=\"150\" src=\"https:\/\/pierrekueny.fr\/p\/wp-content\/uploads\/2021\/04\/foret-Z-150x150.jpg\" class=\"attachment-thumbnail size-thumbnail\" alt=\"\" decoding=\"async\" \/><\/a>\n\t\t\t<\/div><\/figure><figure class='gallery-item'>\n\t\t\t<div class='gallery-icon portrait'>\n\t\t\t\t<a data-elementor-open-lightbox=\"yes\" data-elementor-lightbox-slideshow=\"f0b844c\" data-elementor-lightbox-title=\"foretprofondejpg\" data-e-action-hash=\"#elementor-action%3Aaction%3Dlightbox%26settings%3DeyJpZCI6ODgwLCJ1cmwiOiJodHRwczpcL1wvcGllcnJla3VlbnkuZnJcL3BcL3dwLWNvbnRlbnRcL3VwbG9hZHNcLzIwMjFcLzA0XC9mb3JldHByb2ZvbmRlanBnLmpwZyIsInNsaWRlc2hvdyI6ImYwYjg0NGMifQ%3D%3D\" data-elementor-lightbox-description=\"Encore une for\u00eat. Monotype 50 x 80 cm. 04 2023\" href='https:\/\/pierrekueny.fr\/p\/wp-content\/uploads\/2021\/04\/foretprofondejpg.jpg'><img loading=\"lazy\" width=\"150\" height=\"150\" src=\"https:\/\/pierrekueny.fr\/p\/wp-content\/uploads\/2021\/04\/foretprofondejpg-150x150.jpg\" class=\"attachment-thumbnail size-thumbnail\" alt=\"\" decoding=\"async\" \/><\/a>\n\t\t\t<\/div><\/figure><figure class='gallery-item'>\n\t\t\t<div class='gallery-icon portrait'>\n\t\t\t\t<a data-elementor-open-lightbox=\"yes\" data-elementor-lightbox-slideshow=\"f0b844c\" data-elementor-lightbox-title=\"mixD\" data-e-action-hash=\"#elementor-action%3Aaction%3Dlightbox%26settings%3DeyJpZCI6MTQyOCwidXJsIjoiaHR0cHM6XC9cL3BpZXJyZWt1ZW55LmZyXC9wXC93cC1jb250ZW50XC91cGxvYWRzXC8yMDIxXC8wNlwvbWl4RC5qcGciLCJzbGlkZXNob3ciOiJmMGI4NDRjIn0%3D\" data-elementor-lightbox-description=\"Palette graphique \u00e0 partir d&#039;un monotype, Juin 2021\" href='https:\/\/pierrekueny.fr\/p\/wp-content\/uploads\/2021\/06\/mixD.jpg'><img loading=\"lazy\" width=\"150\" height=\"150\" src=\"https:\/\/pierrekueny.fr\/p\/wp-content\/uploads\/2021\/06\/mixD-150x150.jpg\" class=\"attachment-thumbnail size-thumbnail\" alt=\"Monotype, palette graphique, Juin 2021\" decoding=\"async\" aria-describedby=\"gallery-1-1428\" \/><\/a>\n\t\t\t<\/div>\n\t\t\t\t<figcaption class='wp-caption-text gallery-caption' id='gallery-1-1428'>\n\t\t\t\tPalette graphique \u00e0 partir d&rsquo;un monotype, Juin 2021\n\t\t\t\t<\/figcaption><\/figure><figure class='gallery-item'>\n\t\t\t<div class='gallery-icon portrait'>\n\t\t\t\t<a data-elementor-open-lightbox=\"yes\" data-elementor-lightbox-slideshow=\"f0b844c\" data-elementor-lightbox-title=\"morceau\" data-e-action-hash=\"#elementor-action%3Aaction%3Dlightbox%26settings%3DeyJpZCI6MzE2NSwidXJsIjoiaHR0cHM6XC9cL3BpZXJyZWt1ZW55LmZyXC9wXC93cC1jb250ZW50XC91cGxvYWRzXC8yMDIzXC8xMVwvbW9yY2VhdS53ZWJwIiwic2xpZGVzaG93IjoiZjBiODQ0YyJ9\" data-elementor-lightbox-description=\"Palette graphique \u00e0 partir d&#039;un monotype, Juin 2021\" href='https:\/\/pierrekueny.fr\/p\/wp-content\/uploads\/2023\/11\/morceau.webp'><img loading=\"lazy\" width=\"150\" height=\"150\" src=\"https:\/\/pierrekueny.fr\/p\/wp-content\/uploads\/2023\/11\/morceau-150x150.webp\" class=\"attachment-thumbnail size-thumbnail\" alt=\"\" decoding=\"async\" \/><\/a>\n\t\t\t<\/div><\/figure>\n\t\t<\/div>\n\t\t<\/div>\n\t\t\t\t<\/div>\n\t\t\t\t<\/div>\n\t\t\t\t\t<\/div>\n\t\t<\/div>\n\t\t\t\t\t<\/div>\n\t\t<\/section>\n\t\t\t\t<\/div>\n\t\t","protected":false},"excerpt":{"rendered":"<p>lavis,fusain,cont\u00e9 blanc sur papier, 92&#215;73 cm Crayon, 23 x 32 cm, mai 2022 Encre de&#8230;<\/p>\n<div class=\"more-link-wrapper\"><a class=\"more-link\" href=\"https:\/\/pierrekueny.fr\/p\/expo-fjt\/\">Read the post<span class=\"screen-reader-text\">Expo FJT<\/span><\/a><\/div>\n","protected":false},"author":1,"featured_media":0,"parent":0,"menu_order":0,"comment_status":"closed","ping_status":"closed","template":"","meta":[],"_links":{"self":[{"href":"https:\/\/pierrekueny.fr\/p\/wp-json\/wp\/v2\/pages\/3147"}],"collection":[{"href":"https:\/\/pierrekueny.fr\/p\/wp-json\/wp\/v2\/pages"}],"about":[{"href":"https:\/\/pierrekueny.fr\/p\/wp-json\/wp\/v2\/types\/page"}],"author":[{"embeddable":true,"href":"https:\/\/pierrekueny.fr\/p\/wp-json\/wp\/v2\/users\/1"}],"replies":[{"embeddable":true,"href":"https:\/\/pierrekueny.fr\/p\/wp-json\/wp\/v2\/comments?post=3147"}],"version-history":[{"count":9,"href":"https:\/\/pierrekueny.fr\/p\/wp-json\/wp\/v2\/pages\/3147\/revisions"}],"predecessor-version":[{"id":3168,"href":"https:\/\/pierrekueny.fr\/p\/wp-json\/wp\/v2\/pages\/3147\/revisions\/3168"}],"wp:attachment":[{"href":"https:\/\/pierrekueny.fr\/p\/wp-json\/wp\/v2\/media?parent=3147"}],"curies":[{"name":"wp","href":"https:\/\/api.w.org\/{rel}","templated":true}]}}