{"id":3417,"date":"2024-08-04T10:20:05","date_gmt":"2024-08-04T08:20:05","guid":{"rendered":"https:\/\/pierrekueny.fr\/p\/?page_id=3417"},"modified":"2024-09-13T17:03:11","modified_gmt":"2024-09-13T15:03:11","slug":"une-pointe-de-melancolie","status":"publish","type":"page","link":"https:\/\/pierrekueny.fr\/p\/une-pointe-de-melancolie\/","title":{"rendered":"Une pointe de m\u00e9lancolie"},"content":{"rendered":"\t\t<div data-elementor-type=\"wp-page\" data-elementor-id=\"3417\" class=\"elementor elementor-3417\" data-elementor-settings=\"{&quot;ha_cmc_init_switcher&quot;:&quot;no&quot;}\">\n\t\t\t\t\t\t<section class=\"elementor-section elementor-top-section elementor-element elementor-element-cfc05da elementor-section-boxed elementor-section-height-default elementor-section-height-default\" data-id=\"cfc05da\" data-element_type=\"section\" data-settings=\"{&quot;_ha_eqh_enable&quot;:false}\">\n\t\t\t\t\t\t<div class=\"elementor-container elementor-column-gap-default\">\n\t\t\t\t\t<div class=\"elementor-column elementor-col-100 elementor-top-column elementor-element elementor-element-655b38b\" data-id=\"655b38b\" data-element_type=\"column\">\n\t\t\t<div class=\"elementor-widget-wrap elementor-element-populated\">\n\t\t\t\t\t\t<div class=\"elementor-element elementor-element-6c34172 elementor-widget elementor-widget-image-gallery\" data-id=\"6c34172\" data-element_type=\"widget\" data-widget_type=\"image-gallery.default\">\n\t\t\t\t<div class=\"elementor-widget-container\">\n\t\t\t\t\t<div class=\"elementor-image-gallery\">\n\t\t\t<div id='gallery-1' class='gallery galleryid-3417 gallery-columns-4 gallery-size-thumbnail'><figure class='gallery-item'>\n\t\t\t<div class='gallery-icon landscape'>\n\t\t\t\t<a data-elementor-open-lightbox=\"yes\" data-elementor-lightbox-slideshow=\"6c34172\" data-elementor-lightbox-title=\"Publi-RefEdit\" data-e-action-hash=\"#elementor-action%3Aaction%3Dlightbox%26settings%3DeyJpZCI6MzQxOCwidXJsIjoiaHR0cHM6XC9cL3BpZXJyZWt1ZW55LmZyXC9wXC93cC1jb250ZW50XC91cGxvYWRzXC8yMDI0XC8wOFwvUHVibGktUmVmRWRpdC5qcGciLCJzbGlkZXNob3ciOiI2YzM0MTcyIn0%3D\" href='https:\/\/pierrekueny.fr\/p\/wp-content\/uploads\/2024\/08\/Publi-RefEdit.jpg'><img width=\"150\" height=\"150\" src=\"https:\/\/pierrekueny.fr\/p\/wp-content\/uploads\/2024\/08\/Publi-RefEdit-150x150.jpg\" class=\"attachment-thumbnail size-thumbnail\" alt=\"\" decoding=\"async\" \/><\/a>\n\t\t\t<\/div><\/figure><figure class='gallery-item'>\n\t\t\t<div class='gallery-icon landscape'>\n\t\t\t\t<a data-elementor-open-lightbox=\"yes\" data-elementor-lightbox-slideshow=\"6c34172\" data-elementor-lightbox-title=\"P24\" data-e-action-hash=\"#elementor-action%3Aaction%3Dlightbox%26settings%3DeyJpZCI6MzQyMCwidXJsIjoiaHR0cHM6XC9cL3BpZXJyZWt1ZW55LmZyXC9wXC93cC1jb250ZW50XC91cGxvYWRzXC8yMDI0XC8wOFwvUDI0LXNjYWxlZC5qcGciLCJzbGlkZXNob3ciOiI2YzM0MTcyIn0%3D\" href='https:\/\/pierrekueny.fr\/p\/wp-content\/uploads\/2024\/08\/P24-scaled.jpg'><img width=\"150\" height=\"150\" src=\"https:\/\/pierrekueny.fr\/p\/wp-content\/uploads\/2024\/08\/P24-150x150.jpg\" class=\"attachment-thumbnail size-thumbnail\" alt=\"\" decoding=\"async\" \/><\/a>\n\t\t\t<\/div><\/figure><figure class='gallery-item'>\n\t\t\t<div class='gallery-icon landscape'>\n\t\t\t\t<a data-elementor-open-lightbox=\"yes\" data-elementor-lightbox-slideshow=\"6c34172\" data-elementor-lightbox-title=\"P26\" data-e-action-hash=\"#elementor-action%3Aaction%3Dlightbox%26settings%3DeyJpZCI6MzQyMSwidXJsIjoiaHR0cHM6XC9cL3BpZXJyZWt1ZW55LmZyXC9wXC93cC1jb250ZW50XC91cGxvYWRzXC8yMDI0XC8wOFwvUDI2LXNjYWxlZC5qcGciLCJzbGlkZXNob3ciOiI2YzM0MTcyIn0%3D\" href='https:\/\/pierrekueny.fr\/p\/wp-content\/uploads\/2024\/08\/P26-scaled.jpg'><img width=\"150\" height=\"150\" src=\"https:\/\/pierrekueny.fr\/p\/wp-content\/uploads\/2024\/08\/P26-150x150.jpg\" class=\"attachment-thumbnail size-thumbnail\" alt=\"\" decoding=\"async\" \/><\/a>\n\t\t\t<\/div><\/figure><figure class='gallery-item'>\n\t\t\t<div class='gallery-icon landscape'>\n\t\t\t\t<a data-elementor-open-lightbox=\"yes\" data-elementor-lightbox-slideshow=\"6c34172\" data-elementor-lightbox-title=\"P37\" data-e-action-hash=\"#elementor-action%3Aaction%3Dlightbox%26settings%3DeyJpZCI6MzQyMiwidXJsIjoiaHR0cHM6XC9cL3BpZXJyZWt1ZW55LmZyXC9wXC93cC1jb250ZW50XC91cGxvYWRzXC8yMDI0XC8wOFwvUDM3LXNjYWxlZC5qcGciLCJzbGlkZXNob3ciOiI2YzM0MTcyIn0%3D\" href='https:\/\/pierrekueny.fr\/p\/wp-content\/uploads\/2024\/08\/P37-scaled.jpg'><img loading=\"lazy\" width=\"150\" height=\"150\" src=\"https:\/\/pierrekueny.fr\/p\/wp-content\/uploads\/2024\/08\/P37-150x150.jpg\" class=\"attachment-thumbnail size-thumbnail\" alt=\"\" decoding=\"async\" \/><\/a>\n\t\t\t<\/div><\/figure><figure class='gallery-item'>\n\t\t\t<div class='gallery-icon landscape'>\n\t\t\t\t<a data-elementor-open-lightbox=\"yes\" data-elementor-lightbox-slideshow=\"6c34172\" data-elementor-lightbox-title=\"P50\" data-e-action-hash=\"#elementor-action%3Aaction%3Dlightbox%26settings%3DeyJpZCI6MzQyMywidXJsIjoiaHR0cHM6XC9cL3BpZXJyZWt1ZW55LmZyXC9wXC93cC1jb250ZW50XC91cGxvYWRzXC8yMDI0XC8wOFwvUDUwLXNjYWxlZC5qcGciLCJzbGlkZXNob3ciOiI2YzM0MTcyIn0%3D\" href='https:\/\/pierrekueny.fr\/p\/wp-content\/uploads\/2024\/08\/P50-scaled.jpg'><img loading=\"lazy\" width=\"150\" height=\"150\" src=\"https:\/\/pierrekueny.fr\/p\/wp-content\/uploads\/2024\/08\/P50-150x150.jpg\" class=\"attachment-thumbnail size-thumbnail\" alt=\"\" decoding=\"async\" \/><\/a>\n\t\t\t<\/div><\/figure><figure class='gallery-item'>\n\t\t\t<div class='gallery-icon landscape'>\n\t\t\t\t<a data-elementor-open-lightbox=\"yes\" data-elementor-lightbox-slideshow=\"6c34172\" data-elementor-lightbox-title=\"copertina\" data-e-action-hash=\"#elementor-action%3Aaction%3Dlightbox%26settings%3DeyJpZCI6MzQxOSwidXJsIjoiaHR0cHM6XC9cL3BpZXJyZWt1ZW55LmZyXC9wXC93cC1jb250ZW50XC91cGxvYWRzXC8yMDI0XC8wOFwvY29wZXJ0aW5hLndlYnAiLCJzbGlkZXNob3ciOiI2YzM0MTcyIn0%3D\" href='https:\/\/pierrekueny.fr\/p\/wp-content\/uploads\/2024\/08\/copertina.webp'><img loading=\"lazy\" width=\"150\" height=\"150\" src=\"https:\/\/pierrekueny.fr\/p\/wp-content\/uploads\/2024\/08\/copertina-150x150.webp\" class=\"attachment-thumbnail size-thumbnail\" alt=\"\" decoding=\"async\" \/><\/a>\n\t\t\t<\/div><\/figure>\n\t\t<\/div>\n\t\t<\/div>\n\t\t\t\t<\/div>\n\t\t\t\t<\/div>\n\t\t\t\t\t<\/div>\n\t\t<\/div>\n\t\t\t\t\t<\/div>\n\t\t<\/section>\n\t\t\t\t<section class=\"elementor-section elementor-top-section elementor-element elementor-element-88f78d7 elementor-section-boxed elementor-section-height-default elementor-section-height-default\" data-id=\"88f78d7\" data-element_type=\"section\" data-settings=\"{&quot;_ha_eqh_enable&quot;:false}\">\n\t\t\t\t\t\t<div class=\"elementor-container elementor-column-gap-default\">\n\t\t\t\t\t<div class=\"elementor-column elementor-col-100 elementor-top-column elementor-element elementor-element-74974a2\" data-id=\"74974a2\" data-element_type=\"column\">\n\t\t\t<div class=\"elementor-widget-wrap elementor-element-populated\">\n\t\t\t\t\t\t<div class=\"elementor-element elementor-element-c3f003e elementor-widget elementor-widget-text-editor\" data-id=\"c3f003e\" data-element_type=\"widget\" data-widget_type=\"text-editor.default\">\n\t\t\t\t<div class=\"elementor-widget-container\">\n\t\t\t\t\t\t\t<p style=\"text-align: center;\"><span style=\"color: #00ffff;\"><a style=\"color: #00ffff;\" href=\"https:\/\/www.editions-harmattan.fr\/livre-une_pointe_de_melancolie_schneider_sylvia-9782336480244-80830.html\">Le recueil est disponible sur le site de L&rsquo; HARMATTAN<\/a><br \/><\/span><\/p><p style=\"text-align: center;\"><span style=\"color: #00ffff;\">\u00a0<\/span><\/p>\t\t\t\t\t\t<\/div>\n\t\t\t\t<\/div>\n\t\t\t\t<div data-ha-element-link=\"{&quot;url&quot;:&quot;https:\\\/\\\/www.editions-harmattan.fr\\\/livre-une_pointe_de_melancolie_schneider_sylvia-9782336480244-80830.html&quot;,&quot;is_external&quot;:&quot;&quot;,&quot;nofollow&quot;:&quot;&quot;}\" style=\"cursor: pointer\" class=\"elementor-element elementor-element-66d7e25 e-transform elementor-widget elementor-widget-image\" data-id=\"66d7e25\" data-element_type=\"widget\" data-settings=\"{&quot;_transform_scale_effect&quot;:{&quot;unit&quot;:&quot;px&quot;,&quot;size&quot;:0.4,&quot;sizes&quot;:[]},&quot;_transform_scale_effect_tablet&quot;:{&quot;unit&quot;:&quot;px&quot;,&quot;size&quot;:&quot;&quot;,&quot;sizes&quot;:[]},&quot;_transform_scale_effect_mobile&quot;:{&quot;unit&quot;:&quot;px&quot;,&quot;size&quot;:&quot;&quot;,&quot;sizes&quot;:[]}}\" data-widget_type=\"image.default\">\n\t\t\t\t<div class=\"elementor-widget-container\">\n\t\t\t\t\t\t\t\t\t\t\t\t\t<img loading=\"lazy\" decoding=\"async\" width=\"249\" height=\"105\" src=\"https:\/\/pierrekueny.fr\/p\/wp-content\/uploads\/2024\/08\/Sans-titre.webp\" class=\"attachment-medium_large size-medium_large wp-image-3472\" alt=\"\" \/>\t\t\t\t\t\t\t\t\t\t\t\t\t<\/div>\n\t\t\t\t<\/div>\n\t\t\t\t\t<\/div>\n\t\t<\/div>\n\t\t\t\t\t<\/div>\n\t\t<\/section>\n\t\t\t\t<section class=\"elementor-section elementor-top-section elementor-element elementor-element-0415902 elementor-section-boxed elementor-section-height-default elementor-section-height-default\" data-id=\"0415902\" data-element_type=\"section\" data-settings=\"{&quot;_ha_eqh_enable&quot;:false}\">\n\t\t\t\t\t\t<div class=\"elementor-container elementor-column-gap-default\">\n\t\t\t\t\t<div class=\"elementor-column elementor-col-100 elementor-top-column elementor-element elementor-element-bf9f288\" data-id=\"bf9f288\" data-element_type=\"column\">\n\t\t\t<div class=\"elementor-widget-wrap elementor-element-populated\">\n\t\t\t\t\t\t<div class=\"elementor-element elementor-element-36befa1 elementor-widget elementor-widget-heading\" data-id=\"36befa1\" data-element_type=\"widget\" data-widget_type=\"heading.default\">\n\t\t\t\t<div class=\"elementor-widget-container\">\n\t\t\t<h2 class=\"elementor-heading-title elementor-size-default\">Une pr\u00e9sentation d'Evangeline BRUNOY :<\/h2>\t\t<\/div>\n\t\t\t\t<\/div>\n\t\t\t\t<div class=\"elementor-element elementor-element-9978eaa elementor-align-center elementor-widget elementor-widget-button\" data-id=\"9978eaa\" data-element_type=\"widget\" data-widget_type=\"button.default\">\n\t\t\t\t<div class=\"elementor-widget-container\">\n\t\t\t\t\t<div class=\"elementor-button-wrapper\">\n\t\t\t<a class=\"elementor-button elementor-button-link elementor-size-sm\" href=\"https:\/\/www.youtube.com\/watch?v=PmI8G-_Oshw\">\n\t\t\t\t\t\t<span class=\"elementor-button-content-wrapper\">\n\t\t\t\t\t\t\t\t\t<span class=\"elementor-button-text\">Cliquez ici<\/span>\n\t\t\t\t\t<\/span>\n\t\t\t\t\t<\/a>\n\t\t<\/div>\n\t\t\t\t<\/div>\n\t\t\t\t<\/div>\n\t\t\t\t\t<\/div>\n\t\t<\/div>\n\t\t\t\t\t<\/div>\n\t\t<\/section>\n\t\t\t\t<section class=\"elementor-section elementor-top-section elementor-element elementor-element-46ffa3f elementor-section-boxed elementor-section-height-default elementor-section-height-default\" data-id=\"46ffa3f\" data-element_type=\"section\" data-settings=\"{&quot;_ha_eqh_enable&quot;:false}\">\n\t\t\t\t\t\t<div class=\"elementor-container elementor-column-gap-default\">\n\t\t\t\t\t<div class=\"elementor-column elementor-col-100 elementor-top-column elementor-element elementor-element-461c9f6\" data-id=\"461c9f6\" data-element_type=\"column\">\n\t\t\t<div class=\"elementor-widget-wrap elementor-element-populated\">\n\t\t\t\t\t\t<div class=\"elementor-element elementor-element-3c1e1c6 elementor-widget elementor-widget-heading\" data-id=\"3c1e1c6\" data-element_type=\"widget\" data-widget_type=\"heading.default\">\n\t\t\t\t<div class=\"elementor-widget-container\">\n\t\t\t<h2 class=\"elementor-heading-title elementor-size-default\">Une pr\u00e9sentation vid\u00e9o :<\/h2>\t\t<\/div>\n\t\t\t\t<\/div>\n\t\t\t\t\t<\/div>\n\t\t<\/div>\n\t\t\t\t\t<\/div>\n\t\t<\/section>\n\t\t\t\t<section class=\"elementor-section elementor-top-section elementor-element elementor-element-76273e9 elementor-section-boxed elementor-section-height-default elementor-section-height-default\" data-id=\"76273e9\" data-element_type=\"section\" data-settings=\"{&quot;_ha_eqh_enable&quot;:false}\">\n\t\t\t\t\t\t<div class=\"elementor-container elementor-column-gap-default\">\n\t\t\t\t\t<div class=\"elementor-column elementor-col-100 elementor-top-column elementor-element elementor-element-f44d1d3\" data-id=\"f44d1d3\" data-element_type=\"column\">\n\t\t\t<div class=\"elementor-widget-wrap elementor-element-populated\">\n\t\t\t\t\t\t<div class=\"elementor-element elementor-element-49b112e elementor-widget elementor-widget-video\" data-id=\"49b112e\" data-element_type=\"widget\" data-settings=\"{&quot;video_type&quot;:&quot;vimeo&quot;}\" data-widget_type=\"video.default\">\n\t\t\t\t<div class=\"elementor-widget-container\">\n\t\t\t\t\t<div class=\"elementor-wrapper elementor-open-inline\">\n\t\t\t<iframe class=\"elementor-video-iframe\" allowfullscreen allow=\"clipboard-write\" title=\"Lecteur vid\u00e9o vimeo\" src=\"https:\/\/player.vimeo.com\/video\/1004644132?color&amp;autopause=0&amp;loop=0&amp;muted=0&amp;title=1&amp;portrait=1&amp;byline=1#t=\"><\/iframe>\t\t<\/div>\n\t\t\t\t<\/div>\n\t\t\t\t<\/div>\n\t\t\t\t\t<\/div>\n\t\t<\/div>\n\t\t\t\t\t<\/div>\n\t\t<\/section>\n\t\t\t\t<section class=\"elementor-section elementor-top-section elementor-element elementor-element-1477197 elementor-section-boxed elementor-section-height-default elementor-section-height-default\" data-id=\"1477197\" data-element_type=\"section\" data-settings=\"{&quot;_ha_eqh_enable&quot;:false}\">\n\t\t\t\t\t\t<div class=\"elementor-container elementor-column-gap-default\">\n\t\t\t\t\t<div class=\"elementor-column elementor-col-100 elementor-top-column elementor-element elementor-element-5a4773a\" data-id=\"5a4773a\" data-element_type=\"column\">\n\t\t\t<div class=\"elementor-widget-wrap elementor-element-populated\">\n\t\t\t\t\t\t<div class=\"elementor-element elementor-element-eeee166 elementor-widget elementor-widget-heading\" data-id=\"eeee166\" data-element_type=\"widget\" data-widget_type=\"heading.default\">\n\t\t\t\t<div class=\"elementor-widget-container\">\n\t\t\t<h2 class=\"elementor-heading-title elementor-size-default\">Une boite \u00e0 Dessins et \u00e0 po\u00e8mes :<\/h2>\t\t<\/div>\n\t\t\t\t<\/div>\n\t\t\t\t\t<\/div>\n\t\t<\/div>\n\t\t\t\t\t<\/div>\n\t\t<\/section>\n\t\t\t\t<section class=\"elementor-section elementor-top-section elementor-element elementor-element-1bfde97 elementor-section-boxed elementor-section-height-default elementor-section-height-default\" data-id=\"1bfde97\" data-element_type=\"section\" data-settings=\"{&quot;_ha_eqh_enable&quot;:false}\">\n\t\t\t\t\t\t<div class=\"elementor-container elementor-column-gap-default\">\n\t\t\t\t\t<div class=\"elementor-column elementor-col-100 elementor-top-column elementor-element elementor-element-bb00796\" data-id=\"bb00796\" data-element_type=\"column\">\n\t\t\t<div class=\"elementor-widget-wrap elementor-element-populated\">\n\t\t\t\t\t\t<div class=\"elementor-element elementor-element-91d5872 elementor-widget elementor-widget-text-editor\" data-id=\"91d5872\" data-element_type=\"widget\" data-widget_type=\"text-editor.default\">\n\t\t\t\t<div class=\"elementor-widget-container\">\n\t\t\t\t\t\t\t<p>Recueil d&rsquo;esquisses, de dessin et de tirages.<\/p><p>Tirages jet d&rsquo;encre sur papier 250gr, format A3, recto, pr\u00e9sent\u00e9 dans un carton \u00e0 dessin.<\/p><p>La version pr\u00e9sent\u00e9e est en basse r\u00e9solution.<\/p>\t\t\t\t\t\t<\/div>\n\t\t\t\t<\/div>\n\t\t\t\t<div class=\"elementor-element elementor-element-2692aa5 elementor-align-center elementor-widget elementor-widget-button\" data-id=\"2692aa5\" data-element_type=\"widget\" data-widget_type=\"button.default\">\n\t\t\t\t<div class=\"elementor-widget-container\">\n\t\t\t\t\t<div class=\"elementor-button-wrapper\">\n\t\t\t<a class=\"elementor-button elementor-button-link elementor-size-sm\" href=\"https:\/\/pierrekueny.fr\/publi\/SchneiderKueny\/Cheminements.pdf\">\n\t\t\t\t\t\t<span class=\"elementor-button-content-wrapper\">\n\t\t\t\t\t\t\t\t\t<span class=\"elementor-button-text\">Ouvrir la boite<\/span>\n\t\t\t\t\t<\/span>\n\t\t\t\t\t<\/a>\n\t\t<\/div>\n\t\t\t\t<\/div>\n\t\t\t\t<\/div>\n\t\t\t\t\t<\/div>\n\t\t<\/div>\n\t\t\t\t\t<\/div>\n\t\t<\/section>\n\t\t\t\t<section class=\"elementor-section elementor-top-section elementor-element elementor-element-648e0a5 elementor-section-boxed elementor-section-height-default elementor-section-height-default\" data-id=\"648e0a5\" data-element_type=\"section\" data-settings=\"{&quot;_ha_eqh_enable&quot;:false}\">\n\t\t\t\t\t\t<div class=\"elementor-container elementor-column-gap-default\">\n\t\t\t\t\t<div class=\"elementor-column elementor-col-100 elementor-top-column elementor-element elementor-element-3aefe5b\" data-id=\"3aefe5b\" data-element_type=\"column\">\n\t\t\t<div class=\"elementor-widget-wrap elementor-element-populated\">\n\t\t\t\t\t\t<div class=\"elementor-element elementor-element-d8efbe0 elementor-widget elementor-widget-image\" data-id=\"d8efbe0\" data-element_type=\"widget\" data-widget_type=\"image.default\">\n\t\t\t\t<div class=\"elementor-widget-container\">\n\t\t\t\t\t\t\t\t\t\t\t\t\t\t<a href=\"https:\/\/pierrekueny.fr\/publi\/SchneiderKueny\/Cheminements.pdf\">\n\t\t\t\t\t\t\t<img loading=\"lazy\" decoding=\"async\" width=\"566\" height=\"800\" src=\"https:\/\/pierrekueny.fr\/p\/wp-content\/uploads\/2024\/08\/MonstreV1-couv.webp\" class=\"attachment-medium_large size-medium_large wp-image-3453\" alt=\"\" srcset=\"https:\/\/pierrekueny.fr\/p\/wp-content\/uploads\/2024\/08\/MonstreV1-couv.webp 566w, https:\/\/pierrekueny.fr\/p\/wp-content\/uploads\/2024\/08\/MonstreV1-couv-212x300.webp 212w\" sizes=\"(max-width: 566px) 100vw, 566px\" \/>\t\t\t\t\t\t\t\t<\/a>\n\t\t\t\t\t\t\t\t\t\t\t\t\t<\/div>\n\t\t\t\t<\/div>\n\t\t\t\t\t<\/div>\n\t\t<\/div>\n\t\t\t\t\t<\/div>\n\t\t<\/section>\n\t\t\t\t<\/div>\n\t\t","protected":false},"excerpt":{"rendered":"<p>Le recueil est disponible sur le site de L&rsquo; HARMATTAN \u00a0 Une pr\u00e9sentation d&rsquo;Evangeline BRUNOY&#8230;<\/p>\n<div class=\"more-link-wrapper\"><a class=\"more-link\" href=\"https:\/\/pierrekueny.fr\/p\/une-pointe-de-melancolie\/\">Read the post<span class=\"screen-reader-text\">Une pointe de m\u00e9lancolie<\/span><\/a><\/div>\n","protected":false},"author":1,"featured_media":0,"parent":0,"menu_order":0,"comment_status":"closed","ping_status":"closed","template":"elementor_header_footer","meta":[],"_links":{"self":[{"href":"https:\/\/pierrekueny.fr\/p\/wp-json\/wp\/v2\/pages\/3417"}],"collection":[{"href":"https:\/\/pierrekueny.fr\/p\/wp-json\/wp\/v2\/pages"}],"about":[{"href":"https:\/\/pierrekueny.fr\/p\/wp-json\/wp\/v2\/types\/page"}],"author":[{"embeddable":true,"href":"https:\/\/pierrekueny.fr\/p\/wp-json\/wp\/v2\/users\/1"}],"replies":[{"embeddable":true,"href":"https:\/\/pierrekueny.fr\/p\/wp-json\/wp\/v2\/comments?post=3417"}],"version-history":[{"count":42,"href":"https:\/\/pierrekueny.fr\/p\/wp-json\/wp\/v2\/pages\/3417\/revisions"}],"predecessor-version":[{"id":3494,"href":"https:\/\/pierrekueny.fr\/p\/wp-json\/wp\/v2\/pages\/3417\/revisions\/3494"}],"wp:attachment":[{"href":"https:\/\/pierrekueny.fr\/p\/wp-json\/wp\/v2\/media?parent=3417"}],"curies":[{"name":"wp","href":"https:\/\/api.w.org\/{rel}","templated":true}]}}