{"id":343,"date":"2020-11-07T19:26:49","date_gmt":"2020-11-07T18:26:49","guid":{"rendered":"https:\/\/pierrekueny.fr\/p\/?page_id=343"},"modified":"2025-07-06T17:30:24","modified_gmt":"2025-07-06T15:30:24","slug":"vie-de-boule","status":"publish","type":"page","link":"https:\/\/pierrekueny.fr\/p\/vie-de-boule\/","title":{"rendered":"Vie de boule"},"content":{"rendered":"\t\t<div data-elementor-type=\"wp-page\" data-elementor-id=\"343\" class=\"elementor elementor-343\" data-elementor-settings=\"{&quot;ha_cmc_init_switcher&quot;:&quot;no&quot;}\">\n\t\t\t\t\t\t<section class=\"elementor-section elementor-top-section elementor-element elementor-element-342f15d elementor-section-boxed elementor-section-height-default elementor-section-height-default\" data-id=\"342f15d\" data-element_type=\"section\" data-settings=\"{&quot;_ha_eqh_enable&quot;:false}\">\n\t\t\t\t\t\t<div class=\"elementor-container elementor-column-gap-default\">\n\t\t\t\t\t<div class=\"elementor-column elementor-col-100 elementor-top-column elementor-element elementor-element-aca4979\" data-id=\"aca4979\" data-element_type=\"column\">\n\t\t\t<div class=\"elementor-widget-wrap elementor-element-populated\">\n\t\t\t\t\t\t<div class=\"elementor-element elementor-element-66bb109 elementor-widget elementor-widget-heading\" data-id=\"66bb109\" data-element_type=\"widget\" data-widget_type=\"heading.default\">\n\t\t\t\t<div class=\"elementor-widget-container\">\n\t\t\t<h2 class=\"elementor-heading-title elementor-size-default\">Vie de boule<\/h2>\t\t<\/div>\n\t\t\t\t<\/div>\n\t\t\t\t<div class=\"elementor-element elementor-element-332ed8c elementor-widget elementor-widget-text-editor\" data-id=\"332ed8c\" data-element_type=\"widget\" data-widget_type=\"text-editor.default\">\n\t\t\t\t<div class=\"elementor-widget-container\">\n\t\t\t\t\t\t\t<p>Version 1 octobre 2020<\/p>\t\t\t\t\t\t<\/div>\n\t\t\t\t<\/div>\n\t\t\t\t\t<\/div>\n\t\t<\/div>\n\t\t\t\t\t<\/div>\n\t\t<\/section>\n\t\t\t\t<section class=\"elementor-section elementor-top-section elementor-element elementor-element-7c14ff1 elementor-section-boxed elementor-section-height-default elementor-section-height-default\" data-id=\"7c14ff1\" data-element_type=\"section\" data-settings=\"{&quot;_ha_eqh_enable&quot;:false}\">\n\t\t\t\t\t\t<div class=\"elementor-container elementor-column-gap-default\">\n\t\t\t\t\t<div class=\"elementor-column elementor-col-100 elementor-top-column elementor-element elementor-element-5209d1d\" data-id=\"5209d1d\" data-element_type=\"column\">\n\t\t\t<div class=\"elementor-widget-wrap elementor-element-populated\">\n\t\t\t\t\t\t<div class=\"elementor-element elementor-element-2309bf3 elementor-widget elementor-widget-text-editor\" data-id=\"2309bf3\" data-element_type=\"widget\" data-widget_type=\"text-editor.default\">\n\t\t\t\t<div class=\"elementor-widget-container\">\n\t\t\t\t\t\t\t<p>Plus exactement la rencontre d&rsquo;un petit cube et d&rsquo;une sph\u00e8re&#8230;<\/p>\t\t\t\t\t\t<\/div>\n\t\t\t\t<\/div>\n\t\t\t\t\t<\/div>\n\t\t<\/div>\n\t\t\t\t\t<\/div>\n\t\t<\/section>\n\t\t\t\t<section class=\"elementor-section elementor-top-section elementor-element elementor-element-3e8f33f elementor-section-boxed elementor-section-height-default elementor-section-height-default\" data-id=\"3e8f33f\" data-element_type=\"section\" data-settings=\"{&quot;_ha_eqh_enable&quot;:false}\">\n\t\t\t\t\t\t<div class=\"elementor-container elementor-column-gap-default\">\n\t\t\t\t\t<div class=\"elementor-column elementor-col-100 elementor-top-column elementor-element elementor-element-2d69454\" data-id=\"2d69454\" data-element_type=\"column\">\n\t\t\t<div class=\"elementor-widget-wrap elementor-element-populated\">\n\t\t\t\t\t\t<div class=\"elementor-element elementor-element-91c021b elementor-widget elementor-widget-video\" data-id=\"91c021b\" data-element_type=\"widget\" data-settings=\"{&quot;video_type&quot;:&quot;vimeo&quot;,&quot;autoplay&quot;:&quot;yes&quot;,&quot;play_on_mobile&quot;:&quot;yes&quot;,&quot;loop&quot;:&quot;yes&quot;}\" data-widget_type=\"video.default\">\n\t\t\t\t<div class=\"elementor-widget-container\">\n\t\t\t\t\t<div class=\"elementor-wrapper elementor-open-inline\">\n\t\t\t<iframe class=\"elementor-video-iframe\" allowfullscreen allow=\"autoplay\" title=\"Lecteur vid\u00e9o vimeo\" src=\"https:\/\/player.vimeo.com\/video\/470078857?autoplay=1&amp;playsinline=1&amp;color&amp;autopause=0&amp;loop=1&amp;muted=0&amp;title=0&amp;portrait=0&amp;byline=0#t=\"><\/iframe>\t\t<\/div>\n\t\t\t\t<\/div>\n\t\t\t\t<\/div>\n\t\t\t\t\t<\/div>\n\t\t<\/div>\n\t\t\t\t\t<\/div>\n\t\t<\/section>\n\t\t\t\t<section class=\"elementor-section elementor-top-section elementor-element elementor-element-7a5b334 elementor-section-boxed elementor-section-height-default elementor-section-height-default\" data-id=\"7a5b334\" data-element_type=\"section\" data-settings=\"{&quot;_ha_eqh_enable&quot;:false}\">\n\t\t\t\t\t\t<div class=\"elementor-container elementor-column-gap-default\">\n\t\t\t\t\t<div class=\"elementor-column elementor-col-100 elementor-top-column elementor-element elementor-element-974801f\" data-id=\"974801f\" data-element_type=\"column\">\n\t\t\t<div class=\"elementor-widget-wrap elementor-element-populated\">\n\t\t\t\t\t\t<div class=\"elementor-element elementor-element-f758fc5 elementor-widget elementor-widget-text-editor\" data-id=\"f758fc5\" data-element_type=\"widget\" data-widget_type=\"text-editor.default\">\n\t\t\t\t<div class=\"elementor-widget-container\">\n\t\t\t\t\t\t\t<p>Cet animatique utilise une technique d&rsquo;animation proc\u00e9durale. Il s&rsquo;agit d&rsquo;exploiter la r\u00e9p\u00e9tition et le positionnement d&rsquo;une forme par rapport \u00e0 une autre. Cette boite \u00e0 outil nomm\u00e9e MASH fut d\u00e9velopp\u00e9e par Mainframe North puis int\u00e9gr\u00e9e au logiciel Maya ( Autodesk). Quelques images de mise en place<strong>.<\/strong><\/p>\t\t\t\t\t\t<\/div>\n\t\t\t\t<\/div>\n\t\t\t\t\t<\/div>\n\t\t<\/div>\n\t\t\t\t\t<\/div>\n\t\t<\/section>\n\t\t\t\t<section class=\"elementor-section elementor-top-section elementor-element elementor-element-247fa5f elementor-section-boxed elementor-section-height-default elementor-section-height-default\" data-id=\"247fa5f\" data-element_type=\"section\" data-settings=\"{&quot;_ha_eqh_enable&quot;:false}\">\n\t\t\t\t\t\t<div class=\"elementor-container elementor-column-gap-default\">\n\t\t\t\t\t<div class=\"elementor-column elementor-col-100 elementor-top-column elementor-element elementor-element-8e84c93\" data-id=\"8e84c93\" data-element_type=\"column\">\n\t\t\t<div class=\"elementor-widget-wrap elementor-element-populated\">\n\t\t\t\t\t\t<div class=\"elementor-element elementor-element-492aa43 gallery-spacing-custom elementor-widget elementor-widget-image-gallery\" data-id=\"492aa43\" data-element_type=\"widget\" data-widget_type=\"image-gallery.default\">\n\t\t\t\t<div class=\"elementor-widget-container\">\n\t\t\t\t\t<div class=\"elementor-image-gallery\">\n\t\t\t<div id='gallery-1' class='gallery galleryid-343 gallery-columns-4 gallery-size-thumbnail'><figure class='gallery-item'>\n\t\t\t<div class='gallery-icon landscape'>\n\t\t\t\t<a data-elementor-open-lightbox=\"yes\" data-elementor-lightbox-slideshow=\"492aa43\" data-elementor-lightbox-title=\"mash-sphereedge1-800x600\" data-e-action-hash=\"#elementor-action%3Aaction%3Dlightbox%26settings%3DeyJpZCI6Mjg5LCJ1cmwiOiJodHRwczpcL1wvcGllcnJla3VlbnkuZnJcL3BcL3dwLWNvbnRlbnRcL3VwbG9hZHNcLzIwMjBcLzExXC9tYXNoLXNwaGVyZWVkZ2UxLTgwMHg2MDAtMS5qcGciLCJzbGlkZXNob3ciOiI0OTJhYTQzIn0%3D\" href='https:\/\/pierrekueny.fr\/p\/wp-content\/uploads\/2020\/11\/mash-sphereedge1-800x600-1.jpg'><img width=\"150\" height=\"150\" src=\"https:\/\/pierrekueny.fr\/p\/wp-content\/uploads\/2020\/11\/mash-sphereedge1-800x600-1-150x150.jpg\" class=\"attachment-thumbnail size-thumbnail\" alt=\"\" decoding=\"async\" \/><\/a>\n\t\t\t<\/div><\/figure><figure class='gallery-item'>\n\t\t\t<div class='gallery-icon landscape'>\n\t\t\t\t<a data-elementor-open-lightbox=\"yes\" data-elementor-lightbox-slideshow=\"492aa43\" data-elementor-lightbox-title=\"strenghtnoise3.0314-640x480\" data-e-action-hash=\"#elementor-action%3Aaction%3Dlightbox%26settings%3DeyJpZCI6MzEwLCJ1cmwiOiJodHRwczpcL1wvcGllcnJla3VlbnkuZnJcL3BcL3dwLWNvbnRlbnRcL3VwbG9hZHNcLzIwMjBcLzExXC9zdHJlbmdodG5vaXNlMy4wMzE0LTY0MHg0ODAtMS5qcGciLCJzbGlkZXNob3ciOiI0OTJhYTQzIn0%3D\" href='https:\/\/pierrekueny.fr\/p\/wp-content\/uploads\/2020\/11\/strenghtnoise3.0314-640x480-1.jpg'><img width=\"150\" height=\"150\" src=\"https:\/\/pierrekueny.fr\/p\/wp-content\/uploads\/2020\/11\/strenghtnoise3.0314-640x480-1-150x150.jpg\" class=\"attachment-thumbnail size-thumbnail\" alt=\"\" decoding=\"async\" \/><\/a>\n\t\t\t<\/div><\/figure><figure class='gallery-item'>\n\t\t\t<div class='gallery-icon landscape'>\n\t\t\t\t<a data-elementor-open-lightbox=\"yes\" data-elementor-lightbox-slideshow=\"492aa43\" data-elementor-lightbox-title=\"TestViB3\" data-e-action-hash=\"#elementor-action%3Aaction%3Dlightbox%26settings%3DeyJpZCI6MzExLCJ1cmwiOiJodHRwczpcL1wvcGllcnJla3VlbnkuZnJcL3BcL3dwLWNvbnRlbnRcL3VwbG9hZHNcLzIwMjBcLzExXC9UZXN0VmlCMy5qcGciLCJzbGlkZXNob3ciOiI0OTJhYTQzIn0%3D\" href='https:\/\/pierrekueny.fr\/p\/wp-content\/uploads\/2020\/11\/TestViB3.jpg'><img width=\"150\" height=\"150\" src=\"https:\/\/pierrekueny.fr\/p\/wp-content\/uploads\/2020\/11\/TestViB3-150x150.jpg\" class=\"attachment-thumbnail size-thumbnail\" alt=\"\" decoding=\"async\" \/><\/a>\n\t\t\t<\/div><\/figure><figure class='gallery-item'>\n\t\t\t<div class='gallery-icon landscape'>\n\t\t\t\t<a data-elementor-open-lightbox=\"yes\" data-elementor-lightbox-slideshow=\"492aa43\" data-elementor-lightbox-title=\"1292\" data-e-action-hash=\"#elementor-action%3Aaction%3Dlightbox%26settings%3DeyJpZCI6MjY0LCJ1cmwiOiJodHRwczpcL1wvcGllcnJla3VlbnkuZnJcL3BcL3dwLWNvbnRlbnRcL3VwbG9hZHNcLzIwMjBcLzExXC8xMjkyLmpwZyIsInNsaWRlc2hvdyI6IjQ5MmFhNDMifQ%3D%3D\" href='https:\/\/pierrekueny.fr\/p\/wp-content\/uploads\/2020\/11\/1292.jpg'><img loading=\"lazy\" width=\"150\" height=\"150\" src=\"https:\/\/pierrekueny.fr\/p\/wp-content\/uploads\/2020\/11\/1292-150x150.jpg\" class=\"attachment-thumbnail size-thumbnail\" alt=\"\" decoding=\"async\" \/><\/a>\n\t\t\t<\/div><\/figure><figure class='gallery-item'>\n\t\t\t<div class='gallery-icon landscape'>\n\t\t\t\t<a data-elementor-open-lightbox=\"yes\" data-elementor-lightbox-slideshow=\"492aa43\" data-elementor-lightbox-title=\"ecoute-512x384\" data-e-action-hash=\"#elementor-action%3Aaction%3Dlightbox%26settings%3DeyJpZCI6Mjc5LCJ1cmwiOiJodHRwczpcL1wvcGllcnJla3VlbnkuZnJcL3BcL3dwLWNvbnRlbnRcL3VwbG9hZHNcLzIwMjBcLzExXC9lY291dGUtNTEyeDM4NC0xLmpwZyIsInNsaWRlc2hvdyI6IjQ5MmFhNDMifQ%3D%3D\" href='https:\/\/pierrekueny.fr\/p\/wp-content\/uploads\/2020\/11\/ecoute-512x384-1.jpg'><img loading=\"lazy\" width=\"150\" height=\"150\" src=\"https:\/\/pierrekueny.fr\/p\/wp-content\/uploads\/2020\/11\/ecoute-512x384-1-150x150.jpg\" class=\"attachment-thumbnail size-thumbnail\" alt=\"\" decoding=\"async\" \/><\/a>\n\t\t\t<\/div><\/figure><figure class='gallery-item'>\n\t\t\t<div class='gallery-icon landscape'>\n\t\t\t\t<a data-elementor-open-lightbox=\"yes\" data-elementor-lightbox-slideshow=\"492aa43\" data-elementor-lightbox-title=\"trails1\" data-e-action-hash=\"#elementor-action%3Aaction%3Dlightbox%26settings%3DeyJpZCI6MzEzLCJ1cmwiOiJodHRwczpcL1wvcGllcnJla3VlbnkuZnJcL3BcL3dwLWNvbnRlbnRcL3VwbG9hZHNcLzIwMjBcLzExXC90cmFpbHMxLmpwZyIsInNsaWRlc2hvdyI6IjQ5MmFhNDMifQ%3D%3D\" href='https:\/\/pierrekueny.fr\/p\/wp-content\/uploads\/2020\/11\/trails1.jpg'><img loading=\"lazy\" width=\"150\" height=\"150\" src=\"https:\/\/pierrekueny.fr\/p\/wp-content\/uploads\/2020\/11\/trails1-150x150.jpg\" class=\"attachment-thumbnail size-thumbnail\" alt=\"\" decoding=\"async\" \/><\/a>\n\t\t\t<\/div><\/figure><figure class='gallery-item'>\n\t\t\t<div class='gallery-icon landscape'>\n\t\t\t\t<a data-elementor-open-lightbox=\"yes\" data-elementor-lightbox-slideshow=\"492aa43\" data-elementor-lightbox-title=\"bouleBoum1\" data-e-action-hash=\"#elementor-action%3Aaction%3Dlightbox%26settings%3DeyJpZCI6MjcyLCJ1cmwiOiJodHRwczpcL1wvcGllcnJla3VlbnkuZnJcL3BcL3dwLWNvbnRlbnRcL3VwbG9hZHNcLzIwMjBcLzExXC9ib3VsZUJvdW0xLnBuZyIsInNsaWRlc2hvdyI6IjQ5MmFhNDMifQ%3D%3D\" href='https:\/\/pierrekueny.fr\/p\/wp-content\/uploads\/2020\/11\/bouleBoum1.png'><img loading=\"lazy\" width=\"150\" height=\"150\" src=\"https:\/\/pierrekueny.fr\/p\/wp-content\/uploads\/2020\/11\/bouleBoum1-150x150.png\" class=\"attachment-thumbnail size-thumbnail\" alt=\"\" decoding=\"async\" \/><\/a>\n\t\t\t<\/div><\/figure><figure class='gallery-item'>\n\t\t\t<div class='gallery-icon landscape'>\n\t\t\t\t<a data-elementor-open-lightbox=\"yes\" data-elementor-lightbox-slideshow=\"492aa43\" data-elementor-lightbox-title=\"bouleBoumbis\" data-e-action-hash=\"#elementor-action%3Aaction%3Dlightbox%26settings%3DeyJpZCI6Mjc2LCJ1cmwiOiJodHRwczpcL1wvcGllcnJla3VlbnkuZnJcL3BcL3dwLWNvbnRlbnRcL3VwbG9hZHNcLzIwMjBcLzExXC9ib3VsZUJvdW1iaXMuanBnIiwic2xpZGVzaG93IjoiNDkyYWE0MyJ9\" href='https:\/\/pierrekueny.fr\/p\/wp-content\/uploads\/2020\/11\/bouleBoumbis.jpg'><img loading=\"lazy\" width=\"150\" height=\"150\" src=\"https:\/\/pierrekueny.fr\/p\/wp-content\/uploads\/2020\/11\/bouleBoumbis-150x150.jpg\" class=\"attachment-thumbnail size-thumbnail\" alt=\"\" decoding=\"async\" \/><\/a>\n\t\t\t<\/div><\/figure>\n\t\t<\/div>\n\t\t<\/div>\n\t\t\t\t<\/div>\n\t\t\t\t<\/div>\n\t\t\t\t\t<\/div>\n\t\t<\/div>\n\t\t\t\t\t<\/div>\n\t\t<\/section>\n\t\t\t\t<section class=\"elementor-section elementor-top-section elementor-element elementor-element-65819cc elementor-section-boxed elementor-section-height-default elementor-section-height-default\" data-id=\"65819cc\" data-element_type=\"section\" data-settings=\"{&quot;_ha_eqh_enable&quot;:false}\">\n\t\t\t\t\t\t<div class=\"elementor-container elementor-column-gap-default\">\n\t\t\t\t\t<div class=\"elementor-column elementor-col-100 elementor-top-column elementor-element elementor-element-958428f\" data-id=\"958428f\" data-element_type=\"column\">\n\t\t\t<div class=\"elementor-widget-wrap elementor-element-populated\">\n\t\t\t\t\t\t<div class=\"elementor-element elementor-element-a7dee8c elementor-widget elementor-widget-text-editor\" data-id=\"a7dee8c\" data-element_type=\"widget\" data-widget_type=\"text-editor.default\">\n\t\t\t\t<div class=\"elementor-widget-container\">\n\t\t\t\t\t\t\t<p>Quelques informations techniques \u00e0 propos du son de \u00a0l&rsquo;animatique :<\/p><p>Mixe de pi\u00e9ces de Iannis Xenakis, Philippe Hurel et Adela\u00efde Ferriere avec des \u00ab\u00a0machines \u00e0 sons telles MetaDJ\u00a0\u00bb ( Pucemuse )<\/p>\t\t\t\t\t\t<\/div>\n\t\t\t\t<\/div>\n\t\t\t\t\t<\/div>\n\t\t<\/div>\n\t\t\t\t\t<\/div>\n\t\t<\/section>\n\t\t\t\t<section class=\"elementor-section elementor-top-section elementor-element elementor-element-295aea4 elementor-section-boxed elementor-section-height-default elementor-section-height-default\" data-id=\"295aea4\" data-element_type=\"section\" data-settings=\"{&quot;_ha_eqh_enable&quot;:false}\">\n\t\t\t\t\t\t<div class=\"elementor-container elementor-column-gap-default\">\n\t\t\t\t\t<div class=\"elementor-column elementor-col-100 elementor-top-column elementor-element elementor-element-8814fbc\" data-id=\"8814fbc\" data-element_type=\"column\">\n\t\t\t<div class=\"elementor-widget-wrap elementor-element-populated\">\n\t\t\t\t\t\t<div class=\"elementor-element elementor-element-9b09db4 elementor-widget elementor-widget-image\" data-id=\"9b09db4\" data-element_type=\"widget\" data-widget_type=\"image.default\">\n\t\t\t\t<div class=\"elementor-widget-container\">\n\t\t\t\t\t\t\t\t\t\t\t\t\t<img loading=\"lazy\" decoding=\"async\" width=\"768\" height=\"451\" src=\"https:\/\/pierrekueny.fr\/p\/wp-content\/uploads\/2020\/11\/metadj-1466x861-1-768x451.png\" class=\"attachment-medium_large size-medium_large wp-image-374\" alt=\"\" srcset=\"https:\/\/pierrekueny.fr\/p\/wp-content\/uploads\/2020\/11\/metadj-1466x861-1-768x451.png 768w, https:\/\/pierrekueny.fr\/p\/wp-content\/uploads\/2020\/11\/metadj-1466x861-1-300x176.png 300w, https:\/\/pierrekueny.fr\/p\/wp-content\/uploads\/2020\/11\/metadj-1466x861-1-1024x601.png 1024w, https:\/\/pierrekueny.fr\/p\/wp-content\/uploads\/2020\/11\/metadj-1466x861-1.png 1466w\" sizes=\"(max-width: 768px) 100vw, 768px\" \/>\t\t\t\t\t\t\t\t\t\t\t\t\t<\/div>\n\t\t\t\t<\/div>\n\t\t\t\t\t<\/div>\n\t\t<\/div>\n\t\t\t\t\t<\/div>\n\t\t<\/section>\n\t\t\t\t<section class=\"elementor-section elementor-top-section elementor-element elementor-element-e841b1c elementor-section-boxed elementor-section-height-default elementor-section-height-default\" data-id=\"e841b1c\" data-element_type=\"section\" data-settings=\"{&quot;_ha_eqh_enable&quot;:false}\">\n\t\t\t\t\t\t<div class=\"elementor-container elementor-column-gap-default\">\n\t\t\t\t\t<div class=\"elementor-column elementor-col-100 elementor-top-column elementor-element elementor-element-392832f\" data-id=\"392832f\" data-element_type=\"column\">\n\t\t\t<div class=\"elementor-widget-wrap\">\n\t\t\t\t\t\t\t<\/div>\n\t\t<\/div>\n\t\t\t\t\t<\/div>\n\t\t<\/section>\n\t\t\t\t<section class=\"elementor-section elementor-top-section elementor-element elementor-element-3fee979 elementor-section-boxed elementor-section-height-default elementor-section-height-default\" data-id=\"3fee979\" data-element_type=\"section\" data-settings=\"{&quot;_ha_eqh_enable&quot;:false}\">\n\t\t\t\t\t\t<div class=\"elementor-container elementor-column-gap-default\">\n\t\t\t\t\t<div class=\"elementor-column elementor-col-100 elementor-top-column elementor-element elementor-element-5fe5306\" data-id=\"5fe5306\" data-element_type=\"column\">\n\t\t\t<div class=\"elementor-widget-wrap elementor-element-populated\">\n\t\t\t\t\t\t<div class=\"elementor-element elementor-element-c46bdb8 elementor-widget elementor-widget-text-editor\" data-id=\"c46bdb8\" data-element_type=\"widget\" data-widget_type=\"text-editor.default\">\n\t\t\t\t<div class=\"elementor-widget-container\">\n\t\t\t\t\t\t\t<p><strong>et Photosounder de Michel Rouzic <br \/><\/strong><\/p>\t\t\t\t\t\t<\/div>\n\t\t\t\t<\/div>\n\t\t\t\t\t<\/div>\n\t\t<\/div>\n\t\t\t\t\t<\/div>\n\t\t<\/section>\n\t\t\t\t<section class=\"elementor-section elementor-top-section elementor-element elementor-element-b56d6ac elementor-section-boxed elementor-section-height-default elementor-section-height-default\" data-id=\"b56d6ac\" data-element_type=\"section\" data-settings=\"{&quot;_ha_eqh_enable&quot;:false}\">\n\t\t\t\t\t\t<div class=\"elementor-container elementor-column-gap-default\">\n\t\t\t\t\t<div class=\"elementor-column elementor-col-100 elementor-top-column elementor-element elementor-element-b916732\" data-id=\"b916732\" data-element_type=\"column\">\n\t\t\t<div class=\"elementor-widget-wrap elementor-element-populated\">\n\t\t\t\t\t\t<div class=\"elementor-element elementor-element-e69effa elementor-widget elementor-widget-image\" data-id=\"e69effa\" data-element_type=\"widget\" data-widget_type=\"image.default\">\n\t\t\t\t<div class=\"elementor-widget-container\">\n\t\t\t\t\t\t\t\t\t\t\t\t\t<img loading=\"lazy\" decoding=\"async\" width=\"768\" height=\"480\" src=\"https:\/\/pierrekueny.fr\/p\/wp-content\/uploads\/2020\/11\/photosound-768x480.png\" class=\"attachment-medium_large size-medium_large wp-image-375\" alt=\"\" srcset=\"https:\/\/pierrekueny.fr\/p\/wp-content\/uploads\/2020\/11\/photosound-768x480.png 768w, https:\/\/pierrekueny.fr\/p\/wp-content\/uploads\/2020\/11\/photosound-300x187.png 300w, https:\/\/pierrekueny.fr\/p\/wp-content\/uploads\/2020\/11\/photosound-1024x640.png 1024w, https:\/\/pierrekueny.fr\/p\/wp-content\/uploads\/2020\/11\/photosound.png 1466w\" sizes=\"(max-width: 768px) 100vw, 768px\" \/>\t\t\t\t\t\t\t\t\t\t\t\t\t<\/div>\n\t\t\t\t<\/div>\n\t\t\t\t\t<\/div>\n\t\t<\/div>\n\t\t\t\t\t<\/div>\n\t\t<\/section>\n\t\t\t\t<section class=\"elementor-section elementor-top-section elementor-element elementor-element-a95af0c elementor-section-boxed elementor-section-height-default elementor-section-height-default\" data-id=\"a95af0c\" data-element_type=\"section\" data-settings=\"{&quot;_ha_eqh_enable&quot;:false}\">\n\t\t\t\t\t\t<div class=\"elementor-container elementor-column-gap-default\">\n\t\t\t\t\t<div class=\"elementor-column elementor-col-100 elementor-top-column elementor-element elementor-element-f9d7436\" data-id=\"f9d7436\" data-element_type=\"column\">\n\t\t\t<div class=\"elementor-widget-wrap\">\n\t\t\t\t\t\t\t<\/div>\n\t\t<\/div>\n\t\t\t\t\t<\/div>\n\t\t<\/section>\n\t\t\t\t<section class=\"elementor-section elementor-top-section elementor-element elementor-element-64194ff elementor-section-boxed elementor-section-height-default elementor-section-height-default\" data-id=\"64194ff\" data-element_type=\"section\" data-settings=\"{&quot;_ha_eqh_enable&quot;:false}\">\n\t\t\t\t\t\t<div class=\"elementor-container elementor-column-gap-default\">\n\t\t\t\t\t<div class=\"elementor-column elementor-col-100 elementor-top-column elementor-element elementor-element-4943f83\" data-id=\"4943f83\" data-element_type=\"column\">\n\t\t\t<div class=\"elementor-widget-wrap elementor-element-populated\">\n\t\t\t\t\t\t<div class=\"elementor-element elementor-element-7b0e7b6 elementor-widget elementor-widget-text-editor\" data-id=\"7b0e7b6\" data-element_type=\"widget\" data-widget_type=\"text-editor.default\">\n\t\t\t\t<div class=\"elementor-widget-container\">\n\t\t\t\t\t\t\t<p><strong>Quelques \u00ab\u00a0images-partitions\u00a0\u00bb utilis\u00e9es dans Photosounder :<\/strong><\/p><p>\u00a0<\/p>\t\t\t\t\t\t<\/div>\n\t\t\t\t<\/div>\n\t\t\t\t\t<\/div>\n\t\t<\/div>\n\t\t\t\t\t<\/div>\n\t\t<\/section>\n\t\t\t\t<section class=\"elementor-section elementor-top-section elementor-element elementor-element-48dc772 elementor-section-boxed elementor-section-height-default elementor-section-height-default\" data-id=\"48dc772\" data-element_type=\"section\" data-settings=\"{&quot;_ha_eqh_enable&quot;:false}\">\n\t\t\t\t\t\t<div class=\"elementor-container elementor-column-gap-default\">\n\t\t\t\t\t<div class=\"elementor-column elementor-col-100 elementor-top-column elementor-element elementor-element-9a4942a\" data-id=\"9a4942a\" data-element_type=\"column\">\n\t\t\t<div class=\"elementor-widget-wrap elementor-element-populated\">\n\t\t\t\t\t\t<div class=\"elementor-element elementor-element-f399019 gallery-spacing-custom elementor-widget__width-initial elementor-widget elementor-widget-image-gallery\" data-id=\"f399019\" data-element_type=\"widget\" data-widget_type=\"image-gallery.default\">\n\t\t\t\t<div class=\"elementor-widget-container\">\n\t\t\t\t\t<div class=\"elementor-image-gallery\">\n\t\t\t<div id='gallery-2' class='gallery galleryid-343 gallery-columns-4 gallery-size-thumbnail'><figure class='gallery-item'>\n\t\t\t<div class='gallery-icon landscape'>\n\t\t\t\t<a data-elementor-open-lightbox=\"yes\" data-elementor-lightbox-slideshow=\"f399019\" data-elementor-lightbox-title=\"trails1\" data-e-action-hash=\"#elementor-action%3Aaction%3Dlightbox%26settings%3DeyJpZCI6MzEzLCJ1cmwiOiJodHRwczpcL1wvcGllcnJla3VlbnkuZnJcL3BcL3dwLWNvbnRlbnRcL3VwbG9hZHNcLzIwMjBcLzExXC90cmFpbHMxLmpwZyIsInNsaWRlc2hvdyI6ImYzOTkwMTkifQ%3D%3D\" href='https:\/\/pierrekueny.fr\/p\/wp-content\/uploads\/2020\/11\/trails1.jpg'><img loading=\"lazy\" width=\"150\" height=\"150\" src=\"https:\/\/pierrekueny.fr\/p\/wp-content\/uploads\/2020\/11\/trails1-150x150.jpg\" class=\"attachment-thumbnail size-thumbnail\" alt=\"\" decoding=\"async\" \/><\/a>\n\t\t\t<\/div><\/figure><figure class='gallery-item'>\n\t\t\t<div class='gallery-icon landscape'>\n\t\t\t\t<a data-elementor-open-lightbox=\"yes\" data-elementor-lightbox-slideshow=\"f399019\" data-elementor-lightbox-title=\"bouleBoumbis\" data-e-action-hash=\"#elementor-action%3Aaction%3Dlightbox%26settings%3DeyJpZCI6Mjc2LCJ1cmwiOiJodHRwczpcL1wvcGllcnJla3VlbnkuZnJcL3BcL3dwLWNvbnRlbnRcL3VwbG9hZHNcLzIwMjBcLzExXC9ib3VsZUJvdW1iaXMuanBnIiwic2xpZGVzaG93IjoiZjM5OTAxOSJ9\" href='https:\/\/pierrekueny.fr\/p\/wp-content\/uploads\/2020\/11\/bouleBoumbis.jpg'><img loading=\"lazy\" width=\"150\" height=\"150\" src=\"https:\/\/pierrekueny.fr\/p\/wp-content\/uploads\/2020\/11\/bouleBoumbis-150x150.jpg\" class=\"attachment-thumbnail size-thumbnail\" alt=\"\" decoding=\"async\" \/><\/a>\n\t\t\t<\/div><\/figure><figure class='gallery-item'>\n\t\t\t<div class='gallery-icon landscape'>\n\t\t\t\t<a data-elementor-open-lightbox=\"yes\" data-elementor-lightbox-slideshow=\"f399019\" data-elementor-lightbox-title=\"blong3A.tmp\" data-e-action-hash=\"#elementor-action%3Aaction%3Dlightbox%26settings%3DeyJpZCI6MjY5LCJ1cmwiOiJodHRwczpcL1wvcGllcnJla3VlbnkuZnJcL3BcL3dwLWNvbnRlbnRcL3VwbG9hZHNcLzIwMjBcLzExXC9ibG9uZzNBLnRtcF8uanBnIiwic2xpZGVzaG93IjoiZjM5OTAxOSJ9\" href='https:\/\/pierrekueny.fr\/p\/wp-content\/uploads\/2020\/11\/blong3A.tmp_.jpg'><img loading=\"lazy\" width=\"150\" height=\"150\" src=\"https:\/\/pierrekueny.fr\/p\/wp-content\/uploads\/2020\/11\/blong3A.tmp_-150x150.jpg\" class=\"attachment-thumbnail size-thumbnail\" alt=\"\" decoding=\"async\" \/><\/a>\n\t\t\t<\/div><\/figure><figure class='gallery-item'>\n\t\t\t<div class='gallery-icon landscape'>\n\t\t\t\t<a data-elementor-open-lightbox=\"yes\" data-elementor-lightbox-slideshow=\"f399019\" data-elementor-lightbox-title=\"noise-640x480\" data-e-action-hash=\"#elementor-action%3Aaction%3Dlightbox%26settings%3DeyJpZCI6Mzc3LCJ1cmwiOiJodHRwczpcL1wvcGllcnJla3VlbnkuZnJcL3BcL3dwLWNvbnRlbnRcL3VwbG9hZHNcLzIwMjBcLzExXC9ub2lzZS02NDB4NDgwLTEuanBnIiwic2xpZGVzaG93IjoiZjM5OTAxOSJ9\" data-elementor-lightbox-description=\"&lt;a href=&quot;https:\\pierrekueny.fr\/Z\/T1.htm&quot;&gt;&lt;\/a&gt;\" href='https:\/\/pierrekueny.fr\/p\/wp-content\/uploads\/2020\/11\/noise-640x480-1.jpg'><img loading=\"lazy\" width=\"150\" height=\"150\" src=\"https:\/\/pierrekueny.fr\/p\/wp-content\/uploads\/2020\/11\/noise-640x480-1-150x150.jpg\" class=\"attachment-thumbnail size-thumbnail\" alt=\"\" decoding=\"async\" aria-describedby=\"gallery-2-377\" \/><\/a>\n\t\t\t<\/div>\n\t\t\t\t<figcaption class='wp-caption-text gallery-caption' id='gallery-2-377'>\n\t\t\t\tvie de boule\n\t\t\t\t<\/figcaption><\/figure>\n\t\t<\/div>\n\t\t<\/div>\n\t\t\t\t<\/div>\n\t\t\t\t<\/div>\n\t\t\t\t\t<\/div>\n\t\t<\/div>\n\t\t\t\t\t<\/div>\n\t\t<\/section>\n\t\t\t\t<\/div>\n\t\t","protected":false},"excerpt":{"rendered":"<p>Vie de boule Version 1 octobre 2020 Plus exactement la rencontre d&rsquo;un petit cube et&#8230;<\/p>\n<div class=\"more-link-wrapper\"><a class=\"more-link\" href=\"https:\/\/pierrekueny.fr\/p\/vie-de-boule\/\">Read the post<span class=\"screen-reader-text\">Vie de boule<\/span><\/a><\/div>\n","protected":false},"author":1,"featured_media":0,"parent":0,"menu_order":0,"comment_status":"closed","ping_status":"closed","template":"elementor_header_footer","meta":[],"_links":{"self":[{"href":"https:\/\/pierrekueny.fr\/p\/wp-json\/wp\/v2\/pages\/343"}],"collection":[{"href":"https:\/\/pierrekueny.fr\/p\/wp-json\/wp\/v2\/pages"}],"about":[{"href":"https:\/\/pierrekueny.fr\/p\/wp-json\/wp\/v2\/types\/page"}],"author":[{"embeddable":true,"href":"https:\/\/pierrekueny.fr\/p\/wp-json\/wp\/v2\/users\/1"}],"replies":[{"embeddable":true,"href":"https:\/\/pierrekueny.fr\/p\/wp-json\/wp\/v2\/comments?post=343"}],"version-history":[{"count":52,"href":"https:\/\/pierrekueny.fr\/p\/wp-json\/wp\/v2\/pages\/343\/revisions"}],"predecessor-version":[{"id":3738,"href":"https:\/\/pierrekueny.fr\/p\/wp-json\/wp\/v2\/pages\/343\/revisions\/3738"}],"wp:attachment":[{"href":"https:\/\/pierrekueny.fr\/p\/wp-json\/wp\/v2\/media?parent=343"}],"curies":[{"name":"wp","href":"https:\/\/api.w.org\/{rel}","templated":true}]}}