{"id":384,"date":"2020-11-07T21:26:06","date_gmt":"2020-11-07T20:26:06","guid":{"rendered":"https:\/\/pierrekueny.fr\/p\/?page_id=384"},"modified":"2020-11-07T21:33:14","modified_gmt":"2020-11-07T20:33:14","slug":"vie-de-cube","status":"publish","type":"page","link":"https:\/\/pierrekueny.fr\/p\/vie-de-cube\/","title":{"rendered":"Vie de cube"},"content":{"rendered":"\t\t<div data-elementor-type=\"wp-page\" data-elementor-id=\"384\" class=\"elementor elementor-384\" data-elementor-settings=\"{&quot;ha_cmc_init_switcher&quot;:&quot;no&quot;}\">\n\t\t\t\t\t\t<section class=\"elementor-section elementor-top-section elementor-element elementor-element-342f15d elementor-section-boxed elementor-section-height-default elementor-section-height-default\" data-id=\"342f15d\" data-element_type=\"section\" data-settings=\"{&quot;_ha_eqh_enable&quot;:false}\">\n\t\t\t\t\t\t<div class=\"elementor-container elementor-column-gap-default\">\n\t\t\t\t\t<div class=\"elementor-column elementor-col-100 elementor-top-column elementor-element elementor-element-aca4979\" data-id=\"aca4979\" data-element_type=\"column\">\n\t\t\t<div class=\"elementor-widget-wrap elementor-element-populated\">\n\t\t\t\t\t\t<div class=\"elementor-element elementor-element-66bb109 elementor-widget elementor-widget-heading\" data-id=\"66bb109\" data-element_type=\"widget\" data-widget_type=\"heading.default\">\n\t\t\t\t<div class=\"elementor-widget-container\">\n\t\t\t<h2 class=\"elementor-heading-title elementor-size-default\">Vie de cube<\/h2>\t\t<\/div>\n\t\t\t\t<\/div>\n\t\t\t\t<div class=\"elementor-element elementor-element-332ed8c elementor-widget elementor-widget-text-editor\" data-id=\"332ed8c\" data-element_type=\"widget\" data-widget_type=\"text-editor.default\">\n\t\t\t\t<div class=\"elementor-widget-container\">\n\t\t\t\t\t\t\t<p>Aout 2020<\/p>\t\t\t\t\t\t<\/div>\n\t\t\t\t<\/div>\n\t\t\t\t\t<\/div>\n\t\t<\/div>\n\t\t\t\t\t<\/div>\n\t\t<\/section>\n\t\t\t\t<section class=\"elementor-section elementor-top-section elementor-element elementor-element-7c14ff1 elementor-section-boxed elementor-section-height-default elementor-section-height-default\" data-id=\"7c14ff1\" data-element_type=\"section\" data-settings=\"{&quot;_ha_eqh_enable&quot;:false}\">\n\t\t\t\t\t\t<div class=\"elementor-container elementor-column-gap-default\">\n\t\t\t\t\t<div class=\"elementor-column elementor-col-100 elementor-top-column elementor-element elementor-element-5209d1d\" data-id=\"5209d1d\" data-element_type=\"column\">\n\t\t\t<div class=\"elementor-widget-wrap elementor-element-populated\">\n\t\t\t\t\t\t<div class=\"elementor-element elementor-element-2309bf3 elementor-widget elementor-widget-text-editor\" data-id=\"2309bf3\" data-element_type=\"widget\" data-widget_type=\"text-editor.default\">\n\t\t\t\t<div class=\"elementor-widget-container\">\n\t\t\t\t\t\t\t<p>Improvisation pour nanoKontrol, souris et gamepad. \u00a0<\/p><p>(R\u00e9f : Logiciel metamalette de pucemuse.com. Les g\u00e9ometries et les rendus sont en 3D et trait\u00e9s avec Autodesk-Maya)<\/p>\t\t\t\t\t\t<\/div>\n\t\t\t\t<\/div>\n\t\t\t\t\t<\/div>\n\t\t<\/div>\n\t\t\t\t\t<\/div>\n\t\t<\/section>\n\t\t\t\t<section class=\"elementor-section elementor-top-section elementor-element elementor-element-3e8f33f elementor-section-boxed elementor-section-height-default elementor-section-height-default\" data-id=\"3e8f33f\" data-element_type=\"section\" data-settings=\"{&quot;_ha_eqh_enable&quot;:false}\">\n\t\t\t\t\t\t<div class=\"elementor-container elementor-column-gap-default\">\n\t\t\t\t\t<div class=\"elementor-column elementor-col-100 elementor-top-column elementor-element elementor-element-2d69454\" data-id=\"2d69454\" data-element_type=\"column\">\n\t\t\t<div class=\"elementor-widget-wrap elementor-element-populated\">\n\t\t\t\t\t\t<div class=\"elementor-element elementor-element-91c021b elementor-widget elementor-widget-video\" data-id=\"91c021b\" data-element_type=\"widget\" data-settings=\"{&quot;video_type&quot;:&quot;vimeo&quot;,&quot;autoplay&quot;:&quot;yes&quot;,&quot;play_on_mobile&quot;:&quot;yes&quot;,&quot;loop&quot;:&quot;yes&quot;}\" data-widget_type=\"video.default\">\n\t\t\t\t<div class=\"elementor-widget-container\">\n\t\t\t\t\t<div class=\"elementor-wrapper elementor-open-inline\">\n\t\t\t<iframe class=\"elementor-video-iframe\" allowfullscreen allow=\"autoplay\" title=\"Lecteur vid\u00e9o vimeo\" src=\"https:\/\/player.vimeo.com\/video\/444882261?autoplay=1&amp;playsinline=1&amp;color&amp;autopause=0&amp;loop=1&amp;muted=0&amp;title=0&amp;portrait=0&amp;byline=0#t=\"><\/iframe>\t\t<\/div>\n\t\t\t\t<\/div>\n\t\t\t\t<\/div>\n\t\t\t\t\t<\/div>\n\t\t<\/div>\n\t\t\t\t\t<\/div>\n\t\t<\/section>\n\t\t\t\t<section class=\"elementor-section elementor-top-section elementor-element elementor-element-65819cc elementor-section-boxed elementor-section-height-default elementor-section-height-default\" data-id=\"65819cc\" data-element_type=\"section\" data-settings=\"{&quot;_ha_eqh_enable&quot;:false}\">\n\t\t\t\t\t\t<div class=\"elementor-container elementor-column-gap-default\">\n\t\t\t\t\t<div class=\"elementor-column elementor-col-100 elementor-top-column elementor-element elementor-element-958428f\" data-id=\"958428f\" data-element_type=\"column\">\n\t\t\t<div class=\"elementor-widget-wrap\">\n\t\t\t\t\t\t\t<\/div>\n\t\t<\/div>\n\t\t\t\t\t<\/div>\n\t\t<\/section>\n\t\t\t\t<\/div>\n\t\t","protected":false},"excerpt":{"rendered":"<p>Vie de cube Aout 2020 Improvisation pour nanoKontrol, souris et gamepad. \u00a0 (R\u00e9f : Logiciel&#8230;<\/p>\n<div class=\"more-link-wrapper\"><a class=\"more-link\" href=\"https:\/\/pierrekueny.fr\/p\/vie-de-cube\/\">Read the post<span class=\"screen-reader-text\">Vie de cube<\/span><\/a><\/div>\n","protected":false},"author":1,"featured_media":0,"parent":0,"menu_order":0,"comment_status":"closed","ping_status":"closed","template":"elementor_header_footer","meta":[],"_links":{"self":[{"href":"https:\/\/pierrekueny.fr\/p\/wp-json\/wp\/v2\/pages\/384"}],"collection":[{"href":"https:\/\/pierrekueny.fr\/p\/wp-json\/wp\/v2\/pages"}],"about":[{"href":"https:\/\/pierrekueny.fr\/p\/wp-json\/wp\/v2\/types\/page"}],"author":[{"embeddable":true,"href":"https:\/\/pierrekueny.fr\/p\/wp-json\/wp\/v2\/users\/1"}],"replies":[{"embeddable":true,"href":"https:\/\/pierrekueny.fr\/p\/wp-json\/wp\/v2\/comments?post=384"}],"version-history":[{"count":4,"href":"https:\/\/pierrekueny.fr\/p\/wp-json\/wp\/v2\/pages\/384\/revisions"}],"predecessor-version":[{"id":388,"href":"https:\/\/pierrekueny.fr\/p\/wp-json\/wp\/v2\/pages\/384\/revisions\/388"}],"wp:attachment":[{"href":"https:\/\/pierrekueny.fr\/p\/wp-json\/wp\/v2\/media?parent=384"}],"curies":[{"name":"wp","href":"https:\/\/api.w.org\/{rel}","templated":true}]}}