{"id":391,"date":"2020-11-07T21:37:48","date_gmt":"2020-11-07T20:37:48","guid":{"rendered":"https:\/\/pierrekueny.fr\/p\/?page_id=391"},"modified":"2025-07-06T17:37:55","modified_gmt":"2025-07-06T15:37:55","slug":"ballade-dans-un-dessin-2","status":"publish","type":"page","link":"https:\/\/pierrekueny.fr\/p\/ballade-dans-un-dessin-2\/","title":{"rendered":"Ballade dans un dessin"},"content":{"rendered":"\t\t<div data-elementor-type=\"wp-page\" data-elementor-id=\"391\" class=\"elementor elementor-391\" data-elementor-settings=\"{&quot;ha_cmc_init_switcher&quot;:&quot;no&quot;}\">\n\t\t\t\t\t\t<section class=\"elementor-section elementor-top-section elementor-element elementor-element-342f15d elementor-section-boxed elementor-section-height-default elementor-section-height-default\" data-id=\"342f15d\" data-element_type=\"section\" data-settings=\"{&quot;_ha_eqh_enable&quot;:false}\">\n\t\t\t\t\t\t<div class=\"elementor-container elementor-column-gap-default\">\n\t\t\t\t\t<div class=\"elementor-column elementor-col-100 elementor-top-column elementor-element elementor-element-aca4979\" data-id=\"aca4979\" data-element_type=\"column\">\n\t\t\t<div class=\"elementor-widget-wrap elementor-element-populated\">\n\t\t\t\t\t\t<div class=\"elementor-element elementor-element-66bb109 elementor-widget elementor-widget-heading\" data-id=\"66bb109\" data-element_type=\"widget\" data-widget_type=\"heading.default\">\n\t\t\t\t<div class=\"elementor-widget-container\">\n\t\t\t<h2 class=\"elementor-heading-title elementor-size-default\">Ballade dans un dessin<\/h2>\t\t<\/div>\n\t\t\t\t<\/div>\n\t\t\t\t<div class=\"elementor-element elementor-element-332ed8c elementor-widget elementor-widget-text-editor\" data-id=\"332ed8c\" data-element_type=\"widget\" data-widget_type=\"text-editor.default\">\n\t\t\t\t<div class=\"elementor-widget-container\">\n\t\t\t\t\t\t\t<p>Juin 2020<\/p>\t\t\t\t\t\t<\/div>\n\t\t\t\t<\/div>\n\t\t\t\t\t<\/div>\n\t\t<\/div>\n\t\t\t\t\t<\/div>\n\t\t<\/section>\n\t\t\t\t<section class=\"elementor-section elementor-top-section elementor-element elementor-element-7c14ff1 elementor-section-boxed elementor-section-height-default elementor-section-height-default\" data-id=\"7c14ff1\" data-element_type=\"section\" data-settings=\"{&quot;_ha_eqh_enable&quot;:false}\">\n\t\t\t\t\t\t<div class=\"elementor-container elementor-column-gap-default\">\n\t\t\t\t\t<div class=\"elementor-column elementor-col-100 elementor-top-column elementor-element elementor-element-5209d1d\" data-id=\"5209d1d\" data-element_type=\"column\">\n\t\t\t<div class=\"elementor-widget-wrap elementor-element-populated\">\n\t\t\t\t\t\t<div class=\"elementor-element elementor-element-2309bf3 elementor-widget elementor-widget-text-editor\" data-id=\"2309bf3\" data-element_type=\"widget\" data-widget_type=\"text-editor.default\">\n\t\t\t\t<div class=\"elementor-widget-container\">\n\t\t\t\t\t\t\t<p>Cette animation fait suite \u00e0 l&rsquo;\u00e9tude de mise en mouvement d&rsquo;un dessin de mars 2020. Mais ici c&rsquo;est dans le dessin, dans les traits que nous nous d\u00e9pla\u00e7ons. \u00a0A partir d&rsquo;un dessin, qui d&rsquo;ailleurs est utilis\u00e9 en fond de l&rsquo;animation, dans un espace 3D des arbres des herbes sont plac\u00e9es, leur taille leur age et le nombre de feuille sont d\u00e9finies. Les r\u00e8gles de croissance de plantes sont r\u00e9spect\u00e9es dans l&rsquo;algorithme utilis\u00e9. La plantation faite, les contours des troncs, des branches et des feuilles sont cr\u00e9\u00e9s. Le contour peut \u00eatre variable en \u00e9paisseur en transparence et en variation de taille sur la longueur du trait. Des brosses sont attach\u00e9es des brosses permettant d&rsquo;affiner la qualit\u00e9 du trait. Enfin puisque nous sommes dans un espace 3D nous pouvons donc nous d\u00e9placer dans cette jungle de traits.<\/p><p><em>(R\u00e9f : PFX de maya)<\/em><\/p>\t\t\t\t\t\t<\/div>\n\t\t\t\t<\/div>\n\t\t\t\t\t<\/div>\n\t\t<\/div>\n\t\t\t\t\t<\/div>\n\t\t<\/section>\n\t\t\t\t<section class=\"elementor-section elementor-top-section elementor-element elementor-element-3e8f33f elementor-section-boxed elementor-section-height-default elementor-section-height-default\" data-id=\"3e8f33f\" data-element_type=\"section\" data-settings=\"{&quot;_ha_eqh_enable&quot;:false}\">\n\t\t\t\t\t\t<div class=\"elementor-container elementor-column-gap-default\">\n\t\t\t\t\t<div class=\"elementor-column elementor-col-100 elementor-top-column elementor-element elementor-element-2d69454\" data-id=\"2d69454\" data-element_type=\"column\">\n\t\t\t<div class=\"elementor-widget-wrap elementor-element-populated\">\n\t\t\t\t\t\t<div class=\"elementor-element elementor-element-91c021b elementor-widget elementor-widget-video\" data-id=\"91c021b\" data-element_type=\"widget\" data-settings=\"{&quot;video_type&quot;:&quot;vimeo&quot;,&quot;autoplay&quot;:&quot;yes&quot;,&quot;play_on_mobile&quot;:&quot;yes&quot;,&quot;loop&quot;:&quot;yes&quot;}\" data-widget_type=\"video.default\">\n\t\t\t\t<div class=\"elementor-widget-container\">\n\t\t\t\t\t<div class=\"elementor-wrapper elementor-open-inline\">\n\t\t\t<iframe class=\"elementor-video-iframe\" allowfullscreen allow=\"autoplay\" title=\"Lecteur vid\u00e9o vimeo\" src=\"https:\/\/player.vimeo.com\/video\/432632641?autoplay=1&amp;playsinline=1&amp;color&amp;autopause=0&amp;loop=1&amp;muted=0&amp;title=0&amp;portrait=0&amp;byline=0#t=\"><\/iframe>\t\t<\/div>\n\t\t\t\t<\/div>\n\t\t\t\t<\/div>\n\t\t\t\t\t<\/div>\n\t\t<\/div>\n\t\t\t\t\t<\/div>\n\t\t<\/section>\n\t\t\t\t<section class=\"elementor-section elementor-top-section elementor-element elementor-element-d8829f7 elementor-section-boxed elementor-section-height-default elementor-section-height-default\" data-id=\"d8829f7\" data-element_type=\"section\" data-settings=\"{&quot;_ha_eqh_enable&quot;:false}\">\n\t\t\t\t\t\t<div class=\"elementor-container elementor-column-gap-default\">\n\t\t\t\t\t<div class=\"elementor-column elementor-col-100 elementor-top-column elementor-element elementor-element-37e2dc1\" data-id=\"37e2dc1\" data-element_type=\"column\">\n\t\t\t<div class=\"elementor-widget-wrap\">\n\t\t\t\t\t\t\t<\/div>\n\t\t<\/div>\n\t\t\t\t\t<\/div>\n\t\t<\/section>\n\t\t\t\t<section class=\"elementor-section elementor-top-section elementor-element elementor-element-247fa5f elementor-section-boxed elementor-section-height-default elementor-section-height-default\" data-id=\"247fa5f\" data-element_type=\"section\" data-settings=\"{&quot;_ha_eqh_enable&quot;:false}\">\n\t\t\t\t\t\t<div class=\"elementor-container elementor-column-gap-default\">\n\t\t\t\t\t<div class=\"elementor-column elementor-col-100 elementor-top-column elementor-element elementor-element-8e84c93\" data-id=\"8e84c93\" data-element_type=\"column\">\n\t\t\t<div class=\"elementor-widget-wrap elementor-element-populated\">\n\t\t\t\t\t\t<div class=\"elementor-element elementor-element-492aa43 gallery-spacing-custom elementor-widget__width-initial elementor-widget elementor-widget-image-gallery\" data-id=\"492aa43\" data-element_type=\"widget\" data-widget_type=\"image-gallery.default\">\n\t\t\t\t<div class=\"elementor-widget-container\">\n\t\t\t\t\t<div class=\"elementor-image-gallery\">\n\t\t\t<div id='gallery-1' class='gallery galleryid-391 gallery-columns-4 gallery-size-thumbnail'><figure class='gallery-item'>\n\t\t\t<div class='gallery-icon landscape'>\n\t\t\t\t<a data-elementor-open-lightbox=\"yes\" data-elementor-lightbox-slideshow=\"492aa43\" data-elementor-lightbox-title=\"pkueny06-20-ballade-1-1080x769-800x570-800x570\" data-e-action-hash=\"#elementor-action%3Aaction%3Dlightbox%26settings%3DeyJpZCI6MjkzLCJ1cmwiOiJodHRwczpcL1wvcGllcnJla3VlbnkuZnJcL3BcL3dwLWNvbnRlbnRcL3VwbG9hZHNcLzIwMjBcLzExXC9wa3VlbnkwNi0yMC1iYWxsYWRlLTEtMTA4MHg3NjktODAweDU3MC04MDB4NTcwLTEuanBlZyIsInNsaWRlc2hvdyI6IjQ5MmFhNDMifQ%3D%3D\" href='https:\/\/pierrekueny.fr\/p\/wp-content\/uploads\/2020\/11\/pkueny06-20-ballade-1-1080x769-800x570-800x570-1.jpeg'><img width=\"150\" height=\"150\" src=\"https:\/\/pierrekueny.fr\/p\/wp-content\/uploads\/2020\/11\/pkueny06-20-ballade-1-1080x769-800x570-800x570-1-150x150.jpeg\" class=\"attachment-thumbnail size-thumbnail\" alt=\"\" decoding=\"async\" \/><\/a>\n\t\t\t<\/div><\/figure><figure class='gallery-item'>\n\t\t\t<div class='gallery-icon landscape'>\n\t\t\t\t<a data-elementor-open-lightbox=\"yes\" data-elementor-lightbox-slideshow=\"492aa43\" data-elementor-lightbox-title=\"pkueny06-20-ballade-2-1024x709-800x552-800x552\" data-e-action-hash=\"#elementor-action%3Aaction%3Dlightbox%26settings%3DeyJpZCI6Mjk1LCJ1cmwiOiJodHRwczpcL1wvcGllcnJla3VlbnkuZnJcL3BcL3dwLWNvbnRlbnRcL3VwbG9hZHNcLzIwMjBcLzExXC9wa3VlbnkwNi0yMC1iYWxsYWRlLTItMTAyNHg3MDktODAweDU1Mi04MDB4NTUyLTEuanBlZyIsInNsaWRlc2hvdyI6IjQ5MmFhNDMifQ%3D%3D\" href='https:\/\/pierrekueny.fr\/p\/wp-content\/uploads\/2020\/11\/pkueny06-20-ballade-2-1024x709-800x552-800x552-1.jpeg'><img width=\"150\" height=\"150\" src=\"https:\/\/pierrekueny.fr\/p\/wp-content\/uploads\/2020\/11\/pkueny06-20-ballade-2-1024x709-800x552-800x552-1-150x150.jpeg\" class=\"attachment-thumbnail size-thumbnail\" alt=\"\" decoding=\"async\" \/><\/a>\n\t\t\t<\/div><\/figure><figure class='gallery-item'>\n\t\t\t<div class='gallery-icon landscape'>\n\t\t\t\t<a data-elementor-open-lightbox=\"yes\" data-elementor-lightbox-slideshow=\"492aa43\" data-elementor-lightbox-title=\"pkueny06-20-ballade-5-482x709\" data-e-action-hash=\"#elementor-action%3Aaction%3Dlightbox%26settings%3DeyJpZCI6Mjk2LCJ1cmwiOiJodHRwczpcL1wvcGllcnJla3VlbnkuZnJcL3BcL3dwLWNvbnRlbnRcL3VwbG9hZHNcLzIwMjBcLzExXC9wa3VlbnkwNi0yMC1iYWxsYWRlLTUtNDgyeDcwOS0xLmpwZWciLCJzbGlkZXNob3ciOiI0OTJhYTQzIn0%3D\" href='https:\/\/pierrekueny.fr\/p\/wp-content\/uploads\/2020\/11\/pkueny06-20-ballade-5-482x709-1.jpeg'><img width=\"150\" height=\"150\" src=\"https:\/\/pierrekueny.fr\/p\/wp-content\/uploads\/2020\/11\/pkueny06-20-ballade-5-482x709-1-150x150.jpeg\" class=\"attachment-thumbnail size-thumbnail\" alt=\"\" decoding=\"async\" \/><\/a>\n\t\t\t<\/div><\/figure><figure class='gallery-item'>\n\t\t\t<div class='gallery-icon landscape'>\n\t\t\t\t<a data-elementor-open-lightbox=\"yes\" data-elementor-lightbox-slideshow=\"492aa43\" data-elementor-lightbox-title=\"pkueny06-20-ballade-5-1080x864\" data-e-action-hash=\"#elementor-action%3Aaction%3Dlightbox%26settings%3DeyJpZCI6Mjk4LCJ1cmwiOiJodHRwczpcL1wvcGllcnJla3VlbnkuZnJcL3BcL3dwLWNvbnRlbnRcL3VwbG9hZHNcLzIwMjBcLzExXC9wa3VlbnkwNi0yMC1iYWxsYWRlLTUtMTA4MHg4NjQtMS5qcGVnIiwic2xpZGVzaG93IjoiNDkyYWE0MyJ9\" href='https:\/\/pierrekueny.fr\/p\/wp-content\/uploads\/2020\/11\/pkueny06-20-ballade-5-1080x864-1.jpeg'><img loading=\"lazy\" width=\"150\" height=\"150\" src=\"https:\/\/pierrekueny.fr\/p\/wp-content\/uploads\/2020\/11\/pkueny06-20-ballade-5-1080x864-1-150x150.jpeg\" class=\"attachment-thumbnail size-thumbnail\" alt=\"\" decoding=\"async\" \/><\/a>\n\t\t\t<\/div><\/figure>\n\t\t<\/div>\n\t\t<\/div>\n\t\t\t\t<\/div>\n\t\t\t\t<\/div>\n\t\t\t\t\t<\/div>\n\t\t<\/div>\n\t\t\t\t\t<\/div>\n\t\t<\/section>\n\t\t\t\t<\/div>\n\t\t","protected":false},"excerpt":{"rendered":"<p>Ballade dans un dessin Juin 2020 Cette animation fait suite \u00e0 l&rsquo;\u00e9tude de mise en&#8230;<\/p>\n<div class=\"more-link-wrapper\"><a class=\"more-link\" href=\"https:\/\/pierrekueny.fr\/p\/ballade-dans-un-dessin-2\/\">Read the post<span class=\"screen-reader-text\">Ballade dans un dessin<\/span><\/a><\/div>\n","protected":false},"author":1,"featured_media":0,"parent":0,"menu_order":0,"comment_status":"closed","ping_status":"closed","template":"elementor_header_footer","meta":[],"_links":{"self":[{"href":"https:\/\/pierrekueny.fr\/p\/wp-json\/wp\/v2\/pages\/391"}],"collection":[{"href":"https:\/\/pierrekueny.fr\/p\/wp-json\/wp\/v2\/pages"}],"about":[{"href":"https:\/\/pierrekueny.fr\/p\/wp-json\/wp\/v2\/types\/page"}],"author":[{"embeddable":true,"href":"https:\/\/pierrekueny.fr\/p\/wp-json\/wp\/v2\/users\/1"}],"replies":[{"embeddable":true,"href":"https:\/\/pierrekueny.fr\/p\/wp-json\/wp\/v2\/comments?post=391"}],"version-history":[{"count":22,"href":"https:\/\/pierrekueny.fr\/p\/wp-json\/wp\/v2\/pages\/391\/revisions"}],"predecessor-version":[{"id":3747,"href":"https:\/\/pierrekueny.fr\/p\/wp-json\/wp\/v2\/pages\/391\/revisions\/3747"}],"wp:attachment":[{"href":"https:\/\/pierrekueny.fr\/p\/wp-json\/wp\/v2\/media?parent=391"}],"curies":[{"name":"wp","href":"https:\/\/api.w.org\/{rel}","templated":true}]}}