{"id":411,"date":"2020-11-07T21:58:06","date_gmt":"2020-11-07T20:58:06","guid":{"rendered":"https:\/\/pierrekueny.fr\/p\/?page_id=411"},"modified":"2025-07-06T17:51:51","modified_gmt":"2025-07-06T15:51:51","slug":"la-grande-venus","status":"publish","type":"page","link":"https:\/\/pierrekueny.fr\/p\/la-grande-venus\/","title":{"rendered":"La grande V\u00e9nus"},"content":{"rendered":"\t\t<div data-elementor-type=\"wp-page\" data-elementor-id=\"411\" class=\"elementor elementor-411\" data-elementor-settings=\"{&quot;ha_cmc_init_switcher&quot;:&quot;no&quot;}\">\n\t\t\t\t\t\t<section class=\"elementor-section elementor-top-section elementor-element elementor-element-342f15d elementor-section-boxed elementor-section-height-default elementor-section-height-default\" data-id=\"342f15d\" data-element_type=\"section\" data-settings=\"{&quot;_ha_eqh_enable&quot;:false}\">\n\t\t\t\t\t\t<div class=\"elementor-container elementor-column-gap-default\">\n\t\t\t\t\t<div class=\"elementor-column elementor-col-100 elementor-top-column elementor-element elementor-element-aca4979\" data-id=\"aca4979\" data-element_type=\"column\">\n\t\t\t<div class=\"elementor-widget-wrap elementor-element-populated\">\n\t\t\t\t\t\t<div class=\"elementor-element elementor-element-66bb109 elementor-widget elementor-widget-heading\" data-id=\"66bb109\" data-element_type=\"widget\" data-widget_type=\"heading.default\">\n\t\t\t\t<div class=\"elementor-widget-container\">\n\t\t\t<h2 class=\"elementor-heading-title elementor-size-default\">La grande V\u00e9nus<\/h2>\t\t<\/div>\n\t\t\t\t<\/div>\n\t\t\t\t<div class=\"elementor-element elementor-element-332ed8c elementor-widget elementor-widget-text-editor\" data-id=\"332ed8c\" data-element_type=\"widget\" data-widget_type=\"text-editor.default\">\n\t\t\t\t<div class=\"elementor-widget-container\">\n\t\t\t\t\t\t\t<p>2018<\/p>\t\t\t\t\t\t<\/div>\n\t\t\t\t<\/div>\n\t\t\t\t\t<\/div>\n\t\t<\/div>\n\t\t\t\t\t<\/div>\n\t\t<\/section>\n\t\t\t\t<section class=\"elementor-section elementor-top-section elementor-element elementor-element-7c14ff1 elementor-section-boxed elementor-section-height-default elementor-section-height-default\" data-id=\"7c14ff1\" data-element_type=\"section\" data-settings=\"{&quot;_ha_eqh_enable&quot;:false}\">\n\t\t\t\t\t\t<div class=\"elementor-container elementor-column-gap-default\">\n\t\t\t\t\t<div class=\"elementor-column elementor-col-100 elementor-top-column elementor-element elementor-element-5209d1d\" data-id=\"5209d1d\" data-element_type=\"column\">\n\t\t\t<div class=\"elementor-widget-wrap elementor-element-populated\">\n\t\t\t\t\t\t<div class=\"elementor-element elementor-element-2309bf3 elementor-widget elementor-widget-text-editor\" data-id=\"2309bf3\" data-element_type=\"widget\" data-widget_type=\"text-editor.default\">\n\t\t\t\t<div class=\"elementor-widget-container\">\n\t\t\t\t\t\t\t<p>Exp\u00e9rimentation de mixages interactifs de sons et des images avec<\/p><p>\u00a0La M\u00e9ta-Mallette de Pucemuse ( pucemuse.com)<\/p>\t\t\t\t\t\t<\/div>\n\t\t\t\t<\/div>\n\t\t\t\t\t<\/div>\n\t\t<\/div>\n\t\t\t\t\t<\/div>\n\t\t<\/section>\n\t\t\t\t<section class=\"elementor-section elementor-top-section elementor-element elementor-element-3e8f33f elementor-section-boxed elementor-section-height-default elementor-section-height-default\" data-id=\"3e8f33f\" data-element_type=\"section\" data-settings=\"{&quot;_ha_eqh_enable&quot;:false}\">\n\t\t\t\t\t\t<div class=\"elementor-container elementor-column-gap-default\">\n\t\t\t\t\t<div class=\"elementor-column elementor-col-100 elementor-top-column elementor-element elementor-element-2d69454\" data-id=\"2d69454\" data-element_type=\"column\">\n\t\t\t<div class=\"elementor-widget-wrap elementor-element-populated\">\n\t\t\t\t\t\t<div class=\"elementor-element elementor-element-91c021b elementor-widget elementor-widget-video\" data-id=\"91c021b\" data-element_type=\"widget\" data-settings=\"{&quot;video_type&quot;:&quot;vimeo&quot;,&quot;autoplay&quot;:&quot;yes&quot;,&quot;play_on_mobile&quot;:&quot;yes&quot;,&quot;loop&quot;:&quot;yes&quot;}\" data-widget_type=\"video.default\">\n\t\t\t\t<div class=\"elementor-widget-container\">\n\t\t\t\t\t<div class=\"elementor-wrapper elementor-open-inline\">\n\t\t\t<iframe class=\"elementor-video-iframe\" allowfullscreen allow=\"autoplay\" title=\"Lecteur vid\u00e9o vimeo\" src=\"https:\/\/player.vimeo.com\/video\/211312318?autoplay=1&amp;playsinline=1&amp;color&amp;autopause=0&amp;loop=1&amp;muted=0&amp;title=0&amp;portrait=0&amp;byline=0#t=\"><\/iframe>\t\t<\/div>\n\t\t\t\t<\/div>\n\t\t\t\t<\/div>\n\t\t\t\t\t<\/div>\n\t\t<\/div>\n\t\t\t\t\t<\/div>\n\t\t<\/section>\n\t\t\t\t<section class=\"elementor-section elementor-top-section elementor-element elementor-element-dd91572 elementor-section-boxed elementor-section-height-default elementor-section-height-default\" data-id=\"dd91572\" data-element_type=\"section\" data-settings=\"{&quot;_ha_eqh_enable&quot;:false}\">\n\t\t\t\t\t\t<div class=\"elementor-container elementor-column-gap-default\">\n\t\t\t\t\t<div class=\"elementor-column elementor-col-100 elementor-top-column elementor-element elementor-element-af29cff\" data-id=\"af29cff\" data-element_type=\"column\">\n\t\t\t<div class=\"elementor-widget-wrap elementor-element-populated\">\n\t\t\t\t\t\t<div class=\"elementor-element elementor-element-2fb58c8 elementor-widget__width-initial elementor-widget elementor-widget-text-editor\" data-id=\"2fb58c8\" data-element_type=\"widget\" data-widget_type=\"text-editor.default\">\n\t\t\t\t<div class=\"elementor-widget-container\">\n\t\t\t\t\t\t\t<p>Cette exp\u00e9rimentation a \u00e9t\u00e9 r\u00e9alis\u00e9e \u00e0 partir de dessins et de traitements d&rsquo;images de s\u00e9quences anim\u00e9es 3D. La meta-malette offre la possibilit\u00e9 d&rsquo;interagir en temps r\u00e9els sur la composition interd\u00e9pendante des sons et des images.<\/p><p>Quelques images de pr\u00e9paration :<br><\/p>\t\t\t\t\t\t<\/div>\n\t\t\t\t<\/div>\n\t\t\t\t\t<\/div>\n\t\t<\/div>\n\t\t\t\t\t<\/div>\n\t\t<\/section>\n\t\t\t\t<section class=\"elementor-section elementor-top-section elementor-element elementor-element-247fa5f elementor-section-boxed elementor-section-height-default elementor-section-height-default\" data-id=\"247fa5f\" data-element_type=\"section\" data-settings=\"{&quot;_ha_eqh_enable&quot;:false}\">\n\t\t\t\t\t\t<div class=\"elementor-container elementor-column-gap-default\">\n\t\t\t\t\t<div class=\"elementor-column elementor-col-100 elementor-top-column elementor-element elementor-element-8e84c93\" data-id=\"8e84c93\" data-element_type=\"column\">\n\t\t\t<div class=\"elementor-widget-wrap elementor-element-populated\">\n\t\t\t\t\t\t<div class=\"elementor-element elementor-element-492aa43 gallery-spacing-custom elementor-widget elementor-widget-image-gallery\" data-id=\"492aa43\" data-element_type=\"widget\" data-widget_type=\"image-gallery.default\">\n\t\t\t\t<div class=\"elementor-widget-container\">\n\t\t\t\t\t<div class=\"elementor-image-gallery\">\n\t\t\t<div id='gallery-1' class='gallery galleryid-411 gallery-columns-4 gallery-size-thumbnail'><figure class='gallery-item'>\n\t\t\t<div class='gallery-icon landscape'>\n\t\t\t\t<a data-elementor-open-lightbox=\"yes\" data-elementor-lightbox-slideshow=\"492aa43\" data-elementor-lightbox-title=\"Venus-FINAL (00166)\" data-e-action-hash=\"#elementor-action%3Aaction%3Dlightbox%26settings%3DeyJpZCI6NDE2LCJ1cmwiOiJodHRwczpcL1wvcGllcnJla3VlbnkuZnJcL3BcL3dwLWNvbnRlbnRcL3VwbG9hZHNcLzIwMjBcLzExXC9WZW51cy1GSU5BTC0wMDE2Ni5qcGciLCJzbGlkZXNob3ciOiI0OTJhYTQzIn0%3D\" href='https:\/\/pierrekueny.fr\/p\/wp-content\/uploads\/2020\/11\/Venus-FINAL-00166.jpg'><img width=\"150\" height=\"150\" src=\"https:\/\/pierrekueny.fr\/p\/wp-content\/uploads\/2020\/11\/Venus-FINAL-00166-150x150.jpg\" class=\"attachment-thumbnail size-thumbnail\" alt=\"\" decoding=\"async\" aria-describedby=\"gallery-1-416\" \/><\/a>\n\t\t\t<\/div>\n\t\t\t\t<figcaption class='wp-caption-text gallery-caption' id='gallery-1-416'>\n\t\t\t\tLa grande venus\n\t\t\t\t<\/figcaption><\/figure><figure class='gallery-item'>\n\t\t\t<div class='gallery-icon landscape'>\n\t\t\t\t<a data-elementor-open-lightbox=\"yes\" data-elementor-lightbox-slideshow=\"492aa43\" data-elementor-lightbox-title=\"Venus-FINAL (00360)\" data-e-action-hash=\"#elementor-action%3Aaction%3Dlightbox%26settings%3DeyJpZCI6NDE3LCJ1cmwiOiJodHRwczpcL1wvcGllcnJla3VlbnkuZnJcL3BcL3dwLWNvbnRlbnRcL3VwbG9hZHNcLzIwMjBcLzExXC9WZW51cy1GSU5BTC0wMDM2MC5qcGciLCJzbGlkZXNob3ciOiI0OTJhYTQzIn0%3D\" href='https:\/\/pierrekueny.fr\/p\/wp-content\/uploads\/2020\/11\/Venus-FINAL-00360.jpg'><img width=\"150\" height=\"150\" src=\"https:\/\/pierrekueny.fr\/p\/wp-content\/uploads\/2020\/11\/Venus-FINAL-00360-150x150.jpg\" class=\"attachment-thumbnail size-thumbnail\" alt=\"\" decoding=\"async\" aria-describedby=\"gallery-1-417\" \/><\/a>\n\t\t\t<\/div>\n\t\t\t\t<figcaption class='wp-caption-text gallery-caption' id='gallery-1-417'>\n\t\t\t\tLa grande venus\n\t\t\t\t<\/figcaption><\/figure><figure class='gallery-item'>\n\t\t\t<div class='gallery-icon landscape'>\n\t\t\t\t<a data-elementor-open-lightbox=\"yes\" data-elementor-lightbox-slideshow=\"492aa43\" data-elementor-lightbox-title=\"Venus-FINAL (01400)\" data-e-action-hash=\"#elementor-action%3Aaction%3Dlightbox%26settings%3DeyJpZCI6NDE5LCJ1cmwiOiJodHRwczpcL1wvcGllcnJla3VlbnkuZnJcL3BcL3dwLWNvbnRlbnRcL3VwbG9hZHNcLzIwMjBcLzExXC9WZW51cy1GSU5BTC0wMTQwMC5qcGciLCJzbGlkZXNob3ciOiI0OTJhYTQzIn0%3D\" href='https:\/\/pierrekueny.fr\/p\/wp-content\/uploads\/2020\/11\/Venus-FINAL-01400.jpg'><img width=\"150\" height=\"150\" src=\"https:\/\/pierrekueny.fr\/p\/wp-content\/uploads\/2020\/11\/Venus-FINAL-01400-150x150.jpg\" class=\"attachment-thumbnail size-thumbnail\" alt=\"\" decoding=\"async\" \/><\/a>\n\t\t\t<\/div><\/figure><figure class='gallery-item'>\n\t\t\t<div class='gallery-icon landscape'>\n\t\t\t\t<a data-elementor-open-lightbox=\"yes\" data-elementor-lightbox-slideshow=\"492aa43\" data-elementor-lightbox-title=\"Venus-FINAL (02126)\" data-e-action-hash=\"#elementor-action%3Aaction%3Dlightbox%26settings%3DeyJpZCI6NDIwLCJ1cmwiOiJodHRwczpcL1wvcGllcnJla3VlbnkuZnJcL3BcL3dwLWNvbnRlbnRcL3VwbG9hZHNcLzIwMjBcLzExXC9WZW51cy1GSU5BTC0wMjEyNi5qcGciLCJzbGlkZXNob3ciOiI0OTJhYTQzIn0%3D\" href='https:\/\/pierrekueny.fr\/p\/wp-content\/uploads\/2020\/11\/Venus-FINAL-02126.jpg'><img loading=\"lazy\" width=\"150\" height=\"150\" src=\"https:\/\/pierrekueny.fr\/p\/wp-content\/uploads\/2020\/11\/Venus-FINAL-02126-150x150.jpg\" class=\"attachment-thumbnail size-thumbnail\" alt=\"\" decoding=\"async\" \/><\/a>\n\t\t\t<\/div><\/figure><figure class='gallery-item'>\n\t\t\t<div class='gallery-icon landscape'>\n\t\t\t\t<a data-elementor-open-lightbox=\"yes\" data-elementor-lightbox-slideshow=\"492aa43\" data-elementor-lightbox-title=\"Venus-FINAL (02926)\" data-e-action-hash=\"#elementor-action%3Aaction%3Dlightbox%26settings%3DeyJpZCI6NDIxLCJ1cmwiOiJodHRwczpcL1wvcGllcnJla3VlbnkuZnJcL3BcL3dwLWNvbnRlbnRcL3VwbG9hZHNcLzIwMjBcLzExXC9WZW51cy1GSU5BTC0wMjkyNi5qcGciLCJzbGlkZXNob3ciOiI0OTJhYTQzIn0%3D\" href='https:\/\/pierrekueny.fr\/p\/wp-content\/uploads\/2020\/11\/Venus-FINAL-02926.jpg'><img loading=\"lazy\" width=\"150\" height=\"150\" src=\"https:\/\/pierrekueny.fr\/p\/wp-content\/uploads\/2020\/11\/Venus-FINAL-02926-150x150.jpg\" class=\"attachment-thumbnail size-thumbnail\" alt=\"\" decoding=\"async\" \/><\/a>\n\t\t\t<\/div><\/figure><figure class='gallery-item'>\n\t\t\t<div class='gallery-icon landscape'>\n\t\t\t\t<a data-elementor-open-lightbox=\"yes\" data-elementor-lightbox-slideshow=\"492aa43\" data-elementor-lightbox-title=\"Venus-FINAL (04074)\" data-e-action-hash=\"#elementor-action%3Aaction%3Dlightbox%26settings%3DeyJpZCI6NDIyLCJ1cmwiOiJodHRwczpcL1wvcGllcnJla3VlbnkuZnJcL3BcL3dwLWNvbnRlbnRcL3VwbG9hZHNcLzIwMjBcLzExXC9WZW51cy1GSU5BTC0wNDA3NC5qcGciLCJzbGlkZXNob3ciOiI0OTJhYTQzIn0%3D\" href='https:\/\/pierrekueny.fr\/p\/wp-content\/uploads\/2020\/11\/Venus-FINAL-04074.jpg'><img loading=\"lazy\" width=\"150\" height=\"150\" src=\"https:\/\/pierrekueny.fr\/p\/wp-content\/uploads\/2020\/11\/Venus-FINAL-04074-150x150.jpg\" class=\"attachment-thumbnail size-thumbnail\" alt=\"\" decoding=\"async\" \/><\/a>\n\t\t\t<\/div><\/figure><figure class='gallery-item'>\n\t\t\t<div class='gallery-icon landscape'>\n\t\t\t\t<a data-elementor-open-lightbox=\"yes\" data-elementor-lightbox-slideshow=\"492aa43\" data-elementor-lightbox-title=\"Venus-FINAL (04577)\" data-e-action-hash=\"#elementor-action%3Aaction%3Dlightbox%26settings%3DeyJpZCI6NDIzLCJ1cmwiOiJodHRwczpcL1wvcGllcnJla3VlbnkuZnJcL3BcL3dwLWNvbnRlbnRcL3VwbG9hZHNcLzIwMjBcLzExXC9WZW51cy1GSU5BTC0wNDU3Ny5qcGciLCJzbGlkZXNob3ciOiI0OTJhYTQzIn0%3D\" href='https:\/\/pierrekueny.fr\/p\/wp-content\/uploads\/2020\/11\/Venus-FINAL-04577.jpg'><img loading=\"lazy\" width=\"150\" height=\"150\" src=\"https:\/\/pierrekueny.fr\/p\/wp-content\/uploads\/2020\/11\/Venus-FINAL-04577-150x150.jpg\" class=\"attachment-thumbnail size-thumbnail\" alt=\"\" decoding=\"async\" \/><\/a>\n\t\t\t<\/div><\/figure><figure class='gallery-item'>\n\t\t\t<div class='gallery-icon landscape'>\n\t\t\t\t<a data-elementor-open-lightbox=\"yes\" data-elementor-lightbox-slideshow=\"492aa43\" data-elementor-lightbox-title=\"Venus-FINAL (04646)\" data-e-action-hash=\"#elementor-action%3Aaction%3Dlightbox%26settings%3DeyJpZCI6NDI0LCJ1cmwiOiJodHRwczpcL1wvcGllcnJla3VlbnkuZnJcL3BcL3dwLWNvbnRlbnRcL3VwbG9hZHNcLzIwMjBcLzExXC9WZW51cy1GSU5BTC0wNDY0Ni5qcGciLCJzbGlkZXNob3ciOiI0OTJhYTQzIn0%3D\" href='https:\/\/pierrekueny.fr\/p\/wp-content\/uploads\/2020\/11\/Venus-FINAL-04646.jpg'><img loading=\"lazy\" width=\"150\" height=\"150\" src=\"https:\/\/pierrekueny.fr\/p\/wp-content\/uploads\/2020\/11\/Venus-FINAL-04646-150x150.jpg\" class=\"attachment-thumbnail size-thumbnail\" alt=\"\" decoding=\"async\" \/><\/a>\n\t\t\t<\/div><\/figure>\n\t\t<\/div>\n\t\t<\/div>\n\t\t\t\t<\/div>\n\t\t\t\t<\/div>\n\t\t\t\t\t<\/div>\n\t\t<\/div>\n\t\t\t\t\t<\/div>\n\t\t<\/section>\n\t\t\t\t<section class=\"elementor-section elementor-top-section elementor-element elementor-element-e841b1c elementor-section-boxed elementor-section-height-default elementor-section-height-default\" data-id=\"e841b1c\" data-element_type=\"section\" data-settings=\"{&quot;_ha_eqh_enable&quot;:false}\">\n\t\t\t\t\t\t<div class=\"elementor-container elementor-column-gap-default\">\n\t\t\t\t\t<div class=\"elementor-column elementor-col-100 elementor-top-column elementor-element elementor-element-392832f\" data-id=\"392832f\" data-element_type=\"column\">\n\t\t\t<div class=\"elementor-widget-wrap elementor-element-populated\">\n\t\t\t\t\t\t<div class=\"elementor-element elementor-element-00be58a elementor-widget elementor-widget-video\" data-id=\"00be58a\" data-element_type=\"widget\" data-settings=\"{&quot;video_type&quot;:&quot;vimeo&quot;,&quot;autoplay&quot;:&quot;yes&quot;,&quot;play_on_mobile&quot;:&quot;yes&quot;,&quot;loop&quot;:&quot;yes&quot;}\" data-widget_type=\"video.default\">\n\t\t\t\t<div class=\"elementor-widget-container\">\n\t\t\t\t\t<div class=\"elementor-wrapper elementor-open-inline\">\n\t\t\t<iframe class=\"elementor-video-iframe\" allowfullscreen allow=\"autoplay\" title=\"Lecteur vid\u00e9o vimeo\" src=\"https:\/\/player.vimeo.com\/video\/227320185?autoplay=1&amp;playsinline=1&amp;color&amp;autopause=0&amp;loop=1&amp;muted=0&amp;title=0&amp;portrait=0&amp;byline=0#t=\"><\/iframe>\t\t<\/div>\n\t\t\t\t<\/div>\n\t\t\t\t<\/div>\n\t\t\t\t\t<\/div>\n\t\t<\/div>\n\t\t\t\t\t<\/div>\n\t\t<\/section>\n\t\t\t\t<\/div>\n\t\t","protected":false},"excerpt":{"rendered":"<p>La grande V\u00e9nus 2018 Exp\u00e9rimentation de mixages interactifs de sons et des images avec \u00a0La&#8230;<\/p>\n<div class=\"more-link-wrapper\"><a class=\"more-link\" href=\"https:\/\/pierrekueny.fr\/p\/la-grande-venus\/\">Read the post<span class=\"screen-reader-text\">La grande V\u00e9nus<\/span><\/a><\/div>\n","protected":false},"author":1,"featured_media":0,"parent":0,"menu_order":0,"comment_status":"closed","ping_status":"closed","template":"elementor_header_footer","meta":[],"_links":{"self":[{"href":"https:\/\/pierrekueny.fr\/p\/wp-json\/wp\/v2\/pages\/411"}],"collection":[{"href":"https:\/\/pierrekueny.fr\/p\/wp-json\/wp\/v2\/pages"}],"about":[{"href":"https:\/\/pierrekueny.fr\/p\/wp-json\/wp\/v2\/types\/page"}],"author":[{"embeddable":true,"href":"https:\/\/pierrekueny.fr\/p\/wp-json\/wp\/v2\/users\/1"}],"replies":[{"embeddable":true,"href":"https:\/\/pierrekueny.fr\/p\/wp-json\/wp\/v2\/comments?post=411"}],"version-history":[{"count":13,"href":"https:\/\/pierrekueny.fr\/p\/wp-json\/wp\/v2\/pages\/411\/revisions"}],"predecessor-version":[{"id":3756,"href":"https:\/\/pierrekueny.fr\/p\/wp-json\/wp\/v2\/pages\/411\/revisions\/3756"}],"wp:attachment":[{"href":"https:\/\/pierrekueny.fr\/p\/wp-json\/wp\/v2\/media?parent=411"}],"curies":[{"name":"wp","href":"https:\/\/api.w.org\/{rel}","templated":true}]}}