{"id":436,"date":"2020-11-07T22:28:09","date_gmt":"2020-11-07T21:28:09","guid":{"rendered":"https:\/\/pierrekueny.fr\/p\/?page_id=436"},"modified":"2025-07-06T18:00:11","modified_gmt":"2025-07-06T16:00:11","slug":"dame-juete","status":"publish","type":"page","link":"https:\/\/pierrekueny.fr\/p\/dame-juete\/","title":{"rendered":"Dame Juete"},"content":{"rendered":"\t\t<div data-elementor-type=\"wp-page\" data-elementor-id=\"436\" class=\"elementor elementor-436\" data-elementor-settings=\"{&quot;ha_cmc_init_switcher&quot;:&quot;no&quot;}\">\n\t\t\t\t\t\t<section class=\"elementor-section elementor-top-section elementor-element elementor-element-342f15d elementor-section-boxed elementor-section-height-default elementor-section-height-default\" data-id=\"342f15d\" data-element_type=\"section\" data-settings=\"{&quot;_ha_eqh_enable&quot;:false}\">\n\t\t\t\t\t\t<div class=\"elementor-container elementor-column-gap-default\">\n\t\t\t\t\t<div class=\"elementor-column elementor-col-100 elementor-top-column elementor-element elementor-element-aca4979\" data-id=\"aca4979\" data-element_type=\"column\">\n\t\t\t<div class=\"elementor-widget-wrap elementor-element-populated\">\n\t\t\t\t\t\t<div class=\"elementor-element elementor-element-66bb109 elementor-widget elementor-widget-heading\" data-id=\"66bb109\" data-element_type=\"widget\" data-widget_type=\"heading.default\">\n\t\t\t\t<div class=\"elementor-widget-container\">\n\t\t\t<h2 class=\"elementor-heading-title elementor-size-default\">La st\u00e8le de dame Juete.\n<br>\nLever de rideau pour la pi\u00e8ce \"Roman Municipal\",<br>\n\nLaurent Vergnaud, Collectif 12, Mantes-la-jolie, 2018.<\/h2>\t\t<\/div>\n\t\t\t\t<\/div>\n\t\t\t\t\t<\/div>\n\t\t<\/div>\n\t\t\t\t\t<\/div>\n\t\t<\/section>\n\t\t\t\t<section class=\"elementor-section elementor-top-section elementor-element elementor-element-3e8f33f elementor-section-boxed elementor-section-height-default elementor-section-height-default\" data-id=\"3e8f33f\" data-element_type=\"section\" data-settings=\"{&quot;_ha_eqh_enable&quot;:false}\">\n\t\t\t\t\t\t<div class=\"elementor-container elementor-column-gap-default\">\n\t\t\t\t\t<div class=\"elementor-column elementor-col-100 elementor-top-column elementor-element elementor-element-2d69454\" data-id=\"2d69454\" data-element_type=\"column\">\n\t\t\t<div class=\"elementor-widget-wrap elementor-element-populated\">\n\t\t\t\t\t\t<div class=\"elementor-element elementor-element-91c021b elementor-widget elementor-widget-video\" data-id=\"91c021b\" data-element_type=\"widget\" data-settings=\"{&quot;video_type&quot;:&quot;vimeo&quot;,&quot;autoplay&quot;:&quot;yes&quot;,&quot;play_on_mobile&quot;:&quot;yes&quot;,&quot;loop&quot;:&quot;yes&quot;}\" data-widget_type=\"video.default\">\n\t\t\t\t<div class=\"elementor-widget-container\">\n\t\t\t\t\t<div class=\"elementor-wrapper elementor-open-inline\">\n\t\t\t<iframe class=\"elementor-video-iframe\" allowfullscreen allow=\"autoplay\" title=\"Lecteur vid\u00e9o vimeo\" src=\"https:\/\/player.vimeo.com\/video\/451065260?autoplay=1&amp;playsinline=1&amp;color&amp;autopause=0&amp;loop=1&amp;muted=0&amp;title=0&amp;portrait=0&amp;byline=0#t=\"><\/iframe>\t\t<\/div>\n\t\t\t\t<\/div>\n\t\t\t\t<\/div>\n\t\t\t\t\t<\/div>\n\t\t<\/div>\n\t\t\t\t\t<\/div>\n\t\t<\/section>\n\t\t\t\t<section class=\"elementor-section elementor-top-section elementor-element elementor-element-a60cf87 elementor-section-boxed elementor-section-height-default elementor-section-height-default\" data-id=\"a60cf87\" data-element_type=\"section\" data-settings=\"{&quot;_ha_eqh_enable&quot;:false}\">\n\t\t\t\t\t\t<div class=\"elementor-container elementor-column-gap-default\">\n\t\t\t\t\t<div class=\"elementor-column elementor-col-100 elementor-top-column elementor-element elementor-element-db23590\" data-id=\"db23590\" data-element_type=\"column\">\n\t\t\t<div class=\"elementor-widget-wrap elementor-element-populated\">\n\t\t\t\t\t\t<div class=\"elementor-element elementor-element-2645418 elementor-widget elementor-widget-text-editor\" data-id=\"2645418\" data-element_type=\"widget\" data-widget_type=\"text-editor.default\">\n\t\t\t\t<div class=\"elementor-widget-container\">\n\t\t\t\t\t\t\t<p>Le mus\u00e9e municipal de la ville de Mantes-la-Jolie poss\u00e8de des st\u00e8les juives du XIIIe si\u00e8cle. Laurent Vergnaud introduit dans sa pi\u00e8ce l&rsquo;histoire de Dame Juliette dont cette st\u00e8le rappelle le souvenir. Au fur et \u00e0 mesure du d\u00e9roulement de la pi\u00e8ce, une imprimante 3D donne forme \u00e0 cette st\u00e8le.<\/p><p>Pour r\u00e9aliser cette impression, il a d&rsquo;abord \u00e9t\u00e9 n\u00e9cessaire d&rsquo;effectuer un relev\u00e9 en photogramm\u00e9trie de la st\u00e8le puis de r\u00e9aliser un mod\u00e8le 3D.<\/p><p>Ce lever de rideau r\u00e9sume ( a sa mani\u00e8re) ces \u00e9tapes !<\/p><p>( Logiciels utilis\u00e9s : MicMac du Cerema, CloudCompare, AutodeskMaya, Adobe After effects)\u00a0<\/p><p><em>(Cette cr\u00e9ation th\u00e9\u00e2trale s&rsquo;inscrit dans le projet PALIMPSESTE, Arpentage urbanistique et historique, organis\u00e9 par le service du patrimoine de l&rsquo;Ile de France, le CAUE78 et la DRAC Ile de France)<\/em><\/p>\t\t\t\t\t\t<\/div>\n\t\t\t\t<\/div>\n\t\t\t\t\t<\/div>\n\t\t<\/div>\n\t\t\t\t\t<\/div>\n\t\t<\/section>\n\t\t\t\t<section class=\"elementor-section elementor-top-section elementor-element elementor-element-07f617d elementor-section-boxed elementor-section-height-default elementor-section-height-default\" data-id=\"07f617d\" data-element_type=\"section\" data-settings=\"{&quot;_ha_eqh_enable&quot;:false}\">\n\t\t\t\t\t\t<div class=\"elementor-container elementor-column-gap-default\">\n\t\t\t\t\t<div class=\"elementor-column elementor-col-100 elementor-top-column elementor-element elementor-element-c7d8728\" data-id=\"c7d8728\" data-element_type=\"column\">\n\t\t\t<div class=\"elementor-widget-wrap elementor-element-populated\">\n\t\t\t\t\t\t<div class=\"elementor-element elementor-element-21b2e9f gallery-spacing-custom elementor-widget elementor-widget-image-gallery\" data-id=\"21b2e9f\" data-element_type=\"widget\" data-widget_type=\"image-gallery.default\">\n\t\t\t\t<div class=\"elementor-widget-container\">\n\t\t\t\t\t<div class=\"elementor-image-gallery\">\n\t\t\t<div id='gallery-1' class='gallery galleryid-436 gallery-columns-4 gallery-size-large'><figure class='gallery-item'>\n\t\t\t<div class='gallery-icon portrait'>\n\t\t\t\t<a data-elementor-open-lightbox=\"yes\" data-elementor-lightbox-slideshow=\"21b2e9f\" data-elementor-lightbox-title=\"roman1-717x1024\" data-e-action-hash=\"#elementor-action%3Aaction%3Dlightbox%26settings%3DeyJpZCI6MzAwLCJ1cmwiOiJodHRwczpcL1wvcGllcnJla3VlbnkuZnJcL3BcL3dwLWNvbnRlbnRcL3VwbG9hZHNcLzIwMjBcLzExXC9yb21hbjEtNzE3eDEwMjQtMS5qcGciLCJzbGlkZXNob3ciOiIyMWIyZTlmIn0%3D\" href='https:\/\/pierrekueny.fr\/p\/wp-content\/uploads\/2020\/11\/roman1-717x1024-1.jpg'><img fetchpriority=\"high\" width=\"717\" height=\"1024\" src=\"https:\/\/pierrekueny.fr\/p\/wp-content\/uploads\/2020\/11\/roman1-717x1024-1.jpg\" class=\"attachment-large size-large\" alt=\"\" decoding=\"async\" srcset=\"https:\/\/pierrekueny.fr\/p\/wp-content\/uploads\/2020\/11\/roman1-717x1024-1.jpg 717w, https:\/\/pierrekueny.fr\/p\/wp-content\/uploads\/2020\/11\/roman1-717x1024-1-210x300.jpg 210w\" sizes=\"(max-width: 717px) 100vw, 717px\" \/><\/a>\n\t\t\t<\/div><\/figure><figure class='gallery-item'>\n\t\t\t<div class='gallery-icon portrait'>\n\t\t\t\t<a data-elementor-open-lightbox=\"yes\" data-elementor-lightbox-slideshow=\"21b2e9f\" data-elementor-lightbox-title=\"roman2-724x1024\" data-e-action-hash=\"#elementor-action%3Aaction%3Dlightbox%26settings%3DeyJpZCI6MzAyLCJ1cmwiOiJodHRwczpcL1wvcGllcnJla3VlbnkuZnJcL3BcL3dwLWNvbnRlbnRcL3VwbG9hZHNcLzIwMjBcLzExXC9yb21hbjItNzI0eDEwMjQtMS5qcGciLCJzbGlkZXNob3ciOiIyMWIyZTlmIn0%3D\" href='https:\/\/pierrekueny.fr\/p\/wp-content\/uploads\/2020\/11\/roman2-724x1024-1.jpg'><img width=\"724\" height=\"1024\" src=\"https:\/\/pierrekueny.fr\/p\/wp-content\/uploads\/2020\/11\/roman2-724x1024-1.jpg\" class=\"attachment-large size-large\" alt=\"\" decoding=\"async\" srcset=\"https:\/\/pierrekueny.fr\/p\/wp-content\/uploads\/2020\/11\/roman2-724x1024-1.jpg 724w, https:\/\/pierrekueny.fr\/p\/wp-content\/uploads\/2020\/11\/roman2-724x1024-1-212x300.jpg 212w\" sizes=\"(max-width: 724px) 100vw, 724px\" \/><\/a>\n\t\t\t<\/div><\/figure><figure class='gallery-item'>\n\t\t\t<div class='gallery-icon landscape'>\n\t\t\t\t<a data-elementor-open-lightbox=\"yes\" data-elementor-lightbox-slideshow=\"21b2e9f\" data-elementor-lightbox-title=\"roman3-1024x769\" data-e-action-hash=\"#elementor-action%3Aaction%3Dlightbox%26settings%3DeyJpZCI6MzA0LCJ1cmwiOiJodHRwczpcL1wvcGllcnJla3VlbnkuZnJcL3BcL3dwLWNvbnRlbnRcL3VwbG9hZHNcLzIwMjBcLzExXC9yb21hbjMtMTAyNHg3NjktMS5qcGciLCJzbGlkZXNob3ciOiIyMWIyZTlmIn0%3D\" href='https:\/\/pierrekueny.fr\/p\/wp-content\/uploads\/2020\/11\/roman3-1024x769-1.jpg'><img width=\"1024\" height=\"769\" src=\"https:\/\/pierrekueny.fr\/p\/wp-content\/uploads\/2020\/11\/roman3-1024x769-1.jpg\" class=\"attachment-large size-large\" alt=\"\" decoding=\"async\" srcset=\"https:\/\/pierrekueny.fr\/p\/wp-content\/uploads\/2020\/11\/roman3-1024x769-1.jpg 1024w, https:\/\/pierrekueny.fr\/p\/wp-content\/uploads\/2020\/11\/roman3-1024x769-1-300x225.jpg 300w, https:\/\/pierrekueny.fr\/p\/wp-content\/uploads\/2020\/11\/roman3-1024x769-1-768x577.jpg 768w\" sizes=\"(max-width: 1024px) 100vw, 1024px\" \/><\/a>\n\t\t\t<\/div><\/figure><figure class='gallery-item'>\n\t\t\t<div class='gallery-icon portrait'>\n\t\t\t\t<a data-elementor-open-lightbox=\"yes\" data-elementor-lightbox-slideshow=\"21b2e9f\" data-elementor-lightbox-title=\"roman4-773x1024-773x1024\" data-e-action-hash=\"#elementor-action%3Aaction%3Dlightbox%26settings%3DeyJpZCI6MzA3LCJ1cmwiOiJodHRwczpcL1wvcGllcnJla3VlbnkuZnJcL3BcL3dwLWNvbnRlbnRcL3VwbG9hZHNcLzIwMjBcLzExXC9yb21hbjQtNzczeDEwMjQtNzczeDEwMjQtMS5qcGciLCJzbGlkZXNob3ciOiIyMWIyZTlmIn0%3D\" href='https:\/\/pierrekueny.fr\/p\/wp-content\/uploads\/2020\/11\/roman4-773x1024-773x1024-1.jpg'><img loading=\"lazy\" width=\"773\" height=\"1024\" src=\"https:\/\/pierrekueny.fr\/p\/wp-content\/uploads\/2020\/11\/roman4-773x1024-773x1024-1.jpg\" class=\"attachment-large size-large\" alt=\"\" decoding=\"async\" srcset=\"https:\/\/pierrekueny.fr\/p\/wp-content\/uploads\/2020\/11\/roman4-773x1024-773x1024-1.jpg 773w, https:\/\/pierrekueny.fr\/p\/wp-content\/uploads\/2020\/11\/roman4-773x1024-773x1024-1-226x300.jpg 226w, https:\/\/pierrekueny.fr\/p\/wp-content\/uploads\/2020\/11\/roman4-773x1024-773x1024-1-768x1017.jpg 768w, https:\/\/pierrekueny.fr\/p\/wp-content\/uploads\/2020\/11\/roman4-773x1024-773x1024-1-250x330.jpg 250w\" sizes=\"(max-width: 773px) 100vw, 773px\" \/><\/a>\n\t\t\t<\/div><\/figure>\n\t\t<\/div>\n\t\t<\/div>\n\t\t\t\t<\/div>\n\t\t\t\t<\/div>\n\t\t\t\t\t<\/div>\n\t\t<\/div>\n\t\t\t\t\t<\/div>\n\t\t<\/section>\n\t\t\t\t<\/div>\n\t\t","protected":false},"excerpt":{"rendered":"<p>La st\u00e8le de dame Juete. Lever de rideau pour la pi\u00e8ce \u00ab\u00a0Roman Municipal\u00a0\u00bb, Laurent Vergnaud,&#8230;<\/p>\n<div class=\"more-link-wrapper\"><a class=\"more-link\" href=\"https:\/\/pierrekueny.fr\/p\/dame-juete\/\">Read the post<span class=\"screen-reader-text\">Dame Juete<\/span><\/a><\/div>\n","protected":false},"author":1,"featured_media":0,"parent":0,"menu_order":0,"comment_status":"closed","ping_status":"closed","template":"elementor_header_footer","meta":[],"_links":{"self":[{"href":"https:\/\/pierrekueny.fr\/p\/wp-json\/wp\/v2\/pages\/436"}],"collection":[{"href":"https:\/\/pierrekueny.fr\/p\/wp-json\/wp\/v2\/pages"}],"about":[{"href":"https:\/\/pierrekueny.fr\/p\/wp-json\/wp\/v2\/types\/page"}],"author":[{"embeddable":true,"href":"https:\/\/pierrekueny.fr\/p\/wp-json\/wp\/v2\/users\/1"}],"replies":[{"embeddable":true,"href":"https:\/\/pierrekueny.fr\/p\/wp-json\/wp\/v2\/comments?post=436"}],"version-history":[{"count":22,"href":"https:\/\/pierrekueny.fr\/p\/wp-json\/wp\/v2\/pages\/436\/revisions"}],"predecessor-version":[{"id":3759,"href":"https:\/\/pierrekueny.fr\/p\/wp-json\/wp\/v2\/pages\/436\/revisions\/3759"}],"wp:attachment":[{"href":"https:\/\/pierrekueny.fr\/p\/wp-json\/wp\/v2\/media?parent=436"}],"curies":[{"name":"wp","href":"https:\/\/api.w.org\/{rel}","templated":true}]}}